{"id":357065,"date":"2026-01-23T15:29:10","date_gmt":"2026-01-23T12:29:10","guid":{"rendered":"https:\/\/vbd.dev.sumena.ee\/?post_type=product&#038;p=357065"},"modified":"2026-02-11T22:34:14","modified_gmt":"2026-02-11T19:34:14","slug":"puhastuskreem-cif-clean-boost-cream-pink-660g","status":"publish","type":"product","link":"https:\/\/vbd.dev.sumena.ee\/en\/product-2\/puhastuskreem-cif-clean-boost-cream-pink-660g\/","title":{"rendered":"Puhastuskreem Cif Clean Boost Cream Pink 660g"},"content":{"rendered":"<p><strong data-start=\"87\" data-end=\"117\">Cif Clean Boost Cream Pink<\/strong> on mitmek\u00fclgne ja t\u00f5hus kreempuhastusvahend, mis on loodud tugevate plekkide ja mustuse eemaldamiseks erinevatelt pindadelt.<br data-start=\"242\" data-end=\"245\" \/>Selle v\u00f5imas koostis puhastab, eemaldab t\u00f5rksa mustuse ja taastab s\u00e4ra, j\u00e4ttes pinnad puhtaks ja v\u00e4rskeks.<br data-start=\"351\" data-end=\"354\" \/>Roosa variant pakub meeldivat l\u00f5hna ning tagab s\u00fcgavpuhastuse k\u00f6\u00f6gis, vannitoas ja teistes ruumides.<br data-start=\"454\" data-end=\"457\" data-is-only-node=\"\" \/>Ohutu enamiku pindade jaoks \u2013 ideaalne igap\u00e4evaseks kasutamiseks ja aitab hoida kodu s\u00e4ravpuhtana.<\/p>","protected":false},"excerpt":{"rendered":"<p>Cif Clean Boost Cream Pink on mitmek\u00fclgne ja t\u00f5hus kreempuhastusvahend, mis on loodud tugevate plekkide ja mustuse eemaldamiseks erinevatelt pindadelt.Selle v\u00f5imas koostis puhastab, eemaldab t\u00f5rksa mustuse ja taastab s\u00e4ra, j\u00e4ttes pinnad puhtaks ja v\u00e4rskeks.Roosa variant pakub meeldivat l\u00f5hna ning tagab s\u00fcgavpuhastuse k\u00f6\u00f6gis, vannitoas ja teistes ruumides.Ohutu enamiku pindade jaoks \u2013 ideaalne igap\u00e4evaseks kasutamiseks ja aitab [&hellip;]<\/p>","protected":false},"featured_media":357068,"comment_status":"open","ping_status":"closed","template":"","meta":{"_acf_changed":false},"product_brand":[],"product_cat":[185,88],"product_tag":[],"class_list":{"0":"post-357065","1":"product","2":"type-product","3":"status-publish","4":"has-post-thumbnail","6":"product_cat-puhastus-ja-koristusvahendid","7":"product_cat-tarbekaubad-tooted","9":"first","10":"instock","11":"sale","12":"taxable","13":"shipping-taxable","14":"purchasable","15":"product-type-simple"},"supplier_id":null,"supplier_sku":"","barcode":null,"atum_controlled":true,"out_stock_date":null,"out_stock_threshold":null,"inheritable":false,"inbound_stock":0,"stock_on_hold":2,"sold_today":0,"sales_last_days":41,"reserved_stock":0,"customer_returns":0,"warehouse_damage":0,"lost_in_post":0,"other_logs":0,"out_stock_days":0,"lost_sales":0,"has_location":false,"update_date":"2026-02-12T15:46:21","atum_locations":[],"atum_stock_status":"instock","restock_status":true,"low_stock_amount":"","sales_update_date":"2026-02-12T15:46:12","calc_backorders":null,"acf":[],"_links":{"self":[{"href":"https:\/\/vbd.dev.sumena.ee\/en\/wp-json\/wp\/v2\/product\/357065","targetHints":{"allow":["GET"]}}],"collection":[{"href":"https:\/\/vbd.dev.sumena.ee\/en\/wp-json\/wp\/v2\/product"}],"about":[{"href":"https:\/\/vbd.dev.sumena.ee\/en\/wp-json\/wp\/v2\/types\/product"}],"replies":[{"embeddable":true,"href":"https:\/\/vbd.dev.sumena.ee\/en\/wp-json\/wp\/v2\/comments?post=357065"}],"wp:featuredmedia":[{"embeddable":true,"href":"https:\/\/vbd.dev.sumena.ee\/en\/wp-json\/wp\/v2\/media\/357068"}],"wp:attachment":[{"href":"https:\/\/vbd.dev.sumena.ee\/en\/wp-json\/wp\/v2\/media?parent=357065"}],"wp:term":[{"taxonomy":"product_brand","embeddable":true,"href":"https:\/\/vbd.dev.sumena.ee\/en\/wp-json\/wp\/v2\/product_brand?post=357065"},{"taxonomy":"product_cat","embeddable":true,"href":"https:\/\/vbd.dev.sumena.ee\/en\/wp-json\/wp\/v2\/product_cat?post=357065"},{"taxonomy":"product_tag","embeddable":true,"href":"https:\/\/vbd.dev.sumena.ee\/en\/wp-json\/wp\/v2\/product_tag?post=357065"}],"curies":[{"name":"wp","href":"https:\/\/api.w.org\/{rel}","templated":true}]}}