{"id":357060,"date":"2026-01-23T15:21:11","date_gmt":"2026-01-23T12:21:11","guid":{"rendered":"https:\/\/vbd.dev.sumena.ee\/?post_type=product&#038;p=357060"},"modified":"2026-02-06T23:26:33","modified_gmt":"2026-02-06T20:26:33","slug":"puhastuskreem-lemon-cream-cif-660ml","status":"publish","type":"product","link":"https:\/\/vbd.dev.sumena.ee\/en\/product-2\/puhastuskreem-lemon-cream-cif-660ml\/","title":{"rendered":"Puhastuskreem Lemon Cream, CIF, 660ml"},"content":{"rendered":"<p>Cif Lemon mikrokristallidega puhastuskreem. Ettevaatusabin\u00f5ud: Puhastusvahend k\u00f5vadele pindadele. Mitte alla neelata. Ei sobi linoleumi, naha, vaipade, tekstiili, kodumasinatel olevate kirjade ja s\u00fcmbolite puhastamiseks. V\u00e4ltida pikemat kokkupuudet v\u00e4rvitud pindade ja alumiiniumiga. \u00d5rnade pindade ja materjalide, uute v\u00f5i ebatavaliste, v\u00e4rvitud pindade ja alumiiniumpindade puhul testige toodet esialgu m\u00e4rkamatul kohal, p\u00e4rast kasutamist loputage toode koheselt maha ning v\u00e4ltige tugevat h\u00f5\u00f5rumist.<\/p>","protected":false},"excerpt":{"rendered":"<p>Cif Lemon mikrokristallidega puhastuskreem. Ettevaatusabin\u00f5ud: Puhastusvahend k\u00f5vadele pindadele. Mitte alla neelata. Ei sobi linoleumi, naha, vaipade, tekstiili, kodumasinatel olevate kirjade ja s\u00fcmbolite puhastamiseks. V\u00e4ltida pikemat kokkupuudet v\u00e4rvitud pindade ja alumiiniumiga. \u00d5rnade pindade ja materjalide, uute v\u00f5i ebatavaliste, v\u00e4rvitud pindade ja alumiiniumpindade puhul testige toodet esialgu m\u00e4rkamatul kohal, p\u00e4rast kasutamist loputage toode koheselt maha ning v\u00e4ltige [&hellip;]<\/p>","protected":false},"featured_media":357062,"comment_status":"open","ping_status":"closed","template":"","meta":{"_acf_changed":false},"product_brand":[],"product_cat":[185,88],"product_tag":[],"class_list":{"0":"post-357060","1":"product","2":"type-product","3":"status-publish","4":"has-post-thumbnail","6":"product_cat-puhastus-ja-koristusvahendid","7":"product_cat-tarbekaubad-tooted","9":"first","10":"instock","11":"sale","12":"taxable","13":"shipping-taxable","14":"purchasable","15":"product-type-simple"},"supplier_id":null,"supplier_sku":"","barcode":null,"atum_controlled":true,"out_stock_date":null,"out_stock_threshold":null,"inheritable":false,"inbound_stock":0,"stock_on_hold":0,"sold_today":0,"sales_last_days":18,"reserved_stock":0,"customer_returns":0,"warehouse_damage":0,"lost_in_post":0,"other_logs":0,"out_stock_days":0,"lost_sales":0,"has_location":false,"update_date":"2026-02-09T17:06:12","atum_locations":[],"atum_stock_status":"instock","restock_status":false,"low_stock_amount":"","sales_update_date":"2026-02-09T17:06:04","calc_backorders":null,"acf":[],"_links":{"self":[{"href":"https:\/\/vbd.dev.sumena.ee\/en\/wp-json\/wp\/v2\/product\/357060","targetHints":{"allow":["GET"]}}],"collection":[{"href":"https:\/\/vbd.dev.sumena.ee\/en\/wp-json\/wp\/v2\/product"}],"about":[{"href":"https:\/\/vbd.dev.sumena.ee\/en\/wp-json\/wp\/v2\/types\/product"}],"replies":[{"embeddable":true,"href":"https:\/\/vbd.dev.sumena.ee\/en\/wp-json\/wp\/v2\/comments?post=357060"}],"wp:featuredmedia":[{"embeddable":true,"href":"https:\/\/vbd.dev.sumena.ee\/en\/wp-json\/wp\/v2\/media\/357062"}],"wp:attachment":[{"href":"https:\/\/vbd.dev.sumena.ee\/en\/wp-json\/wp\/v2\/media?parent=357060"}],"wp:term":[{"taxonomy":"product_brand","embeddable":true,"href":"https:\/\/vbd.dev.sumena.ee\/en\/wp-json\/wp\/v2\/product_brand?post=357060"},{"taxonomy":"product_cat","embeddable":true,"href":"https:\/\/vbd.dev.sumena.ee\/en\/wp-json\/wp\/v2\/product_cat?post=357060"},{"taxonomy":"product_tag","embeddable":true,"href":"https:\/\/vbd.dev.sumena.ee\/en\/wp-json\/wp\/v2\/product_tag?post=357060"}],"curies":[{"name":"wp","href":"https:\/\/api.w.org\/{rel}","templated":true}]}}