{"id":357056,"date":"2026-01-23T15:12:34","date_gmt":"2026-01-23T12:12:34","guid":{"rendered":"https:\/\/vbd.dev.sumena.ee\/?post_type=product&#038;p=357056"},"modified":"2026-02-07T10:01:30","modified_gmt":"2026-02-07T07:01:30","slug":"puhastuskreem-cif-white-660g","status":"publish","type":"product","link":"https:\/\/vbd.dev.sumena.ee\/en\/product-2\/puhastuskreem-cif-white-660g\/","title":{"rendered":"Puhastuskreem Cif White 660g"},"content":{"rendered":"<div class=\"main-content col-lg-9\">\n<div id=\"primary\" class=\"content-area\"><main id=\"content\" class=\"site-main\"><\/p>\n<div id=\"product-5114\" class=\"product type-product post-5114 status-publish first instock product_cat-muu product_cat-puhastusvahendid product_cat-tarbekaup has-post-thumbnail taxable shipping-taxable purchasable product-type-simple product-layout-default\">\n<div id=\"product-tab\" class=\"woocommerce-tabs woocommerce-tabs-6lwhbfuh resp-htabs\">\n<div class=\"resp-tabs-container\">\n<div id=\"tab-description\" class=\"tab-content resp-tab-content resp-tab-content-active\" aria-labelledby=\"tab_item-0\">\n<p>Kreem mikrokristallidega- Eemaldab kergesti igasuguse majapidamises tekkinud mustuse.<\/p>\n<\/div>\n<\/div>\n<\/div>\n<\/div>\n<p><\/main><\/div>\n<\/div>\n<div class=\"col-lg-3 sidebar porto-woo-product-sidebar left-sidebar mobile-sidebar\">\n<div class=\"pin-wrapper\">\n<div class=\"sticky-active sticky-absolute sticky-transition\" data-plugin-sticky=\"\" data-plugin-options=\"{&quot;autoInit&quot;: true, &quot;minWidth&quot;: 992, &quot;containerSelector&quot;: &quot;.main-content-wrap&quot;,&quot;autoFit&quot;:true, &quot;paddingOffsetBottom&quot;: 10}\">\n<div class=\"sidebar-content\">Puhastusvahend k\u00f5vadele pindadele. Mitte alla neelata. Ei sobi linoleumi, naha, vaipade, tekstiili, kodumasinatel olevate kirjade ja s\u00fcmbolite puhastamiseks. V\u00e4ltida pikemat kokkupuudet v\u00e4rvitud pindade ja alumiiniumiga. \u00d5rnade pindade ja materjalide, uute v\u00f5i ebatavaliste, v\u00e4rvitud pindade ja alumiiniumpindade puhul testige toodet esialgu m\u00e4rkamatul kohal, p\u00e4rast kasutamist loputage toode koheselt maha ning v\u00e4ltige tugevat h\u00f5\u00f5rumist.<\/div>\n<\/div>\n<\/div>\n<\/div>","protected":false},"excerpt":{"rendered":"<p>Kreem mikrokristallidega- Eemaldab kergesti igasuguse majapidamises tekkinud mustuse. Puhastusvahend k\u00f5vadele pindadele. Mitte alla neelata. Ei sobi linoleumi, naha, vaipade, tekstiili, kodumasinatel olevate kirjade ja s\u00fcmbolite puhastamiseks. V\u00e4ltida pikemat kokkupuudet v\u00e4rvitud pindade ja alumiiniumiga. \u00d5rnade pindade ja materjalide, uute v\u00f5i ebatavaliste, v\u00e4rvitud pindade ja alumiiniumpindade puhul testige toodet esialgu m\u00e4rkamatul kohal, p\u00e4rast kasutamist loputage toode koheselt [&hellip;]<\/p>","protected":false},"featured_media":357058,"comment_status":"open","ping_status":"closed","template":"","meta":{"_acf_changed":false},"product_brand":[],"product_cat":[185,88],"product_tag":[],"class_list":{"0":"post-357056","1":"product","2":"type-product","3":"status-publish","4":"has-post-thumbnail","6":"product_cat-puhastus-ja-koristusvahendid","7":"product_cat-tarbekaubad-tooted","9":"first","10":"instock","11":"sale","12":"taxable","13":"shipping-taxable","14":"purchasable","15":"product-type-simple"},"supplier_id":null,"supplier_sku":"","barcode":null,"atum_controlled":true,"out_stock_date":null,"out_stock_threshold":null,"inheritable":false,"inbound_stock":0,"stock_on_hold":0,"sold_today":0,"sales_last_days":4,"reserved_stock":0,"customer_returns":0,"warehouse_damage":0,"lost_in_post":0,"other_logs":0,"out_stock_days":0,"lost_sales":0,"has_location":false,"update_date":"2026-02-09T08:34:26","atum_locations":[],"atum_stock_status":"instock","restock_status":false,"low_stock_amount":"","sales_update_date":"2026-02-09T08:34:22","calc_backorders":null,"acf":[],"_links":{"self":[{"href":"https:\/\/vbd.dev.sumena.ee\/en\/wp-json\/wp\/v2\/product\/357056","targetHints":{"allow":["GET"]}}],"collection":[{"href":"https:\/\/vbd.dev.sumena.ee\/en\/wp-json\/wp\/v2\/product"}],"about":[{"href":"https:\/\/vbd.dev.sumena.ee\/en\/wp-json\/wp\/v2\/types\/product"}],"replies":[{"embeddable":true,"href":"https:\/\/vbd.dev.sumena.ee\/en\/wp-json\/wp\/v2\/comments?post=357056"}],"wp:featuredmedia":[{"embeddable":true,"href":"https:\/\/vbd.dev.sumena.ee\/en\/wp-json\/wp\/v2\/media\/357058"}],"wp:attachment":[{"href":"https:\/\/vbd.dev.sumena.ee\/en\/wp-json\/wp\/v2\/media?parent=357056"}],"wp:term":[{"taxonomy":"product_brand","embeddable":true,"href":"https:\/\/vbd.dev.sumena.ee\/en\/wp-json\/wp\/v2\/product_brand?post=357056"},{"taxonomy":"product_cat","embeddable":true,"href":"https:\/\/vbd.dev.sumena.ee\/en\/wp-json\/wp\/v2\/product_cat?post=357056"},{"taxonomy":"product_tag","embeddable":true,"href":"https:\/\/vbd.dev.sumena.ee\/en\/wp-json\/wp\/v2\/product_tag?post=357056"}],"curies":[{"name":"wp","href":"https:\/\/api.w.org\/{rel}","templated":true}]}}