{"id":357023,"date":"2026-01-24T12:11:22","date_gmt":"2026-01-24T09:11:22","guid":{"rendered":"https:\/\/vbd.dev.sumena.ee\/?post_type=product&#038;p=357023"},"modified":"2026-02-12T16:37:23","modified_gmt":"2026-02-12T13:37:23","slug":"kommikarp-pure-sokolaaditruhvel-mustsostra-120g","status":"publish","type":"product","link":"https:\/\/vbd.dev.sumena.ee\/en\/product-2\/kommikarp-pure-sokolaaditruhvel-mustsostra-120g\/","title":{"rendered":"Kommikarp Pure \u0161okolaaditr\u00fchvel musts\u00f5stra 120g"},"content":{"rendered":"<p><strong>Ingredients:<\/strong> Suhkur, T\u00c4ISPIIMAPULBER, kakaov\u00f5i, taime\u00f5li (palmi, shea), KONDENSPIIM, kakaomass, gl\u00fckoosi-fruktoosisiirup, L\u00d5SSIPULBER, musts\u00f5strap\u00fcree 1,5 %, kuivatatud musts\u00f5strad 0,8 %, emulgaator (SOJALETSITIIN), et\u00fc\u00fclalkohol, l\u00f5hna &#8211; ja maitseained, looduslik vanilli l\u00f5hna- ja maitseaine. Piima\u00f0okolaad (55 %) minimaalne kakaosisaldus 32 %, minimaalne piimasisaldus 21 %. V\u00f5ib sisaldada P\u00c4HKLITE j\u00e4\u00e4ke, GLUTEENI.<\/p>","protected":false},"excerpt":{"rendered":"<p>Koostisosad: Suhkur, T\u00c4ISPIIMAPULBER, kakaov\u00f5i, taime\u00f5li (palmi, shea), KONDENSPIIM, kakaomass, gl\u00fckoosi-fruktoosisiirup, L\u00d5SSIPULBER, musts\u00f5strap\u00fcree 1,5 %, kuivatatud musts\u00f5strad 0,8 %, emulgaator (SOJALETSITIIN), et\u00fc\u00fclalkohol, l\u00f5hna &#8211; ja maitseained, looduslik vanilli l\u00f5hna- ja maitseaine. Piima\u00f0okolaad (55 %) minimaalne kakaosisaldus 32 %, minimaalne piimasisaldus 21 %. V\u00f5ib sisaldada P\u00c4HKLITE j\u00e4\u00e4ke, GLUTEENI.<\/p>","protected":false},"featured_media":357025,"comment_status":"open","ping_status":"closed","template":"","meta":{"_acf_changed":false},"product_brand":[],"product_cat":[77,78],"product_tag":[],"class_list":{"0":"post-357023","1":"product","2":"type-product","3":"status-publish","4":"has-post-thumbnail","6":"product_cat-maiustused","7":"product_cat-kommid","9":"first","10":"instock","11":"sale","12":"taxable","13":"shipping-taxable","14":"purchasable","15":"product-type-simple"},"supplier_id":null,"supplier_sku":"","barcode":null,"atum_controlled":true,"out_stock_date":null,"out_stock_threshold":null,"inheritable":false,"inbound_stock":0,"stock_on_hold":3,"sold_today":13,"sales_last_days":105,"reserved_stock":0,"customer_returns":0,"warehouse_damage":0,"lost_in_post":0,"other_logs":0,"out_stock_days":0,"lost_sales":0,"has_location":false,"update_date":"2026-02-12T15:28:19","atum_locations":[],"atum_stock_status":"instock","restock_status":true,"low_stock_amount":"","sales_update_date":"2026-02-12T15:28:10","calc_backorders":null,"acf":[],"_links":{"self":[{"href":"https:\/\/vbd.dev.sumena.ee\/en\/wp-json\/wp\/v2\/product\/357023","targetHints":{"allow":["GET"]}}],"collection":[{"href":"https:\/\/vbd.dev.sumena.ee\/en\/wp-json\/wp\/v2\/product"}],"about":[{"href":"https:\/\/vbd.dev.sumena.ee\/en\/wp-json\/wp\/v2\/types\/product"}],"replies":[{"embeddable":true,"href":"https:\/\/vbd.dev.sumena.ee\/en\/wp-json\/wp\/v2\/comments?post=357023"}],"wp:featuredmedia":[{"embeddable":true,"href":"https:\/\/vbd.dev.sumena.ee\/en\/wp-json\/wp\/v2\/media\/357025"}],"wp:attachment":[{"href":"https:\/\/vbd.dev.sumena.ee\/en\/wp-json\/wp\/v2\/media?parent=357023"}],"wp:term":[{"taxonomy":"product_brand","embeddable":true,"href":"https:\/\/vbd.dev.sumena.ee\/en\/wp-json\/wp\/v2\/product_brand?post=357023"},{"taxonomy":"product_cat","embeddable":true,"href":"https:\/\/vbd.dev.sumena.ee\/en\/wp-json\/wp\/v2\/product_cat?post=357023"},{"taxonomy":"product_tag","embeddable":true,"href":"https:\/\/vbd.dev.sumena.ee\/en\/wp-json\/wp\/v2\/product_tag?post=357023"}],"curies":[{"name":"wp","href":"https:\/\/api.w.org\/{rel}","templated":true}]}}