{"id":356764,"date":"2026-01-22T21:41:28","date_gmt":"2026-01-22T18:41:28","guid":{"rendered":"https:\/\/vbd.dev.sumena.ee\/?post_type=product&#038;p=356764"},"modified":"2026-02-12T13:32:54","modified_gmt":"2026-02-12T10:32:54","slug":"pesuvahendi-lehed-dr-beckmann-sensitive-cotton-fresh-25tk","status":"publish","type":"product","link":"https:\/\/vbd.dev.sumena.ee\/en\/product-2\/pesuvahendi-lehed-dr-beckmann-sensitive-cotton-fresh-25tk\/","title":{"rendered":"Pesuvahendi lehed Dr.Beckmann Sensitive Cotton Fresh 25tk"},"content":{"rendered":"<p>Pesuvahendi lehed on lihtne viis mugavalt ja s\u00e4\u00e4stvalt pesu pesemiseks. Toode on disainitud \u00f6koloogilise jalaj\u00e4lje minimeerimiseks. Pesuvahendi lehtedel on kuni 90% v\u00e4iksem kaal kui tavalistel pesuvahenditel ning veevaba koostisega. Magic Leaves Sensitive on \u00f5rna ja meeldiva Fresh Cotton puuvillal\u00f5hnaga. Toode on rikastatud loodusliku Aloe Vera ekstraktiga. Pesuvahendi leht sisaldab v\u00e4ga konts entreeritud biolagunevaid pesuaineid ja lahustub pesus veega kokkupuutel t\u00e4ielikult. \u00dcks vees lahustuv leht tagab s\u00fcgava puhtuse ise gi madalatel temperatuuridel, alates 20\u00b0C temperatuurist. Sobib kasutamiseks ka l\u00fchikeste pesut\u00fcklitega ja k\u00e4sipesul. \u2022 100% aktiivs ed koostisosad, pole lisatud tarbetuid lisaaineid \u2022 100% veeslahutuv koostis \u2022 0% j\u00e4\u00e4kaineid \u2022 0% s\u00e4ilitusaineid ja v\u00e4rvaineid \u2022 Sob ib ka tundlikule ja allergilisele nahale \u2022 Toode on l\u00e4binud kvaliteeditestid, saanud allergias\u00f5braliku toote tunnustuse \u2022 Veevaba ko ostis \u2022 Mikroplasti ja s\u00e4ilitusainete vaba \u2022 T\u00e4pne doseerimine v\u00e4ldib<\/p>\n<p>&nbsp;<\/p>","protected":false},"excerpt":{"rendered":"<p>Pesuvahendi lehed on lihtne viis mugavalt ja s\u00e4\u00e4stvalt pesu pesemiseks. Toode on disainitud \u00f6koloogilise jalaj\u00e4lje minimeerimiseks. Pesuvahendi lehtedel on kuni 90% v\u00e4iksem kaal kui tavalistel pesuvahenditel ning veevaba koostisega. Magic Leaves Sensitive on \u00f5rna ja meeldiva Fresh Cotton puuvillal\u00f5hnaga. Toode on rikastatud loodusliku Aloe Vera ekstraktiga. Pesuvahendi leht sisaldab v\u00e4ga konts entreeritud biolagunevaid pesuaineid ja [&hellip;]<\/p>","protected":false},"featured_media":356767,"comment_status":"open","ping_status":"closed","template":"","meta":{"_acf_changed":false},"product_brand":[],"product_cat":[185,88],"product_tag":[],"class_list":{"0":"post-356764","1":"product","2":"type-product","3":"status-publish","4":"has-post-thumbnail","6":"product_cat-puhastus-ja-koristusvahendid","7":"product_cat-tarbekaubad-tooted","9":"first","10":"instock","11":"sale","12":"taxable","13":"shipping-taxable","14":"purchasable","15":"product-type-simple"},"supplier_id":null,"supplier_sku":"","barcode":null,"atum_controlled":true,"out_stock_date":null,"out_stock_threshold":null,"inheritable":false,"inbound_stock":0,"stock_on_hold":2,"sold_today":6,"sales_last_days":25,"reserved_stock":0,"customer_returns":0,"warehouse_damage":0,"lost_in_post":0,"other_logs":0,"out_stock_days":0,"lost_sales":0,"has_location":false,"update_date":"2026-02-12T13:20:29","atum_locations":[],"atum_stock_status":"instock","restock_status":false,"low_stock_amount":"","sales_update_date":"2026-02-12T13:20:20","calc_backorders":null,"acf":[],"_links":{"self":[{"href":"https:\/\/vbd.dev.sumena.ee\/en\/wp-json\/wp\/v2\/product\/356764","targetHints":{"allow":["GET"]}}],"collection":[{"href":"https:\/\/vbd.dev.sumena.ee\/en\/wp-json\/wp\/v2\/product"}],"about":[{"href":"https:\/\/vbd.dev.sumena.ee\/en\/wp-json\/wp\/v2\/types\/product"}],"replies":[{"embeddable":true,"href":"https:\/\/vbd.dev.sumena.ee\/en\/wp-json\/wp\/v2\/comments?post=356764"}],"wp:featuredmedia":[{"embeddable":true,"href":"https:\/\/vbd.dev.sumena.ee\/en\/wp-json\/wp\/v2\/media\/356767"}],"wp:attachment":[{"href":"https:\/\/vbd.dev.sumena.ee\/en\/wp-json\/wp\/v2\/media?parent=356764"}],"wp:term":[{"taxonomy":"product_brand","embeddable":true,"href":"https:\/\/vbd.dev.sumena.ee\/en\/wp-json\/wp\/v2\/product_brand?post=356764"},{"taxonomy":"product_cat","embeddable":true,"href":"https:\/\/vbd.dev.sumena.ee\/en\/wp-json\/wp\/v2\/product_cat?post=356764"},{"taxonomy":"product_tag","embeddable":true,"href":"https:\/\/vbd.dev.sumena.ee\/en\/wp-json\/wp\/v2\/product_tag?post=356764"}],"curies":[{"name":"wp","href":"https:\/\/api.w.org\/{rel}","templated":true}]}}