{"id":356762,"date":"2026-01-22T21:37:49","date_gmt":"2026-01-22T18:37:49","guid":{"rendered":"https:\/\/vbd.dev.sumena.ee\/?post_type=product&#038;p=356762"},"modified":"2026-02-12T13:32:54","modified_gmt":"2026-02-12T10:32:54","slug":"pesuvahendi-lehed-magic-leaves-color-dr-beckmann-25tk","status":"publish","type":"product","link":"https:\/\/vbd.dev.sumena.ee\/en\/product-2\/pesuvahendi-lehed-magic-leaves-color-dr-beckmann-25tk\/","title":{"rendered":"Pesuvahendi lehed Magic Leaves Color, DR. BECKMANN, 25tk"},"content":{"rendered":"<p>Pesupesuvahendi leht sisaldab v\u00e4ga kontsentreeritud biolagunevaid pesuaineid ja lahustub pesus veega kokkupuutel t\u00e4ielikult. \u00dcks vees lahustuv leht tagab s\u00fcgava puhtuse ja s\u00e4rava v\u00e4rskuse \u2013 isegi madalatel temperatuuridel. Pesemine pole kunagi olnud lihtsam: lihtsalt lisage \u00fcks leht pesutrumlisse ja alustage pesuts\u00fckliga. \u00dclimalt kerge ja kompaktne pakend, mida on lihtne kaasas kanda, lihtne kasutada ja hoiustada. Ei sisalda mikroplasti, vegan.<\/p>\n<p>Pesumasin: 1. Pange leht otse trumlisse. 2. T\u00e4itke trummel pesuga kuni 4,5 kg, suurema pesukoguse puhul lisage trumlisse 1,5-2 lehte. 3. Alustage teile sobivat pesuts\u00fcklit. K\u00e4sipesu: 1. Lahustage pool lehte 4 liitris soojas v\u00f5i k\u00fclmas vees. 2. Lisage pesu ja peske k\u00e4sitsi (kuni 2,5 kg). 3. Loputage p\u00f5hjalikult veega. Doseerimise soovitus: V\u00e4ga tugevalt m\u00e4\u00e4rdunud riiete v\u00f5i kareda vee puhul kasutage 2 pesuvahendi lehte. Vee kareduse saate teada kohalikult veetarnijalt.<\/p>","protected":false},"excerpt":{"rendered":"<p>Pesupesuvahendi leht sisaldab v\u00e4ga kontsentreeritud biolagunevaid pesuaineid ja lahustub pesus veega kokkupuutel t\u00e4ielikult. \u00dcks vees lahustuv leht tagab s\u00fcgava puhtuse ja s\u00e4rava v\u00e4rskuse \u2013 isegi madalatel temperatuuridel. Pesemine pole kunagi olnud lihtsam: lihtsalt lisage \u00fcks leht pesutrumlisse ja alustage pesuts\u00fckliga. \u00dclimalt kerge ja kompaktne pakend, mida on lihtne kaasas kanda, lihtne kasutada ja hoiustada. Ei [&hellip;]<\/p>","protected":false},"featured_media":356763,"comment_status":"open","ping_status":"closed","template":"","meta":{"_acf_changed":false},"product_brand":[],"product_cat":[185,88],"product_tag":[],"class_list":{"0":"post-356762","1":"product","2":"type-product","3":"status-publish","4":"has-post-thumbnail","6":"product_cat-puhastus-ja-koristusvahendid","7":"product_cat-tarbekaubad-tooted","9":"first","10":"instock","11":"sale","12":"taxable","13":"shipping-taxable","14":"purchasable","15":"product-type-simple"},"supplier_id":null,"supplier_sku":"","barcode":null,"atum_controlled":true,"out_stock_date":null,"out_stock_threshold":null,"inheritable":false,"inbound_stock":0,"stock_on_hold":1,"sold_today":5,"sales_last_days":27,"reserved_stock":0,"customer_returns":0,"warehouse_damage":0,"lost_in_post":0,"other_logs":0,"out_stock_days":0,"lost_sales":0,"has_location":false,"update_date":"2026-02-12T13:20:38","atum_locations":[],"atum_stock_status":"instock","restock_status":false,"low_stock_amount":"","sales_update_date":"2026-02-12T13:20:29","calc_backorders":null,"acf":[],"_links":{"self":[{"href":"https:\/\/vbd.dev.sumena.ee\/en\/wp-json\/wp\/v2\/product\/356762","targetHints":{"allow":["GET"]}}],"collection":[{"href":"https:\/\/vbd.dev.sumena.ee\/en\/wp-json\/wp\/v2\/product"}],"about":[{"href":"https:\/\/vbd.dev.sumena.ee\/en\/wp-json\/wp\/v2\/types\/product"}],"replies":[{"embeddable":true,"href":"https:\/\/vbd.dev.sumena.ee\/en\/wp-json\/wp\/v2\/comments?post=356762"}],"wp:featuredmedia":[{"embeddable":true,"href":"https:\/\/vbd.dev.sumena.ee\/en\/wp-json\/wp\/v2\/media\/356763"}],"wp:attachment":[{"href":"https:\/\/vbd.dev.sumena.ee\/en\/wp-json\/wp\/v2\/media?parent=356762"}],"wp:term":[{"taxonomy":"product_brand","embeddable":true,"href":"https:\/\/vbd.dev.sumena.ee\/en\/wp-json\/wp\/v2\/product_brand?post=356762"},{"taxonomy":"product_cat","embeddable":true,"href":"https:\/\/vbd.dev.sumena.ee\/en\/wp-json\/wp\/v2\/product_cat?post=356762"},{"taxonomy":"product_tag","embeddable":true,"href":"https:\/\/vbd.dev.sumena.ee\/en\/wp-json\/wp\/v2\/product_tag?post=356762"}],"curies":[{"name":"wp","href":"https:\/\/api.w.org\/{rel}","templated":true}]}}