{"id":356746,"date":"2026-02-02T21:36:17","date_gmt":"2026-02-02T18:36:17","guid":{"rendered":"https:\/\/vbd.dev.sumena.ee\/?post_type=product&#038;p=356746"},"modified":"2026-02-12T15:52:33","modified_gmt":"2026-02-12T12:52:33","slug":"croissant-monmio-maasikakreemi-taidisega-45g","status":"publish","type":"product","link":"https:\/\/vbd.dev.sumena.ee\/en\/product-2\/croissant-monmio-maasikakreemi-taidisega-45g\/","title":{"rendered":"Croissant MONMIO maasikakreemi t\u00e4idisega 45g"},"content":{"rendered":"<p>Koostis:<\/p>\n<p>nisujahu, \u201cmaasikakreemi\u201d t\u00e4idis (32 %) (t\u00e4rklissiirup, \u00f5unap\u00fcree, suhkur, modifitseeritud maisit\u00e4rklis, maasikap\u00fcree (0,5 %), happesuse regulaator: sidrunhape, naturaalsed v\u00e4rvid (kontsentreeritud mustjuure mahl, beeta-karoteen), l\u00f5hna- ja maitseaine, s\u00e4ilitusaine kaaliumsorbaat), margariin (rafineeritud pleegitatud desodoreeritud taime\u00f5lid ja-rasvad: palmi\u00f5li ja selle fraktsioonid muutuvas vahekorras, vesi, emulgaatorid (destilleeritud monogl\u00fctseriid, pol\u00fcgl\u00fctserooli eeter, pol\u00fcoks\u00fcet\u00fcleen (20) sorbitaanmonooleaat, p\u00e4evalille letsitiin), sool, happesuse regulaator sidrunhape, l\u00f5hna- ja maitseaine, toiduv\u00e4rv beetakaroteen), fruktoosisiirup, niiskuses\u00e4ilitaja gl\u00fctserool, pressitud p\u00e4rm, vesi, sool, k\u00fcpsetuslisand, kuiv nisugluteen, \u00e4\u00e4dikas, emulgaatorid sojaletsitiin, s\u00e4ilitusaine (kaltsiumpropionaat, sorbiinhape), l\u00f5hna-ja maitseaine. S\u00e4ilitamise tingimused: hoida temperatuuril (18\u00b13)\u00b0c suhtelise \u00f5huniiskusega mitte \u00fcle 75%. Tootjamaa: Ukraina.<\/p>","protected":false},"excerpt":{"rendered":"<p>Koostis: nisujahu, \u201cmaasikakreemi\u201d t\u00e4idis (32 %) (t\u00e4rklissiirup, \u00f5unap\u00fcree, suhkur, modifitseeritud maisit\u00e4rklis, maasikap\u00fcree (0,5 %), happesuse regulaator: sidrunhape, naturaalsed v\u00e4rvid (kontsentreeritud mustjuure mahl, beeta-karoteen), l\u00f5hna- ja maitseaine, s\u00e4ilitusaine kaaliumsorbaat), margariin (rafineeritud pleegitatud desodoreeritud taime\u00f5lid ja-rasvad: palmi\u00f5li ja selle fraktsioonid muutuvas vahekorras, vesi, emulgaatorid (destilleeritud monogl\u00fctseriid, pol\u00fcgl\u00fctserooli eeter, pol\u00fcoks\u00fcet\u00fcleen (20) sorbitaanmonooleaat, p\u00e4evalille letsitiin), sool, happesuse regulaator sidrunhape, [&hellip;]<\/p>","protected":false},"featured_media":356747,"comment_status":"open","ping_status":"closed","template":"","meta":{"_acf_changed":false},"product_brand":[],"product_cat":[87,77,80,82],"product_tag":[],"class_list":{"0":"post-356746","1":"product","2":"type-product","3":"status-publish","4":"has-post-thumbnail","6":"product_cat-meie-lemmikud","7":"product_cat-maiustused","8":"product_cat-snakid","9":"product_cat-muu-hea","11":"first","12":"instock","13":"sale","14":"taxable","15":"shipping-taxable","16":"purchasable","17":"product-type-simple"},"supplier_id":null,"supplier_sku":"","barcode":null,"atum_controlled":true,"out_stock_date":null,"out_stock_threshold":null,"inheritable":false,"inbound_stock":0,"stock_on_hold":116,"sold_today":99,"sales_last_days":1422,"reserved_stock":0,"customer_returns":0,"warehouse_damage":0,"lost_in_post":0,"other_logs":0,"out_stock_days":0,"lost_sales":0,"has_location":false,"update_date":"2026-02-12T15:29:55","atum_locations":[],"atum_stock_status":"instock","restock_status":true,"low_stock_amount":"","sales_update_date":"2026-02-12T15:29:46","calc_backorders":null,"acf":[],"_links":{"self":[{"href":"https:\/\/vbd.dev.sumena.ee\/en\/wp-json\/wp\/v2\/product\/356746","targetHints":{"allow":["GET"]}}],"collection":[{"href":"https:\/\/vbd.dev.sumena.ee\/en\/wp-json\/wp\/v2\/product"}],"about":[{"href":"https:\/\/vbd.dev.sumena.ee\/en\/wp-json\/wp\/v2\/types\/product"}],"replies":[{"embeddable":true,"href":"https:\/\/vbd.dev.sumena.ee\/en\/wp-json\/wp\/v2\/comments?post=356746"}],"wp:featuredmedia":[{"embeddable":true,"href":"https:\/\/vbd.dev.sumena.ee\/en\/wp-json\/wp\/v2\/media\/356747"}],"wp:attachment":[{"href":"https:\/\/vbd.dev.sumena.ee\/en\/wp-json\/wp\/v2\/media?parent=356746"}],"wp:term":[{"taxonomy":"product_brand","embeddable":true,"href":"https:\/\/vbd.dev.sumena.ee\/en\/wp-json\/wp\/v2\/product_brand?post=356746"},{"taxonomy":"product_cat","embeddable":true,"href":"https:\/\/vbd.dev.sumena.ee\/en\/wp-json\/wp\/v2\/product_cat?post=356746"},{"taxonomy":"product_tag","embeddable":true,"href":"https:\/\/vbd.dev.sumena.ee\/en\/wp-json\/wp\/v2\/product_tag?post=356746"}],"curies":[{"name":"wp","href":"https:\/\/api.w.org\/{rel}","templated":true}]}}