{"id":356720,"date":"2026-01-22T18:50:38","date_gmt":"2026-01-22T15:50:38","guid":{"rendered":"https:\/\/vbd.dev.sumena.ee\/?post_type=product&#038;p=356720"},"modified":"2026-02-12T18:23:19","modified_gmt":"2026-02-12T15:23:19","slug":"ohukesed-piparkoogisudamed-eesti-pagar-180g","status":"publish","type":"product","link":"https:\/\/vbd.dev.sumena.ee\/en\/product-2\/ohukesed-piparkoogisudamed-eesti-pagar-180g\/","title":{"rendered":"\u00d5hukesed piparkoogis\u00fcdamed EESTI PAGAR 180g"},"content":{"rendered":"<p>NISUJAHU, margariin (taimsed \u00f5lid (palm, raps), vesi, emulgaatorid: E471, rapsi letsitiin; sool, toiduv\u00e4rv: E160a; l\u00f5hna- ja maitseaine), suhkur, pruun suhkur (suhkur, suhkruroomelass), invertsiirup (suhkur, vesi, happesuse regulaatorid: sidrunhape, E500), kaneel, nelk, kergitusaine: E500; sool, ingver, toiduv\u00e4rv: E160a. V\u00f5ib sisaldada muna, piima, maap\u00e4hkli, p\u00e4hkli, soja ja seesamiseemnete osakesi.<\/p>","protected":false},"excerpt":{"rendered":"<p>NISUJAHU, margariin (taimsed \u00f5lid (palm, raps), vesi, emulgaatorid: E471, rapsi letsitiin; sool, toiduv\u00e4rv: E160a; l\u00f5hna- ja maitseaine), suhkur, pruun suhkur (suhkur, suhkruroomelass), invertsiirup (suhkur, vesi, happesuse regulaatorid: sidrunhape, E500), kaneel, nelk, kergitusaine: E500; sool, ingver, toiduv\u00e4rv: E160a. V\u00f5ib sisaldada muna, piima, maap\u00e4hkli, p\u00e4hkli, soja ja seesamiseemnete osakesi.<\/p>","protected":false},"featured_media":356721,"comment_status":"open","ping_status":"closed","template":"","meta":{"_acf_changed":false},"product_brand":[],"product_cat":[117,77,80],"product_tag":[],"class_list":{"0":"post-356720","1":"product","2":"type-product","3":"status-publish","4":"has-post-thumbnail","6":"product_cat-kupsised","7":"product_cat-maiustused","8":"product_cat-snakid","10":"first","11":"instock","12":"sale","13":"taxable","14":"shipping-taxable","15":"purchasable","16":"product-type-simple"},"supplier_id":null,"supplier_sku":"","barcode":null,"atum_controlled":true,"out_stock_date":null,"out_stock_threshold":null,"inheritable":false,"inbound_stock":0,"stock_on_hold":29,"sold_today":31,"sales_last_days":667,"reserved_stock":0,"customer_returns":0,"warehouse_damage":0,"lost_in_post":0,"other_logs":0,"out_stock_days":0,"lost_sales":0,"has_location":false,"update_date":"2026-02-12T15:30:32","atum_locations":[],"atum_stock_status":"instock","restock_status":false,"low_stock_amount":"","sales_update_date":"2026-02-12T15:30:23","calc_backorders":null,"acf":[],"_links":{"self":[{"href":"https:\/\/vbd.dev.sumena.ee\/en\/wp-json\/wp\/v2\/product\/356720","targetHints":{"allow":["GET"]}}],"collection":[{"href":"https:\/\/vbd.dev.sumena.ee\/en\/wp-json\/wp\/v2\/product"}],"about":[{"href":"https:\/\/vbd.dev.sumena.ee\/en\/wp-json\/wp\/v2\/types\/product"}],"replies":[{"embeddable":true,"href":"https:\/\/vbd.dev.sumena.ee\/en\/wp-json\/wp\/v2\/comments?post=356720"}],"wp:featuredmedia":[{"embeddable":true,"href":"https:\/\/vbd.dev.sumena.ee\/en\/wp-json\/wp\/v2\/media\/356721"}],"wp:attachment":[{"href":"https:\/\/vbd.dev.sumena.ee\/en\/wp-json\/wp\/v2\/media?parent=356720"}],"wp:term":[{"taxonomy":"product_brand","embeddable":true,"href":"https:\/\/vbd.dev.sumena.ee\/en\/wp-json\/wp\/v2\/product_brand?post=356720"},{"taxonomy":"product_cat","embeddable":true,"href":"https:\/\/vbd.dev.sumena.ee\/en\/wp-json\/wp\/v2\/product_cat?post=356720"},{"taxonomy":"product_tag","embeddable":true,"href":"https:\/\/vbd.dev.sumena.ee\/en\/wp-json\/wp\/v2\/product_tag?post=356720"}],"curies":[{"name":"wp","href":"https:\/\/api.w.org\/{rel}","templated":true}]}}