{"id":356039,"date":"2026-01-21T18:49:01","date_gmt":"2026-01-21T15:49:01","guid":{"rendered":"https:\/\/vbd.dev.sumena.ee\/?post_type=product&#038;p=356039"},"modified":"2026-02-12T15:27:55","modified_gmt":"2026-02-12T12:27:55","slug":"kaste-askania-mango-chilli-200g","status":"publish","type":"product","link":"https:\/\/vbd.dev.sumena.ee\/en\/product-2\/kaste-askania-mango-chilli-200g\/","title":{"rendered":"Kaste Askania Mango Chilli 200g"},"content":{"rendered":"<h2 class=\"font-light text-xl mb-3\">Koostisosad<\/h2>\n<div class=\"text-sm\">Joogivesi, suhkur, tomatipasta, happesuse regulaator \u00e4\u00e4dikhape, mangop\u00fcree 3%, paksendajad (modifitseeritud t\u00e4rklis, ksantaankummi, guarkummi), magus paprika, lauasool, kuivatatud k\u00f6\u00f6giviljad ja v\u00fcrtsid (sisaldab t\u0161illipipart 0,1%), s\u00e4ilitusaine kaaliumsorbaat, v\u00e4rvaine E160a, paprikaekstrakt, piri-piri ekstrakt.* Toote koostisosade loetelu v\u00f5ib muutuda. Kontrollige enne toote tarbimist pakendil esitatud koostisosi.<\/div>","protected":false},"excerpt":{"rendered":"<p>Koostisosad Joogivesi, suhkur, tomatipasta, happesuse regulaator \u00e4\u00e4dikhape, mangop\u00fcree 3%, paksendajad (modifitseeritud t\u00e4rklis, ksantaankummi, guarkummi), magus paprika, lauasool, kuivatatud k\u00f6\u00f6giviljad ja v\u00fcrtsid (sisaldab t\u0161illipipart 0,1%), s\u00e4ilitusaine kaaliumsorbaat, v\u00e4rvaine E160a, paprikaekstrakt, piri-piri ekstrakt.* Toote koostisosade loetelu v\u00f5ib muutuda. Kontrollige enne toote tarbimist pakendil esitatud koostisosi.<\/p>","protected":false},"featured_media":356042,"comment_status":"open","ping_status":"closed","template":"","meta":{"_acf_changed":false},"product_brand":[],"product_cat":[83],"product_tag":[],"class_list":{"0":"post-356039","1":"product","2":"type-product","3":"status-publish","4":"has-post-thumbnail","6":"product_cat-kastmed-olid","8":"first","9":"instock","10":"sale","11":"taxable","12":"shipping-taxable","13":"purchasable","14":"product-type-simple"},"supplier_id":null,"supplier_sku":"","barcode":null,"atum_controlled":true,"out_stock_date":null,"out_stock_threshold":null,"inheritable":false,"inbound_stock":0,"stock_on_hold":6,"sold_today":2,"sales_last_days":213,"reserved_stock":0,"customer_returns":0,"warehouse_damage":0,"lost_in_post":0,"other_logs":0,"out_stock_days":0,"lost_sales":0,"has_location":false,"update_date":"2026-02-12T12:29:55","atum_locations":[],"atum_stock_status":"instock","restock_status":true,"low_stock_amount":"","sales_update_date":"2026-02-12T12:29:46","calc_backorders":null,"acf":[],"_links":{"self":[{"href":"https:\/\/vbd.dev.sumena.ee\/en\/wp-json\/wp\/v2\/product\/356039","targetHints":{"allow":["GET"]}}],"collection":[{"href":"https:\/\/vbd.dev.sumena.ee\/en\/wp-json\/wp\/v2\/product"}],"about":[{"href":"https:\/\/vbd.dev.sumena.ee\/en\/wp-json\/wp\/v2\/types\/product"}],"replies":[{"embeddable":true,"href":"https:\/\/vbd.dev.sumena.ee\/en\/wp-json\/wp\/v2\/comments?post=356039"}],"wp:featuredmedia":[{"embeddable":true,"href":"https:\/\/vbd.dev.sumena.ee\/en\/wp-json\/wp\/v2\/media\/356042"}],"wp:attachment":[{"href":"https:\/\/vbd.dev.sumena.ee\/en\/wp-json\/wp\/v2\/media?parent=356039"}],"wp:term":[{"taxonomy":"product_brand","embeddable":true,"href":"https:\/\/vbd.dev.sumena.ee\/en\/wp-json\/wp\/v2\/product_brand?post=356039"},{"taxonomy":"product_cat","embeddable":true,"href":"https:\/\/vbd.dev.sumena.ee\/en\/wp-json\/wp\/v2\/product_cat?post=356039"},{"taxonomy":"product_tag","embeddable":true,"href":"https:\/\/vbd.dev.sumena.ee\/en\/wp-json\/wp\/v2\/product_tag?post=356039"}],"curies":[{"name":"wp","href":"https:\/\/api.w.org\/{rel}","templated":true}]}}