{"id":355450,"date":"2026-01-19T21:14:20","date_gmt":"2026-01-19T18:14:20","guid":{"rendered":"https:\/\/vbd.dev.sumena.ee\/?post_type=product&#038;p=355450"},"modified":"2026-02-12T12:02:31","modified_gmt":"2026-02-12T09:02:31","slug":"uldpuhastusvahend-mayeri-grapefruit-lime-mint-herbal-500ml","status":"publish","type":"product","link":"https:\/\/vbd.dev.sumena.ee\/en\/product-2\/uldpuhastusvahend-mayeri-grapefruit-lime-mint-herbal-500ml\/","title":{"rendered":"\u00dcldpuhastusvahend Mayeri Grapefruit &#038; Lime + Mint herbal 500ml"},"content":{"rendered":"<p>\u00dcldpuhastusvahendi kontsentraat k\u00f5ikide vett-taluvate pindade (puit, marmor, keraamilised pinnad, v\u00e4rvitud, lakitud, kahhel, fajanss, plastik,\u2026<\/p>\n<h4 class=\"izDEqE llpRim gZSiXk kvXNxI lgoqEg fygOE ijAptY\">Koostisosad<\/h4>\n<div class=\"sc-ce819573-2 kdA-Djm\">\n<p>&lt;(&gt;&lt;&lt;)&gt;5% amfoteersed pindaktiivsed ained, &lt;(&gt;&lt;&lt;)&gt;5% mitteioonsed pindaktiivsed ained, fenoks\u00fcetanool, l\u00f5hnaaine<\/p>\n<\/div>","protected":false},"excerpt":{"rendered":"<p>\u00dcldpuhastusvahendi kontsentraat k\u00f5ikide vett-taluvate pindade (puit, marmor, keraamilised pinnad, v\u00e4rvitud, lakitud, kahhel, fajanss, plastik,\u2026 Koostisosad &lt;(&gt;&lt;&lt;)&gt;5% amfoteersed pindaktiivsed ained, &lt;(&gt;&lt;&lt;)&gt;5% mitteioonsed pindaktiivsed ained, fenoks\u00fcetanool, l\u00f5hnaaine<\/p>","protected":false},"featured_media":355455,"comment_status":"open","ping_status":"closed","template":"","meta":{"_acf_changed":false},"product_brand":[],"product_cat":[185,88],"product_tag":[],"class_list":{"0":"post-355450","1":"product","2":"type-product","3":"status-publish","4":"has-post-thumbnail","6":"product_cat-puhastus-ja-koristusvahendid","7":"product_cat-tarbekaubad-tooted","9":"first","10":"instock","11":"sale","12":"taxable","13":"shipping-taxable","14":"purchasable","15":"product-type-simple"},"supplier_id":null,"supplier_sku":"","barcode":null,"atum_controlled":true,"out_stock_date":null,"out_stock_threshold":null,"inheritable":false,"inbound_stock":0,"stock_on_hold":0,"sold_today":1,"sales_last_days":99,"reserved_stock":0,"customer_returns":0,"warehouse_damage":0,"lost_in_post":0,"other_logs":0,"out_stock_days":0,"lost_sales":0,"has_location":false,"update_date":"2026-02-12T15:23:05","atum_locations":[],"atum_stock_status":"instock","restock_status":false,"low_stock_amount":"","sales_update_date":"2026-02-12T15:22:55","calc_backorders":null,"acf":[],"_links":{"self":[{"href":"https:\/\/vbd.dev.sumena.ee\/en\/wp-json\/wp\/v2\/product\/355450","targetHints":{"allow":["GET"]}}],"collection":[{"href":"https:\/\/vbd.dev.sumena.ee\/en\/wp-json\/wp\/v2\/product"}],"about":[{"href":"https:\/\/vbd.dev.sumena.ee\/en\/wp-json\/wp\/v2\/types\/product"}],"replies":[{"embeddable":true,"href":"https:\/\/vbd.dev.sumena.ee\/en\/wp-json\/wp\/v2\/comments?post=355450"}],"wp:featuredmedia":[{"embeddable":true,"href":"https:\/\/vbd.dev.sumena.ee\/en\/wp-json\/wp\/v2\/media\/355455"}],"wp:attachment":[{"href":"https:\/\/vbd.dev.sumena.ee\/en\/wp-json\/wp\/v2\/media?parent=355450"}],"wp:term":[{"taxonomy":"product_brand","embeddable":true,"href":"https:\/\/vbd.dev.sumena.ee\/en\/wp-json\/wp\/v2\/product_brand?post=355450"},{"taxonomy":"product_cat","embeddable":true,"href":"https:\/\/vbd.dev.sumena.ee\/en\/wp-json\/wp\/v2\/product_cat?post=355450"},{"taxonomy":"product_tag","embeddable":true,"href":"https:\/\/vbd.dev.sumena.ee\/en\/wp-json\/wp\/v2\/product_tag?post=355450"}],"curies":[{"name":"wp","href":"https:\/\/api.w.org\/{rel}","templated":true}]}}