{"id":355406,"date":"2026-01-19T19:55:20","date_gmt":"2026-01-19T16:55:20","guid":{"rendered":"https:\/\/vbd.dev.sumena.ee\/?post_type=product&#038;p=355406"},"modified":"2026-02-12T18:41:51","modified_gmt":"2026-02-12T15:41:51","slug":"maisikropsud-takis-intense-nacho-100g","status":"publish","type":"product","link":"https:\/\/vbd.dev.sumena.ee\/en\/product-2\/maisikropsud-takis-intense-nacho-100g\/","title":{"rendered":"Maisikr\u00f5psud TAKIS Intense Nacho, 100g"},"content":{"rendered":"<p>Koostis:<\/p>\n<p>Maisijahu (p\u00e4ritoluriik \u2013 EL), taimne rasv (palmi), juustumaitselised v\u00fcrtsid (maltodekstriin, VADAKUpulber, sool, juustu v\u00fcrtsid (JUUST (0,4%)*, PIIMA kuivained, taimerasv (palmi), sool), v\u00fcrtsid, l\u00f5hna- ja maitsetugevdajad (E621, E635), l\u00f5hna- ja maitseained, tomatipulber, suhkur, KREEM pulber, happesuse regulaator (E296), toiduv\u00e4rvid (E160c, E160b), taime\u00f5li (rapsiseemned), antioks\u00fcdant (E307)), taime\u00f5li (p\u00e4evalill). *L\u00f5pptootes. V\u00f5ib sisaldada SOJA ja GLUTEENI j\u00e4lgi.<\/p>","protected":false},"excerpt":{"rendered":"<p>Koostis: Maisijahu (p\u00e4ritoluriik \u2013 EL), taimne rasv (palmi), juustumaitselised v\u00fcrtsid (maltodekstriin, VADAKUpulber, sool, juustu v\u00fcrtsid (JUUST (0,4%)*, PIIMA kuivained, taimerasv (palmi), sool), v\u00fcrtsid, l\u00f5hna- ja maitsetugevdajad (E621, E635), l\u00f5hna- ja maitseained, tomatipulber, suhkur, KREEM pulber, happesuse regulaator (E296), toiduv\u00e4rvid (E160c, E160b), taime\u00f5li (rapsiseemned), antioks\u00fcdant (E307)), taime\u00f5li (p\u00e4evalill). *L\u00f5pptootes. V\u00f5ib sisaldada SOJA ja GLUTEENI j\u00e4lgi.<\/p>","protected":false},"featured_media":355446,"comment_status":"open","ping_status":"closed","template":"","meta":{"_acf_changed":false},"product_brand":[],"product_cat":[80,81],"product_tag":[],"class_list":{"0":"post-355406","1":"product","2":"type-product","3":"status-publish","4":"has-post-thumbnail","6":"product_cat-snakid","7":"product_cat-kropsud","9":"first","10":"instock","11":"sale","12":"taxable","13":"shipping-taxable","14":"purchasable","15":"product-type-simple"},"supplier_id":null,"supplier_sku":"","barcode":null,"atum_controlled":true,"out_stock_date":null,"out_stock_threshold":null,"inheritable":false,"inbound_stock":0,"stock_on_hold":164,"sold_today":185,"sales_last_days":2541,"reserved_stock":0,"customer_returns":0,"warehouse_damage":0,"lost_in_post":0,"other_logs":0,"out_stock_days":0,"lost_sales":0,"has_location":false,"update_date":"2026-02-12T15:48:35","atum_locations":[],"atum_stock_status":"instock","restock_status":true,"low_stock_amount":"","sales_update_date":"2026-02-12T15:48:27","calc_backorders":null,"acf":[],"_links":{"self":[{"href":"https:\/\/vbd.dev.sumena.ee\/en\/wp-json\/wp\/v2\/product\/355406","targetHints":{"allow":["GET"]}}],"collection":[{"href":"https:\/\/vbd.dev.sumena.ee\/en\/wp-json\/wp\/v2\/product"}],"about":[{"href":"https:\/\/vbd.dev.sumena.ee\/en\/wp-json\/wp\/v2\/types\/product"}],"replies":[{"embeddable":true,"href":"https:\/\/vbd.dev.sumena.ee\/en\/wp-json\/wp\/v2\/comments?post=355406"}],"wp:featuredmedia":[{"embeddable":true,"href":"https:\/\/vbd.dev.sumena.ee\/en\/wp-json\/wp\/v2\/media\/355446"}],"wp:attachment":[{"href":"https:\/\/vbd.dev.sumena.ee\/en\/wp-json\/wp\/v2\/media?parent=355406"}],"wp:term":[{"taxonomy":"product_brand","embeddable":true,"href":"https:\/\/vbd.dev.sumena.ee\/en\/wp-json\/wp\/v2\/product_brand?post=355406"},{"taxonomy":"product_cat","embeddable":true,"href":"https:\/\/vbd.dev.sumena.ee\/en\/wp-json\/wp\/v2\/product_cat?post=355406"},{"taxonomy":"product_tag","embeddable":true,"href":"https:\/\/vbd.dev.sumena.ee\/en\/wp-json\/wp\/v2\/product_tag?post=355406"}],"curies":[{"name":"wp","href":"https:\/\/api.w.org\/{rel}","templated":true}]}}