{"id":354115,"date":"2026-01-16T16:37:02","date_gmt":"2026-01-16T13:37:02","guid":{"rendered":"https:\/\/vbd.dev.sumena.ee\/?post_type=product&#038;p=354115"},"modified":"2026-02-12T12:02:30","modified_gmt":"2026-02-12T09:02:30","slug":"muffinipulber-vilma-400-g","status":"publish","type":"product","link":"https:\/\/vbd.dev.sumena.ee\/en\/product-2\/muffinipulber-vilma-400-g\/","title":{"rendered":"Muffinipulber Vilma 400 g"},"content":{"rendered":"<h3 class=\"izDEqE llpRim gZSiXk kvXNxI lgoqEg fygOE ijAptY\">Koostisosad<\/h3>\n<div class=\"sc-57154a31-2 iJVmTs\">\n<p>Nisujahu, suhkur, munapulber, kergitusained (E450, E500), vadakupulber (piim), sool, vanilliin. S\u00e4ilitusaineteta. V\u00f5ib sisaldada v\u00e4hesel m\u00e4\u00e4ral sojaletsitiini.<\/p>\n<\/div>","protected":false},"excerpt":{"rendered":"<p>Koostisosad Nisujahu, suhkur, munapulber, kergitusained (E450, E500), vadakupulber (piim), sool, vanilliin. S\u00e4ilitusaineteta. V\u00f5ib sisaldada v\u00e4hesel m\u00e4\u00e4ral sojaletsitiini.<\/p>","protected":false},"featured_media":354121,"comment_status":"open","ping_status":"closed","template":"","meta":{"_acf_changed":false},"product_brand":[],"product_cat":[86],"product_tag":[],"class_list":{"0":"post-354115","1":"product","2":"type-product","3":"status-publish","4":"has-post-thumbnail","6":"product_cat-kuivained","8":"first","9":"instock","10":"sale","11":"taxable","12":"shipping-taxable","13":"purchasable","14":"product-type-simple"},"supplier_id":null,"supplier_sku":"","barcode":null,"atum_controlled":true,"out_stock_date":null,"out_stock_threshold":null,"inheritable":false,"inbound_stock":0,"stock_on_hold":6,"sold_today":4,"sales_last_days":246,"reserved_stock":0,"customer_returns":0,"warehouse_damage":0,"lost_in_post":0,"other_logs":0,"out_stock_days":0,"lost_sales":0,"has_location":false,"update_date":"2026-02-12T14:55:59","atum_locations":[],"atum_stock_status":"instock","restock_status":true,"low_stock_amount":"","sales_update_date":"2026-02-12T14:55:50","calc_backorders":null,"acf":[],"_links":{"self":[{"href":"https:\/\/vbd.dev.sumena.ee\/en\/wp-json\/wp\/v2\/product\/354115","targetHints":{"allow":["GET"]}}],"collection":[{"href":"https:\/\/vbd.dev.sumena.ee\/en\/wp-json\/wp\/v2\/product"}],"about":[{"href":"https:\/\/vbd.dev.sumena.ee\/en\/wp-json\/wp\/v2\/types\/product"}],"replies":[{"embeddable":true,"href":"https:\/\/vbd.dev.sumena.ee\/en\/wp-json\/wp\/v2\/comments?post=354115"}],"wp:featuredmedia":[{"embeddable":true,"href":"https:\/\/vbd.dev.sumena.ee\/en\/wp-json\/wp\/v2\/media\/354121"}],"wp:attachment":[{"href":"https:\/\/vbd.dev.sumena.ee\/en\/wp-json\/wp\/v2\/media?parent=354115"}],"wp:term":[{"taxonomy":"product_brand","embeddable":true,"href":"https:\/\/vbd.dev.sumena.ee\/en\/wp-json\/wp\/v2\/product_brand?post=354115"},{"taxonomy":"product_cat","embeddable":true,"href":"https:\/\/vbd.dev.sumena.ee\/en\/wp-json\/wp\/v2\/product_cat?post=354115"},{"taxonomy":"product_tag","embeddable":true,"href":"https:\/\/vbd.dev.sumena.ee\/en\/wp-json\/wp\/v2\/product_tag?post=354115"}],"curies":[{"name":"wp","href":"https:\/\/api.w.org\/{rel}","templated":true}]}}