{"id":353772,"date":"2026-01-15T19:24:47","date_gmt":"2026-01-15T16:24:47","guid":{"rendered":"https:\/\/vbd.dev.sumena.ee\/?post_type=product&#038;p=353772"},"modified":"2026-02-11T00:30:04","modified_gmt":"2026-02-10T21:30:04","slug":"niisked-salvratikud-pampers-harmonie-new-baby-4x46tk","status":"publish","type":"product","link":"https:\/\/vbd.dev.sumena.ee\/en\/product-2\/niisked-salvratikud-pampers-harmonie-new-baby-4x46tk\/","title":{"rendered":"Niisked Salvr\u00e4tikud Pampers Harmonie New Baby 4x46tk"},"content":{"rendered":"<p>Pampers Harmonie New Baby niisked salvr\u00e4tid on loodud just vasts\u00fcndinule. Valmistatud ainulaadse siidise ihupiimaga, mis aitab taastada naha loomuliku pH-taseme, ja 100% taimsete koostisosadega, mis tagavad \u00fclima pehmuse vasts\u00fcndinu \u00f5rnal nahal. Saanud Skin Health Alliance\u2019i dermatoloogide heakskiidu ja ei sisalda alkoholi ega l\u00f5hna- ja v\u00e4rvaineid.<\/p>\n<ul>\n<li>Loodud spetsiaalselt vasts\u00fcndinute jaoks<\/li>\n<li>Sisaldab ainulaadset siidist ihupiima, mis aitab taastada vasts\u00fcndinu naha loomuliku pH-taseme, et kaitsta seda \u00e4rrituse eest<\/li>\n<li>Valmistatud 100% taimsetest kiududest, mis on vasts\u00fcndinu naha vastu eriti \u00f5rnad<\/li>\n<li>Valmistatud looduslikust puuvillast \u00fclima pehmuse tagamiseks<\/li>\n<li>Sisaldavad 0% alkoholi ja l\u00f5hnaaineid<\/li>\n<li>Saanud Skin Health Alliance\u2019i dermatoloogide heakskiidu<\/li>\n<\/ul>","protected":false},"excerpt":{"rendered":"<p>Pampers Harmonie New Baby niisked salvr\u00e4tid on loodud just vasts\u00fcndinule. Valmistatud ainulaadse siidise ihupiimaga, mis aitab taastada naha loomuliku pH-taseme, ja 100% taimsete koostisosadega, mis tagavad \u00fclima pehmuse vasts\u00fcndinu \u00f5rnal nahal. Saanud Skin Health Alliance\u2019i dermatoloogide heakskiidu ja ei sisalda alkoholi ega l\u00f5hna- ja v\u00e4rvaineid. Loodud spetsiaalselt vasts\u00fcndinute jaoks Sisaldab ainulaadset siidist ihupiima, mis aitab [&hellip;]<\/p>","protected":false},"featured_media":353777,"comment_status":"open","ping_status":"closed","template":"","meta":{"_acf_changed":false},"product_brand":[],"product_cat":[158,104],"product_tag":[],"class_list":{"0":"post-353772","1":"product","2":"type-product","3":"status-publish","4":"has-post-thumbnail","6":"product_cat-kehahooldus","7":"product_cat-enesehooldus","9":"first","10":"instock","11":"sale","12":"taxable","13":"shipping-taxable","14":"purchasable","15":"product-type-simple"},"supplier_id":null,"supplier_sku":"","barcode":null,"atum_controlled":true,"out_stock_date":null,"out_stock_threshold":null,"inheritable":false,"inbound_stock":0,"stock_on_hold":0,"sold_today":0,"sales_last_days":9,"reserved_stock":0,"customer_returns":0,"warehouse_damage":0,"lost_in_post":0,"other_logs":0,"out_stock_days":0,"lost_sales":0,"has_location":false,"update_date":"2026-02-12T11:41:22","atum_locations":[],"atum_stock_status":"instock","restock_status":false,"low_stock_amount":"","sales_update_date":"2026-02-12T11:41:14","calc_backorders":null,"acf":[],"_links":{"self":[{"href":"https:\/\/vbd.dev.sumena.ee\/en\/wp-json\/wp\/v2\/product\/353772","targetHints":{"allow":["GET"]}}],"collection":[{"href":"https:\/\/vbd.dev.sumena.ee\/en\/wp-json\/wp\/v2\/product"}],"about":[{"href":"https:\/\/vbd.dev.sumena.ee\/en\/wp-json\/wp\/v2\/types\/product"}],"replies":[{"embeddable":true,"href":"https:\/\/vbd.dev.sumena.ee\/en\/wp-json\/wp\/v2\/comments?post=353772"}],"wp:featuredmedia":[{"embeddable":true,"href":"https:\/\/vbd.dev.sumena.ee\/en\/wp-json\/wp\/v2\/media\/353777"}],"wp:attachment":[{"href":"https:\/\/vbd.dev.sumena.ee\/en\/wp-json\/wp\/v2\/media?parent=353772"}],"wp:term":[{"taxonomy":"product_brand","embeddable":true,"href":"https:\/\/vbd.dev.sumena.ee\/en\/wp-json\/wp\/v2\/product_brand?post=353772"},{"taxonomy":"product_cat","embeddable":true,"href":"https:\/\/vbd.dev.sumena.ee\/en\/wp-json\/wp\/v2\/product_cat?post=353772"},{"taxonomy":"product_tag","embeddable":true,"href":"https:\/\/vbd.dev.sumena.ee\/en\/wp-json\/wp\/v2\/product_tag?post=353772"}],"curies":[{"name":"wp","href":"https:\/\/api.w.org\/{rel}","templated":true}]}}