{"id":353145,"date":"2026-02-11T19:28:52","date_gmt":"2026-02-11T16:28:52","guid":{"rendered":"https:\/\/vbd.dev.sumena.ee\/?post_type=product&#038;p=353145"},"modified":"2026-02-12T16:37:23","modified_gmt":"2026-02-12T13:37:23","slug":"thai-choice-magustatud-kookosekreem-320g","status":"publish","type":"product","link":"https:\/\/vbd.dev.sumena.ee\/en\/product-2\/thai-choice-magustatud-kookosekreem-320g\/","title":{"rendered":"Thai choice Magustatud Kookosekreem 320g"},"content":{"rendered":"<div class=\"sc-57154a31-1 bxWYVV\" data-test-id=\"product-info-description\">\n<div>\n<div class=\"sc-57154a31-2 iJVmTs\">\n<p>Magustatud kookoskreem on laktoosivaba ning sobib erinevade kookide ning teiste magustoide valmistamiseks. Sobib ka veganitele.<\/p>\n<\/div>\n<\/div>\n<\/div>\n<div class=\"sc-57154a31-1 bxWYVV\" data-test-id=\"product-info-country\">\n<div>\n<h3 class=\"izDEqE llpRim gZSiXk kvXNxI lgoqEg fygOE ijAptY\">Koostisosad<\/h3>\n<div class=\"sc-57154a31-2 iJVmTs\">\n<p>kookossiirup, kookoseekstrakt, suhkur, sool, emulgaator: pol\u00fcsorbaat 60 (E435), v\u00e4rvaine: titaandioksiid (E171), stabilisaator: ksan taankummi (E415), guarkummi (E412). Toode v\u00f5ib sisaldada P\u00c4HKLITE j\u00e4\u00e4ke.<\/p>\n<\/div>\n<\/div>\n<\/div>","protected":false},"excerpt":{"rendered":"<p>Magustatud kookoskreem on laktoosivaba ning sobib erinevade kookide ning teiste magustoide valmistamiseks. Sobib ka veganitele. Koostisosad kookossiirup, kookoseekstrakt, suhkur, sool, emulgaator: pol\u00fcsorbaat 60 (E435), v\u00e4rvaine: titaandioksiid (E171), stabilisaator: ksan taankummi (E415), guarkummi (E412). Toode v\u00f5ib sisaldada P\u00c4HKLITE j\u00e4\u00e4ke.<\/p>","protected":false},"featured_media":353146,"comment_status":"open","ping_status":"closed","template":"","meta":{"_acf_changed":false},"product_brand":[],"product_cat":[83],"product_tag":[],"class_list":{"0":"post-353145","1":"product","2":"type-product","3":"status-publish","4":"has-post-thumbnail","6":"product_cat-kastmed-olid","8":"first","9":"instock","10":"sale","11":"taxable","12":"shipping-taxable","13":"purchasable","14":"product-type-simple"},"supplier_id":null,"supplier_sku":"","barcode":null,"atum_controlled":true,"out_stock_date":null,"out_stock_threshold":null,"inheritable":false,"inbound_stock":0,"stock_on_hold":11,"sold_today":9,"sales_last_days":97,"reserved_stock":0,"customer_returns":0,"warehouse_damage":0,"lost_in_post":0,"other_logs":0,"out_stock_days":0,"lost_sales":0,"has_location":false,"update_date":"2026-02-12T14:49:18","atum_locations":[],"atum_stock_status":"instock","restock_status":false,"low_stock_amount":"","sales_update_date":"2026-02-12T14:49:07","calc_backorders":null,"acf":[],"_links":{"self":[{"href":"https:\/\/vbd.dev.sumena.ee\/en\/wp-json\/wp\/v2\/product\/353145","targetHints":{"allow":["GET"]}}],"collection":[{"href":"https:\/\/vbd.dev.sumena.ee\/en\/wp-json\/wp\/v2\/product"}],"about":[{"href":"https:\/\/vbd.dev.sumena.ee\/en\/wp-json\/wp\/v2\/types\/product"}],"replies":[{"embeddable":true,"href":"https:\/\/vbd.dev.sumena.ee\/en\/wp-json\/wp\/v2\/comments?post=353145"}],"wp:featuredmedia":[{"embeddable":true,"href":"https:\/\/vbd.dev.sumena.ee\/en\/wp-json\/wp\/v2\/media\/353146"}],"wp:attachment":[{"href":"https:\/\/vbd.dev.sumena.ee\/en\/wp-json\/wp\/v2\/media?parent=353145"}],"wp:term":[{"taxonomy":"product_brand","embeddable":true,"href":"https:\/\/vbd.dev.sumena.ee\/en\/wp-json\/wp\/v2\/product_brand?post=353145"},{"taxonomy":"product_cat","embeddable":true,"href":"https:\/\/vbd.dev.sumena.ee\/en\/wp-json\/wp\/v2\/product_cat?post=353145"},{"taxonomy":"product_tag","embeddable":true,"href":"https:\/\/vbd.dev.sumena.ee\/en\/wp-json\/wp\/v2\/product_tag?post=353145"}],"curies":[{"name":"wp","href":"https:\/\/api.w.org\/{rel}","templated":true}]}}