{"id":353138,"date":"2026-02-11T19:23:33","date_gmt":"2026-02-11T16:23:33","guid":{"rendered":"https:\/\/vbd.dev.sumena.ee\/?post_type=product&#038;p=353138"},"modified":"2026-02-11T22:15:30","modified_gmt":"2026-02-11T19:15:30","slug":"oliivioli-ja-paevalilleoli-segu-salatile-gaea-500ml","status":"publish","type":"product","link":"https:\/\/vbd.dev.sumena.ee\/en\/product-2\/oliivioli-ja-paevalilleoli-segu-salatile-gaea-500ml\/","title":{"rendered":"Oliivi\u00f5li ja p\u00e4evalille\u00f5li segu salatile GAEA 500ml"},"content":{"rendered":"<p>GAEA FINE, auhinnatud ekstra v\u00e4\u00e4risoliivi\u00f5li ja k\u00f5rge oleiinisisaldusega p\u00e4evalille\u00f5li segu, on oma rikkaliku maitseprofiili poolest suurep\u00e4rane erinevate k\u00fclmade roogade ja salatite jaoks.<\/p>\n<p><strong>Ingredients:<\/strong> k\u00f5rge oleiinisisaldusega p\u00e4evalille\u00f5li (85%), ekstra v\u00e4\u00e4risoliivi\u00f5li (15%).<\/p>","protected":false},"excerpt":{"rendered":"<p>GAEA FINE, auhinnatud ekstra v\u00e4\u00e4risoliivi\u00f5li ja k\u00f5rge oleiinisisaldusega p\u00e4evalille\u00f5li segu, on oma rikkaliku maitseprofiili poolest suurep\u00e4rane erinevate k\u00fclmade roogade ja salatite jaoks. Koostisosad: k\u00f5rge oleiinisisaldusega p\u00e4evalille\u00f5li (85%), ekstra v\u00e4\u00e4risoliivi\u00f5li (15%).<\/p>","protected":false},"featured_media":353139,"comment_status":"open","ping_status":"closed","template":"","meta":{"_acf_changed":false},"product_brand":[],"product_cat":[83],"product_tag":[],"class_list":{"0":"post-353138","1":"product","2":"type-product","3":"status-publish","4":"has-post-thumbnail","6":"product_cat-kastmed-olid","8":"first","9":"instock","10":"sale","11":"taxable","12":"shipping-taxable","13":"purchasable","14":"product-type-simple"},"supplier_id":null,"supplier_sku":"","barcode":null,"atum_controlled":true,"out_stock_date":null,"out_stock_threshold":null,"inheritable":false,"inbound_stock":0,"stock_on_hold":2,"sold_today":2,"sales_last_days":28,"reserved_stock":0,"customer_returns":0,"warehouse_damage":0,"lost_in_post":0,"other_logs":0,"out_stock_days":0,"lost_sales":0,"has_location":false,"update_date":"2026-02-11T19:17:46","atum_locations":[],"atum_stock_status":"instock","restock_status":false,"low_stock_amount":"","sales_update_date":"2026-02-11T19:17:39","calc_backorders":null,"acf":[],"_links":{"self":[{"href":"https:\/\/vbd.dev.sumena.ee\/en\/wp-json\/wp\/v2\/product\/353138","targetHints":{"allow":["GET"]}}],"collection":[{"href":"https:\/\/vbd.dev.sumena.ee\/en\/wp-json\/wp\/v2\/product"}],"about":[{"href":"https:\/\/vbd.dev.sumena.ee\/en\/wp-json\/wp\/v2\/types\/product"}],"replies":[{"embeddable":true,"href":"https:\/\/vbd.dev.sumena.ee\/en\/wp-json\/wp\/v2\/comments?post=353138"}],"wp:featuredmedia":[{"embeddable":true,"href":"https:\/\/vbd.dev.sumena.ee\/en\/wp-json\/wp\/v2\/media\/353139"}],"wp:attachment":[{"href":"https:\/\/vbd.dev.sumena.ee\/en\/wp-json\/wp\/v2\/media?parent=353138"}],"wp:term":[{"taxonomy":"product_brand","embeddable":true,"href":"https:\/\/vbd.dev.sumena.ee\/en\/wp-json\/wp\/v2\/product_brand?post=353138"},{"taxonomy":"product_cat","embeddable":true,"href":"https:\/\/vbd.dev.sumena.ee\/en\/wp-json\/wp\/v2\/product_cat?post=353138"},{"taxonomy":"product_tag","embeddable":true,"href":"https:\/\/vbd.dev.sumena.ee\/en\/wp-json\/wp\/v2\/product_tag?post=353138"}],"curies":[{"name":"wp","href":"https:\/\/api.w.org\/{rel}","templated":true}]}}