{"id":353131,"date":"2026-02-11T19:18:13","date_gmt":"2026-02-11T16:18:13","guid":{"rendered":"https:\/\/vbd.dev.sumena.ee\/?post_type=product&#038;p=353131"},"modified":"2026-02-12T17:32:16","modified_gmt":"2026-02-12T14:32:16","slug":"tsillikaste-flying-goose-sriracha-kollase-tsilli-200ml","status":"publish","type":"product","link":"https:\/\/vbd.dev.sumena.ee\/en\/product-2\/tsillikaste-flying-goose-sriracha-kollase-tsilli-200ml\/","title":{"rendered":"T\u0161illikaste Flying Goose Sriracha Kollase t\u0161illi 200ml"},"content":{"rendered":"<p>Keskmise v\u00fcrtsikusega Sriracha kollase t\u0161illi kastme ainulaadne kollane v\u00e4rv ja neutraalne, kuid kergelt magus piprane maitse on hea t\u00e4iendus paljudele roogadele. Valmistatud v\u00e4rskeimatest ja hoolikalt valitud t\u0161illidest.<\/p>\n<p><strong>Ingredients:<\/strong>\u00a0kollane t\u0161illi 66%, suhkur, sool, vesi, happesuse regulaator: E260, E330, maitsetugevdaja: E621, stabilisaator: E415, s\u00e4ilitusaine: E202. V\u00f5ib sisaldada v\u00e4hesel m\u00e4\u00e4ral SOJA ja SINEPIT.<\/p>","protected":false},"excerpt":{"rendered":"<p>Keskmise v\u00fcrtsikusega Sriracha kollase t\u0161illi kastme ainulaadne kollane v\u00e4rv ja neutraalne, kuid kergelt magus piprane maitse on hea t\u00e4iendus paljudele roogadele. Valmistatud v\u00e4rskeimatest ja hoolikalt valitud t\u0161illidest. Koostisosad:\u00a0kollane t\u0161illi 66%, suhkur, sool, vesi, happesuse regulaator: E260, E330, maitsetugevdaja: E621, stabilisaator: E415, s\u00e4ilitusaine: E202. V\u00f5ib sisaldada v\u00e4hesel m\u00e4\u00e4ral SOJA ja SINEPIT.<\/p>","protected":false},"featured_media":353132,"comment_status":"open","ping_status":"closed","template":"","meta":{"_acf_changed":false},"product_brand":[],"product_cat":[83],"product_tag":[],"class_list":{"0":"post-353131","1":"product","2":"type-product","3":"status-publish","4":"has-post-thumbnail","6":"product_cat-kastmed-olid","8":"first","9":"instock","10":"sale","11":"taxable","12":"shipping-taxable","13":"purchasable","14":"product-type-simple"},"supplier_id":null,"supplier_sku":"","barcode":null,"atum_controlled":true,"out_stock_date":null,"out_stock_threshold":null,"inheritable":false,"inbound_stock":0,"stock_on_hold":54,"sold_today":76,"sales_last_days":173,"reserved_stock":0,"customer_returns":0,"warehouse_damage":0,"lost_in_post":0,"other_logs":0,"out_stock_days":0,"lost_sales":0,"has_location":false,"update_date":"2026-02-12T14:35:17","atum_locations":[],"atum_stock_status":"instock","restock_status":false,"low_stock_amount":"","sales_update_date":"2026-02-12T14:35:09","calc_backorders":null,"acf":[],"_links":{"self":[{"href":"https:\/\/vbd.dev.sumena.ee\/en\/wp-json\/wp\/v2\/product\/353131","targetHints":{"allow":["GET"]}}],"collection":[{"href":"https:\/\/vbd.dev.sumena.ee\/en\/wp-json\/wp\/v2\/product"}],"about":[{"href":"https:\/\/vbd.dev.sumena.ee\/en\/wp-json\/wp\/v2\/types\/product"}],"replies":[{"embeddable":true,"href":"https:\/\/vbd.dev.sumena.ee\/en\/wp-json\/wp\/v2\/comments?post=353131"}],"wp:featuredmedia":[{"embeddable":true,"href":"https:\/\/vbd.dev.sumena.ee\/en\/wp-json\/wp\/v2\/media\/353132"}],"wp:attachment":[{"href":"https:\/\/vbd.dev.sumena.ee\/en\/wp-json\/wp\/v2\/media?parent=353131"}],"wp:term":[{"taxonomy":"product_brand","embeddable":true,"href":"https:\/\/vbd.dev.sumena.ee\/en\/wp-json\/wp\/v2\/product_brand?post=353131"},{"taxonomy":"product_cat","embeddable":true,"href":"https:\/\/vbd.dev.sumena.ee\/en\/wp-json\/wp\/v2\/product_cat?post=353131"},{"taxonomy":"product_tag","embeddable":true,"href":"https:\/\/vbd.dev.sumena.ee\/en\/wp-json\/wp\/v2\/product_tag?post=353131"}],"curies":[{"name":"wp","href":"https:\/\/api.w.org\/{rel}","templated":true}]}}