{"id":353124,"date":"2026-02-11T19:17:17","date_gmt":"2026-02-11T16:17:17","guid":{"rendered":"https:\/\/vbd.dev.sumena.ee\/?post_type=product&#038;p=353124"},"modified":"2026-02-12T13:08:08","modified_gmt":"2026-02-12T10:08:08","slug":"taimetee-vahdam-kurkumi-ashwagandha-30g","status":"publish","type":"product","link":"https:\/\/vbd.dev.sumena.ee\/en\/product-2\/taimetee-vahdam-kurkumi-ashwagandha-30g\/","title":{"rendered":"Taimetee VAHDAM kurkumi-ashwagandha 30g"},"content":{"rendered":"<p>India traditsiooniline taimne tee kurkumist ja ajurveeda ashwagandhast koos rikkalike \u00fcrtide ja v\u00fcrtsidega. See on ideaalne tee stressi ja \u00e4revuse leevendamiseks ning une kvaliteedi parandamiseks. Kofeiinivaba.<\/p>\n<p><strong>Ingredients:<\/strong>\u00a0kurkum (45%), ashwagandha (30%), sidrunhein (10%), must pipar (10%), lagrits (5%).<\/p>","protected":false},"excerpt":{"rendered":"<p>India traditsiooniline taimne tee kurkumist ja ajurveeda ashwagandhast koos rikkalike \u00fcrtide ja v\u00fcrtsidega. See on ideaalne tee stressi ja \u00e4revuse leevendamiseks ning une kvaliteedi parandamiseks. Kofeiinivaba. Koostisosad:\u00a0kurkum (45%), ashwagandha (30%), sidrunhein (10%), must pipar (10%), lagrits (5%).<\/p>","protected":false},"featured_media":353125,"comment_status":"open","ping_status":"closed","template":"","meta":{"_acf_changed":false},"product_brand":[],"product_cat":[163,79],"product_tag":[],"class_list":{"0":"post-353124","1":"product","2":"type-product","3":"status-publish","4":"has-post-thumbnail","6":"product_cat-kohv-tee","7":"product_cat-joogid","9":"first","10":"instock","11":"sale","12":"taxable","13":"shipping-taxable","14":"purchasable","15":"product-type-simple"},"supplier_id":null,"supplier_sku":"","barcode":null,"atum_controlled":true,"out_stock_date":null,"out_stock_threshold":null,"inheritable":false,"inbound_stock":0,"stock_on_hold":1,"sold_today":37,"sales_last_days":74,"reserved_stock":0,"customer_returns":0,"warehouse_damage":0,"lost_in_post":0,"other_logs":0,"out_stock_days":0,"lost_sales":0,"has_location":false,"update_date":"2026-02-12T13:44:46","atum_locations":[],"atum_stock_status":"instock","restock_status":false,"low_stock_amount":"","sales_update_date":"2026-02-12T13:44:36","calc_backorders":null,"acf":[],"_links":{"self":[{"href":"https:\/\/vbd.dev.sumena.ee\/en\/wp-json\/wp\/v2\/product\/353124","targetHints":{"allow":["GET"]}}],"collection":[{"href":"https:\/\/vbd.dev.sumena.ee\/en\/wp-json\/wp\/v2\/product"}],"about":[{"href":"https:\/\/vbd.dev.sumena.ee\/en\/wp-json\/wp\/v2\/types\/product"}],"replies":[{"embeddable":true,"href":"https:\/\/vbd.dev.sumena.ee\/en\/wp-json\/wp\/v2\/comments?post=353124"}],"wp:featuredmedia":[{"embeddable":true,"href":"https:\/\/vbd.dev.sumena.ee\/en\/wp-json\/wp\/v2\/media\/353125"}],"wp:attachment":[{"href":"https:\/\/vbd.dev.sumena.ee\/en\/wp-json\/wp\/v2\/media?parent=353124"}],"wp:term":[{"taxonomy":"product_brand","embeddable":true,"href":"https:\/\/vbd.dev.sumena.ee\/en\/wp-json\/wp\/v2\/product_brand?post=353124"},{"taxonomy":"product_cat","embeddable":true,"href":"https:\/\/vbd.dev.sumena.ee\/en\/wp-json\/wp\/v2\/product_cat?post=353124"},{"taxonomy":"product_tag","embeddable":true,"href":"https:\/\/vbd.dev.sumena.ee\/en\/wp-json\/wp\/v2\/product_tag?post=353124"}],"curies":[{"name":"wp","href":"https:\/\/api.w.org\/{rel}","templated":true}]}}