{"id":353115,"date":"2026-01-14T12:41:48","date_gmt":"2026-01-14T09:41:48","guid":{"rendered":"https:\/\/vbd.dev.sumena.ee\/?post_type=product&#038;p=353115"},"modified":"2026-02-12T14:37:36","modified_gmt":"2026-02-12T11:37:36","slug":"teraviljakupsised-gullon-puuviljadega-300g","status":"publish","type":"product","link":"https:\/\/vbd.dev.sumena.ee\/en\/product-2\/teraviljakupsised-gullon-puuviljadega-300g\/","title":{"rendered":"Teraviljak\u00fcpsised GULLON puuviljadega 300g"},"content":{"rendered":"<p><strong>Ingredients:<\/strong> KAERAhelbed 31%, t\u00e4isteraNISUjahu 30%, taime\u00f5li (k\u00f5rge oleiinisisaldusega p\u00e4evalille\u00f5li) 16%, suhkur, rosinad 6%, puuviljasegu 3% [puuvili (kontsentreeritud \u00f5unap\u00fcree, kontsentreeritud kiivimahl), fruktoosi- ja gl\u00fckoosisiirup, gl\u00fckoosisiirup, niiskuses\u00e4ilitaja (gl\u00fctserool), suhkur, NISUkiud, \u017eeleeriv aine (pektiin), taime\u00f5li (p\u00e4evalille\u00f5li), happesuse regulaator (sidrunhape), l\u00f5hna- ja maitseaine, toiduv\u00e4rv (E141)], \u00f5unakiud 2%, gl\u00fckoosi- ja fruktoosisiirup, pol\u00fcdekstroos, kergitusained (naatriumvesinikkarbonaat, ammooniumvesinikkarbonaat), sool, emulgaator (SOJAletsitiin), l\u00f5hna- ja maitseaine, antioks\u00fcdant (tokoferoolirikas ekstrakt). V\u00f5ib sisaldada PIIMA ja SINEPI j\u00e4\u00e4ke.<\/p>","protected":false},"excerpt":{"rendered":"<p>Koostisosad: KAERAhelbed 31%, t\u00e4isteraNISUjahu 30%, taime\u00f5li (k\u00f5rge oleiinisisaldusega p\u00e4evalille\u00f5li) 16%, suhkur, rosinad 6%, puuviljasegu 3% [puuvili (kontsentreeritud \u00f5unap\u00fcree, kontsentreeritud kiivimahl), fruktoosi- ja gl\u00fckoosisiirup, gl\u00fckoosisiirup, niiskuses\u00e4ilitaja (gl\u00fctserool), suhkur, NISUkiud, \u017eeleeriv aine (pektiin), taime\u00f5li (p\u00e4evalille\u00f5li), happesuse regulaator (sidrunhape), l\u00f5hna- ja maitseaine, toiduv\u00e4rv (E141)], \u00f5unakiud 2%, gl\u00fckoosi- ja fruktoosisiirup, pol\u00fcdekstroos, kergitusained (naatriumvesinikkarbonaat, ammooniumvesinikkarbonaat), sool, emulgaator (SOJAletsitiin), l\u00f5hna- ja [&hellip;]<\/p>","protected":false},"featured_media":353116,"comment_status":"open","ping_status":"closed","template":"","meta":{"_acf_changed":false},"product_brand":[],"product_cat":[117,80],"product_tag":[],"class_list":{"0":"post-353115","1":"product","2":"type-product","3":"status-publish","4":"has-post-thumbnail","6":"product_cat-kupsised","7":"product_cat-snakid","9":"first","10":"instock","11":"sale","12":"taxable","13":"shipping-taxable","14":"purchasable","15":"product-type-simple"},"supplier_id":null,"supplier_sku":"","barcode":null,"atum_controlled":true,"out_stock_date":null,"out_stock_threshold":null,"inheritable":false,"inbound_stock":0,"stock_on_hold":18,"sold_today":19,"sales_last_days":353,"reserved_stock":0,"customer_returns":0,"warehouse_damage":0,"lost_in_post":0,"other_logs":0,"out_stock_days":0,"lost_sales":0,"has_location":false,"update_date":"2026-02-12T15:51:19","atum_locations":[],"atum_stock_status":"instock","restock_status":false,"low_stock_amount":"","sales_update_date":"2026-02-12T15:51:10","calc_backorders":null,"acf":[],"_links":{"self":[{"href":"https:\/\/vbd.dev.sumena.ee\/en\/wp-json\/wp\/v2\/product\/353115","targetHints":{"allow":["GET"]}}],"collection":[{"href":"https:\/\/vbd.dev.sumena.ee\/en\/wp-json\/wp\/v2\/product"}],"about":[{"href":"https:\/\/vbd.dev.sumena.ee\/en\/wp-json\/wp\/v2\/types\/product"}],"replies":[{"embeddable":true,"href":"https:\/\/vbd.dev.sumena.ee\/en\/wp-json\/wp\/v2\/comments?post=353115"}],"wp:featuredmedia":[{"embeddable":true,"href":"https:\/\/vbd.dev.sumena.ee\/en\/wp-json\/wp\/v2\/media\/353116"}],"wp:attachment":[{"href":"https:\/\/vbd.dev.sumena.ee\/en\/wp-json\/wp\/v2\/media?parent=353115"}],"wp:term":[{"taxonomy":"product_brand","embeddable":true,"href":"https:\/\/vbd.dev.sumena.ee\/en\/wp-json\/wp\/v2\/product_brand?post=353115"},{"taxonomy":"product_cat","embeddable":true,"href":"https:\/\/vbd.dev.sumena.ee\/en\/wp-json\/wp\/v2\/product_cat?post=353115"},{"taxonomy":"product_tag","embeddable":true,"href":"https:\/\/vbd.dev.sumena.ee\/en\/wp-json\/wp\/v2\/product_tag?post=353115"}],"curies":[{"name":"wp","href":"https:\/\/api.w.org\/{rel}","templated":true}]}}