{"id":352271,"date":"2026-01-12T18:52:02","date_gmt":"2026-01-12T15:52:02","guid":{"rendered":"https:\/\/vbd.dev.sumena.ee\/?post_type=product&#038;p=352271"},"modified":"2026-02-12T18:23:19","modified_gmt":"2026-02-12T15:23:19","slug":"rongik-mooniga-maris-gilden-200g","status":"publish","type":"product","link":"https:\/\/vbd.dev.sumena.ee\/en\/product-2\/rongik-mooniga-maris-gilden-200g\/","title":{"rendered":"R\u00f5ngik mooniga Maris Gilden 200g"},"content":{"rendered":"<div class=\"ingredients\"><strong>Ingredients:<\/strong> NISUJAHU, joogivesi, suhkur, margariin (vesi, rapsi\u00f5li, taimsed rasvad (palm, kookos), sool, emulgaatorid (E476), happesuse regulaator (E330), toiduv\u00e4rv (E160a), p\u00e4rm, moon 2%, sool.<\/div>","protected":false},"excerpt":{"rendered":"<p>Koostisosad: NISUJAHU, joogivesi, suhkur, margariin (vesi, rapsi\u00f5li, taimsed rasvad (palm, kookos), sool, emulgaatorid (E476), happesuse regulaator (E330), toiduv\u00e4rv (E160a), p\u00e4rm, moon 2%, sool.<\/p>","protected":false},"featured_media":352272,"comment_status":"open","ping_status":"closed","template":"","meta":{"_acf_changed":false},"product_brand":[],"product_cat":[117,87,80],"product_tag":[],"class_list":{"0":"post-352271","1":"product","2":"type-product","3":"status-publish","4":"has-post-thumbnail","6":"product_cat-kupsised","7":"product_cat-meie-lemmikud","8":"product_cat-snakid","10":"first","11":"instock","12":"sale","13":"taxable","14":"shipping-taxable","15":"purchasable","16":"product-type-simple"},"supplier_id":null,"supplier_sku":"","barcode":null,"atum_controlled":true,"out_stock_date":null,"out_stock_threshold":null,"inheritable":false,"inbound_stock":0,"stock_on_hold":28,"sold_today":17,"sales_last_days":480,"reserved_stock":0,"customer_returns":0,"warehouse_damage":0,"lost_in_post":0,"other_logs":0,"out_stock_days":0,"lost_sales":0,"has_location":false,"update_date":"2026-02-12T15:26:34","atum_locations":[],"atum_stock_status":"instock","restock_status":true,"low_stock_amount":"","sales_update_date":"2026-02-12T15:26:25","calc_backorders":null,"acf":[],"_links":{"self":[{"href":"https:\/\/vbd.dev.sumena.ee\/en\/wp-json\/wp\/v2\/product\/352271","targetHints":{"allow":["GET"]}}],"collection":[{"href":"https:\/\/vbd.dev.sumena.ee\/en\/wp-json\/wp\/v2\/product"}],"about":[{"href":"https:\/\/vbd.dev.sumena.ee\/en\/wp-json\/wp\/v2\/types\/product"}],"replies":[{"embeddable":true,"href":"https:\/\/vbd.dev.sumena.ee\/en\/wp-json\/wp\/v2\/comments?post=352271"}],"wp:featuredmedia":[{"embeddable":true,"href":"https:\/\/vbd.dev.sumena.ee\/en\/wp-json\/wp\/v2\/media\/352272"}],"wp:attachment":[{"href":"https:\/\/vbd.dev.sumena.ee\/en\/wp-json\/wp\/v2\/media?parent=352271"}],"wp:term":[{"taxonomy":"product_brand","embeddable":true,"href":"https:\/\/vbd.dev.sumena.ee\/en\/wp-json\/wp\/v2\/product_brand?post=352271"},{"taxonomy":"product_cat","embeddable":true,"href":"https:\/\/vbd.dev.sumena.ee\/en\/wp-json\/wp\/v2\/product_cat?post=352271"},{"taxonomy":"product_tag","embeddable":true,"href":"https:\/\/vbd.dev.sumena.ee\/en\/wp-json\/wp\/v2\/product_tag?post=352271"}],"curies":[{"name":"wp","href":"https:\/\/api.w.org\/{rel}","templated":true}]}}