{"id":350297,"date":"2026-01-08T12:10:11","date_gmt":"2026-01-08T09:10:11","guid":{"rendered":"https:\/\/vbd.dev.sumena.ee\/?post_type=product&#038;p=350297"},"modified":"2026-02-12T12:46:10","modified_gmt":"2026-02-12T09:46:10","slug":"vannivaht-ja-pesugeel-live-clean-lastele-300-ml","status":"publish","type":"product","link":"https:\/\/vbd.dev.sumena.ee\/en\/product-2\/vannivaht-ja-pesugeel-live-clean-lastele-300-ml\/","title":{"rendered":"Vannivaht ja pesugeel, Live Clean, lastele, 300 ml"},"content":{"rendered":"<p>Puhastusvahend vahutab kaunilt ning sisaldab rahustavat segu lavendli-, kummeli-, jasmiini- ja vaniljeekstraktidest ning eeterlikest lidest, millel on omadus nahka siluda, taastada naha niiskust ja \u00f6rnalt siluda beebi sametist nahka. Parast selle pealekandmist muutub nahk puhtaks, pehmeks ja terveks. Toode ei sisalda seepi, see puhastab ja samas ei kuivata \u00f6rna nahka. V\u00e4ga \u00f6rn ja maagiliselt pehme ning sobib tundliku nahaga beebidele. T\u00e4psema n\u00f5u saamiseks v\u00f5ite v\u00f5tta \u00fchendust Biotuse veebisaidi halduriga.<\/p>\n<p>Koostisosad<\/p>\n<p>Vesi, dets\u00fc\u00fclgl\u00fckosiid, gl\u00fctseriin, ksantaankummi, lavendli\u00f6is ekstrakt, kummeli\u00f6ie ekstrakt, vaniljeekstrakt, jasmiini lilleekstrakt, kookos\u00f6li, safloori\u00f6li, kookosgl\u00fckosiid, gl\u00fctser\u00fc\u00fcloleaat, gl\u00fckooldistearaat, gl\u00fctser\u00fc\u00fclstearaat, h\u00fcdrogeenitud palmi gl\u00fctseriidide tsitraat, tokoferool, letsitiin, bensoeetsorbataan, fosforiidisool, bensoeet-A. , et\u00fc\u00fclheks\u00fc\u00fclgl\u00fctseriin, sidrunhape, tsitronellool, kumariin, alfa-isomet\u00fc\u00fclionoon, but\u00fc\u00fclfen\u00fc\u00fclmet\u00fc\u00fclpropionaal, heks\u00fc\u00fclkaneel, limoneen, linalool, h\u00fcdroks\u00fcisoheks\u00fc\u00fcl-3-ts\u00fcklohekseenkarboksaldeh\u00fc\u00fcd, aroom.<\/p>","protected":false},"excerpt":{"rendered":"<p>Puhastusvahend vahutab kaunilt ning sisaldab rahustavat segu lavendli-, kummeli-, jasmiini- ja vaniljeekstraktidest ning eeterlikest lidest, millel on omadus nahka siluda, taastada naha niiskust ja \u00f6rnalt siluda beebi sametist nahka. Parast selle pealekandmist muutub nahk puhtaks, pehmeks ja terveks. Toode ei sisalda seepi, see puhastab ja samas ei kuivata \u00f6rna nahka. V\u00e4ga \u00f6rn ja maagiliselt pehme [&hellip;]<\/p>","protected":false},"featured_media":350298,"comment_status":"open","ping_status":"closed","template":"","meta":{"_acf_changed":false},"product_brand":[],"product_cat":[158,104],"product_tag":[],"class_list":{"0":"post-350297","1":"product","2":"type-product","3":"status-publish","4":"has-post-thumbnail","6":"product_cat-kehahooldus","7":"product_cat-enesehooldus","9":"first","10":"instock","11":"sale","12":"taxable","13":"shipping-taxable","14":"purchasable","15":"product-type-simple"},"supplier_id":null,"supplier_sku":"","barcode":null,"atum_controlled":true,"out_stock_date":null,"out_stock_threshold":null,"inheritable":false,"inbound_stock":0,"stock_on_hold":1,"sold_today":1,"sales_last_days":7,"reserved_stock":0,"customer_returns":0,"warehouse_damage":0,"lost_in_post":0,"other_logs":0,"out_stock_days":0,"lost_sales":0,"has_location":false,"update_date":"2026-02-12T09:54:58","atum_locations":[],"atum_stock_status":"instock","restock_status":false,"low_stock_amount":"","sales_update_date":"2026-02-12T09:54:49","calc_backorders":null,"acf":[],"_links":{"self":[{"href":"https:\/\/vbd.dev.sumena.ee\/en\/wp-json\/wp\/v2\/product\/350297","targetHints":{"allow":["GET"]}}],"collection":[{"href":"https:\/\/vbd.dev.sumena.ee\/en\/wp-json\/wp\/v2\/product"}],"about":[{"href":"https:\/\/vbd.dev.sumena.ee\/en\/wp-json\/wp\/v2\/types\/product"}],"replies":[{"embeddable":true,"href":"https:\/\/vbd.dev.sumena.ee\/en\/wp-json\/wp\/v2\/comments?post=350297"}],"wp:featuredmedia":[{"embeddable":true,"href":"https:\/\/vbd.dev.sumena.ee\/en\/wp-json\/wp\/v2\/media\/350298"}],"wp:attachment":[{"href":"https:\/\/vbd.dev.sumena.ee\/en\/wp-json\/wp\/v2\/media?parent=350297"}],"wp:term":[{"taxonomy":"product_brand","embeddable":true,"href":"https:\/\/vbd.dev.sumena.ee\/en\/wp-json\/wp\/v2\/product_brand?post=350297"},{"taxonomy":"product_cat","embeddable":true,"href":"https:\/\/vbd.dev.sumena.ee\/en\/wp-json\/wp\/v2\/product_cat?post=350297"},{"taxonomy":"product_tag","embeddable":true,"href":"https:\/\/vbd.dev.sumena.ee\/en\/wp-json\/wp\/v2\/product_tag?post=350297"}],"curies":[{"name":"wp","href":"https:\/\/api.w.org\/{rel}","templated":true}]}}