{"id":349285,"date":"2026-02-04T10:00:58","date_gmt":"2026-02-04T07:00:58","guid":{"rendered":"https:\/\/vbd.dev.sumena.ee\/?post_type=product&#038;p=349285"},"modified":"2026-02-12T18:23:17","modified_gmt":"2026-02-12T15:23:17","slug":"kartulikropsud-taffel-tsilli-ja-tsitrusemaitselised-180g","status":"publish","type":"product","link":"https:\/\/vbd.dev.sumena.ee\/en\/product-2\/kartulikropsud-taffel-tsilli-ja-tsitrusemaitselised-180g\/","title":{"rendered":"Kartulikr\u00f5psud TAFFEL T\u0161illi- ja tsitrusemaitselised 180g"},"content":{"rendered":"<p>Taffeli uued t\u0161illi- ja tsitrusemaitselised kartulikr\u00f5psud pakuvad t\u00e4iuslikku maitsete tasakaalu. Need kr\u00f5psud on valmistatud hoolik alt valitud\u2026<\/p>\n<h3 class=\"izDEqE llpRim gZSiXk kvXNxI lgoqEg fygOE ijAptY\">Koostisosad<\/h3>\n<div class=\"sc-57154a31-2 iJVmTs\">\n<p>kartulid (61%), taimne \u00f5li (p\u00e4evalille\u00f5li (S)* v\u00f5i palmi\u00f5li (P)* v\u00f5i rapsi\u00f5li (R)*), v\u00fcrtsisegu (7%) (sool, maltodekstriin, suhkur, fruktoos, v\u00fcrtsid, p\u00e4rmiekstrakt, tomatipulber, t\u0161illipulber (3, 3%), happesuse regulaator (sidrunhape), sibulapulber, t\u0161illipipar, l \u00f5hna- ja maitseaine, sidrunimahla pulber (1, 2%), v\u00fcrtsiekstrakt (paprika, t\u0161illipipar), laimimahla kontsentraat (0, 1%)).<\/p>\n<\/div>","protected":false},"excerpt":{"rendered":"<p>Taffeli uued t\u0161illi- ja tsitrusemaitselised kartulikr\u00f5psud pakuvad t\u00e4iuslikku maitsete tasakaalu. Need kr\u00f5psud on valmistatud hoolik alt valitud\u2026 Koostisosad kartulid (61%), taimne \u00f5li (p\u00e4evalille\u00f5li (S)* v\u00f5i palmi\u00f5li (P)* v\u00f5i rapsi\u00f5li (R)*), v\u00fcrtsisegu (7%) (sool, maltodekstriin, suhkur, fruktoos, v\u00fcrtsid, p\u00e4rmiekstrakt, tomatipulber, t\u0161illipulber (3, 3%), happesuse regulaator (sidrunhape), sibulapulber, t\u0161illipipar, l \u00f5hna- ja maitseaine, sidrunimahla pulber (1, 2%), [&hellip;]<\/p>","protected":false},"featured_media":349286,"comment_status":"open","ping_status":"closed","template":"","meta":{"_acf_changed":false},"product_brand":[],"product_cat":[80,81],"product_tag":[],"class_list":{"0":"post-349285","1":"product","2":"type-product","3":"status-publish","4":"has-post-thumbnail","6":"product_cat-snakid","7":"product_cat-kropsud","9":"first","10":"instock","11":"sale","12":"taxable","13":"shipping-taxable","14":"purchasable","15":"product-type-simple"},"supplier_id":null,"supplier_sku":"","barcode":null,"atum_controlled":true,"out_stock_date":null,"out_stock_threshold":null,"inheritable":false,"inbound_stock":0,"stock_on_hold":139,"sold_today":127,"sales_last_days":835,"reserved_stock":0,"customer_returns":0,"warehouse_damage":0,"lost_in_post":0,"other_logs":0,"out_stock_days":0,"lost_sales":0,"has_location":false,"update_date":"2026-02-12T15:50:50","atum_locations":[],"atum_stock_status":"instock","restock_status":true,"low_stock_amount":"","sales_update_date":"2026-02-12T15:50:40","calc_backorders":null,"acf":[],"_links":{"self":[{"href":"https:\/\/vbd.dev.sumena.ee\/en\/wp-json\/wp\/v2\/product\/349285","targetHints":{"allow":["GET"]}}],"collection":[{"href":"https:\/\/vbd.dev.sumena.ee\/en\/wp-json\/wp\/v2\/product"}],"about":[{"href":"https:\/\/vbd.dev.sumena.ee\/en\/wp-json\/wp\/v2\/types\/product"}],"replies":[{"embeddable":true,"href":"https:\/\/vbd.dev.sumena.ee\/en\/wp-json\/wp\/v2\/comments?post=349285"}],"wp:featuredmedia":[{"embeddable":true,"href":"https:\/\/vbd.dev.sumena.ee\/en\/wp-json\/wp\/v2\/media\/349286"}],"wp:attachment":[{"href":"https:\/\/vbd.dev.sumena.ee\/en\/wp-json\/wp\/v2\/media?parent=349285"}],"wp:term":[{"taxonomy":"product_brand","embeddable":true,"href":"https:\/\/vbd.dev.sumena.ee\/en\/wp-json\/wp\/v2\/product_brand?post=349285"},{"taxonomy":"product_cat","embeddable":true,"href":"https:\/\/vbd.dev.sumena.ee\/en\/wp-json\/wp\/v2\/product_cat?post=349285"},{"taxonomy":"product_tag","embeddable":true,"href":"https:\/\/vbd.dev.sumena.ee\/en\/wp-json\/wp\/v2\/product_tag?post=349285"}],"curies":[{"name":"wp","href":"https:\/\/api.w.org\/{rel}","templated":true}]}}