{"id":349209,"date":"2026-01-06T16:23:31","date_gmt":"2026-01-06T13:23:31","guid":{"rendered":"https:\/\/vbd.dev.sumena.ee\/?post_type=product&#038;p=349209"},"modified":"2026-02-12T18:23:21","modified_gmt":"2026-02-12T15:23:21","slug":"turgi-maius-eureni-angel-hair-suhkruvati-ja-pistaatsiakreemi-90-g","status":"publish","type":"product","link":"https:\/\/vbd.dev.sumena.ee\/en\/product-2\/turgi-maius-eureni-angel-hair-suhkruvati-ja-pistaatsiakreemi-90-g\/","title":{"rendered":"\u0160okolaad Angel Hair suhkruvati ja pistaatsiakreemi, EURENI, 90 g"},"content":{"rendered":"<p data-start=\"129\" data-end=\"799\" class=\" translation-block\"><strong data-start=\"129\" data-end=\"145\">Koostisosad:<\/strong><br data-start=\"145\" data-end=\"148\"><strong data-start=\"148\" data-end=\"165\">Piima\u0161okolaad<\/strong> (70%) [suhkur, kakaov\u00f5i, <strong data-start=\"191\" data-end=\"210\">t\u00e4ispiimapulber<\/strong> (9,4%), kakaomass, <strong data-start=\"230\" data-end=\"245\">l\u00f5ssipulber<\/strong> (0,3%), emulgaatorid (p\u00e4evalilleletsitiin, pol\u00fcgl\u00fctseroolpol\u00fcritsinoleaat, <strong data-start=\"321\" data-end=\"338\">sojaletsitiin<\/strong>), l\u00f5hna- ja maitseaine (vanill)],<br data-start=\"372\" data-end=\"375\"><strong data-start=\"375\" data-end=\"395\">pistaatsiat\u00e4idis<\/strong> (15%) [<strong data-start=\"403\" data-end=\"424\">pistaatsiap\u00e4hklid<\/strong> (11%), <strong data-start=\"432\" data-end=\"452\">sarapuup\u00e4hkli\u00f5li<\/strong>, suhkur, emulgaatorid (p\u00e4evalilleletsitiin, pol\u00fcgl\u00fctseroolpol\u00fcritsinoleaat), sool, t\u00e4rklis],<br data-start=\"545\" data-end=\"548\"><strong data-start=\"548\" data-end=\"591\">maasika- ja vanillimaitseline pi\u0161maniye<\/strong> (15%) [peedisuhkur, <strong data-start=\"612\" data-end=\"624\">nisujahu<\/strong>, joogivesi, h\u00fcdrogeenitud taimne rasv (PALM), hape (sidrunhape, E330), vanilliin, looduslik l\u00f5hna- ja maitseaine (maasikas), v\u00e4rvaine (peedipunane), <strong data-start=\"774\" data-end=\"797\">piim ja piimavalgud<\/strong>].<\/p>\n<p data-start=\"801\" data-end=\"857\">","protected":false},"excerpt":{"rendered":"<p class=\" translation-block\"><strong data-start=\"129\" data-end=\"145\">Koostisosad:<\/strong><br data-start=\"145\" data-end=\"148\"><strong data-start=\"148\" data-end=\"165\">Piima\u0161okolaad<\/strong> (70%) [suhkur, kakaov\u00f5i, <strong data-start=\"191\" data-end=\"210\">t\u00e4ispiimapulber<\/strong> (9,4%), kakaomass, <strong data-start=\"230\" data-end=\"245\">l\u00f5ssipulber<\/strong> (0,3%), emulgaatorid (p\u00e4evalilleletsitiin, pol\u00fcgl\u00fctseroolpol\u00fcritsinoleaat, <strong data-start=\"321\" data-end=\"338\">sojaletsitiin<\/strong>), l\u00f5hna- ja maitseaine (vanill)],<br data-start=\"372\" data-end=\"375\"><strong data-start=\"375\" data-end=\"395\">pistaatsiat\u00e4idis<\/strong> (15%) [<strong data-start=\"403\" data-end=\"424\">pistaatsiap\u00e4hklid<\/strong> (11%), <strong data-start=\"432\" data-end=\"452\">sarapuup\u00e4hkli\u00f5li<\/strong>, suhkur, emulgaatorid (p\u00e4evalilleletsitiin, pol\u00fcgl\u00fctseroolpol\u00fcritsinoleaat), sool, t\u00e4rklis],<br data-start=\"545\" data-end=\"548\"><strong data-start=\"548\" data-end=\"591\">maasika- ja vanillimaitseline pi\u0161maniye<\/strong> (15%) [peedisuhkur, <strong data-start=\"612\" data-end=\"624\">nisujahu<\/strong>, joogivesi, h\u00fcdrogeenitud taimne rasv (PALM), hape (sidrunhape, E330), vanilliin, looduslik l\u00f5hna- ja maitseaine (maasikas), v\u00e4rvaine (peedipunane), <strong data-start=\"774\" data-end=\"797\">piim ja piimavalgud<\/strong>].<\/p>","protected":false},"featured_media":349210,"comment_status":"open","ping_status":"closed","template":"","meta":{"_acf_changed":false},"product_brand":[],"product_cat":[87,77,84],"product_tag":[],"class_list":{"0":"post-349209","1":"product","2":"type-product","3":"status-publish","4":"has-post-thumbnail","6":"product_cat-meie-lemmikud","7":"product_cat-maiustused","8":"product_cat-sokolaad","10":"first","11":"instock","12":"sale","13":"taxable","14":"shipping-taxable","15":"purchasable","16":"product-type-simple"},"supplier_id":null,"supplier_sku":"","barcode":null,"atum_controlled":true,"out_stock_date":null,"out_stock_threshold":null,"inheritable":false,"inbound_stock":0,"stock_on_hold":24,"sold_today":13,"sales_last_days":1244,"reserved_stock":0,"customer_returns":0,"warehouse_damage":0,"lost_in_post":0,"other_logs":0,"out_stock_days":0,"lost_sales":0,"has_location":false,"update_date":"2026-02-12T15:47:40","atum_locations":[],"atum_stock_status":"instock","restock_status":false,"low_stock_amount":"","sales_update_date":"2026-02-12T15:47:31","calc_backorders":null,"acf":[],"_links":{"self":[{"href":"https:\/\/vbd.dev.sumena.ee\/en\/wp-json\/wp\/v2\/product\/349209","targetHints":{"allow":["GET"]}}],"collection":[{"href":"https:\/\/vbd.dev.sumena.ee\/en\/wp-json\/wp\/v2\/product"}],"about":[{"href":"https:\/\/vbd.dev.sumena.ee\/en\/wp-json\/wp\/v2\/types\/product"}],"replies":[{"embeddable":true,"href":"https:\/\/vbd.dev.sumena.ee\/en\/wp-json\/wp\/v2\/comments?post=349209"}],"wp:featuredmedia":[{"embeddable":true,"href":"https:\/\/vbd.dev.sumena.ee\/en\/wp-json\/wp\/v2\/media\/349210"}],"wp:attachment":[{"href":"https:\/\/vbd.dev.sumena.ee\/en\/wp-json\/wp\/v2\/media?parent=349209"}],"wp:term":[{"taxonomy":"product_brand","embeddable":true,"href":"https:\/\/vbd.dev.sumena.ee\/en\/wp-json\/wp\/v2\/product_brand?post=349209"},{"taxonomy":"product_cat","embeddable":true,"href":"https:\/\/vbd.dev.sumena.ee\/en\/wp-json\/wp\/v2\/product_cat?post=349209"},{"taxonomy":"product_tag","embeddable":true,"href":"https:\/\/vbd.dev.sumena.ee\/en\/wp-json\/wp\/v2\/product_tag?post=349209"}],"curies":[{"name":"wp","href":"https:\/\/api.w.org\/{rel}","templated":true}]}}