{"id":349207,"date":"2026-01-06T16:15:21","date_gmt":"2026-01-06T13:15:21","guid":{"rendered":"https:\/\/vbd.dev.sumena.ee\/?post_type=product&#038;p=349207"},"modified":"2026-02-11T23:21:03","modified_gmt":"2026-02-11T20:21:03","slug":"korremaius-jelly-straws-puuviljad-300g","status":"publish","type":"product","link":"https:\/\/vbd.dev.sumena.ee\/en\/product-2\/korremaius-jelly-straws-puuviljad-300g\/","title":{"rendered":"K\u00f5rremaius Jelly Straws puuviljad 300g"},"content":{"rendered":"<p><strong>Ingredients:<\/strong> Vesi, suhkur, fruktoos, kummi (karrageen, jaanileivapuujahu), sidrunhape, \u00f5unhape, puuviljade l\u00f5hna- ja maitseained (maasikas, viinamari, ananass, roheline \u00f5un).<\/p>","protected":false},"excerpt":{"rendered":"<p>Koostisosad: Vesi, suhkur, fruktoos, kummi (karrageen, jaanileivapuujahu), sidrunhape, \u00f5unhape, puuviljade l\u00f5hna- ja maitseained (maasikas, viinamari, ananass, roheline \u00f5un).<\/p>","protected":false},"featured_media":349208,"comment_status":"open","ping_status":"closed","template":"","meta":{"_acf_changed":false},"product_brand":[],"product_cat":[77,80,82],"product_tag":[],"class_list":{"0":"post-349207","1":"product","2":"type-product","3":"status-publish","4":"has-post-thumbnail","6":"product_cat-maiustused","7":"product_cat-snakid","8":"product_cat-muu-hea","10":"first","11":"instock","12":"sale","13":"taxable","14":"shipping-taxable","15":"purchasable","16":"product-type-simple"},"supplier_id":null,"supplier_sku":"","barcode":null,"atum_controlled":true,"out_stock_date":null,"out_stock_threshold":null,"inheritable":false,"inbound_stock":0,"stock_on_hold":1,"sold_today":0,"sales_last_days":271,"reserved_stock":0,"customer_returns":0,"warehouse_damage":0,"lost_in_post":0,"other_logs":0,"out_stock_days":0,"lost_sales":0,"has_location":false,"update_date":"2026-02-12T14:20:02","atum_locations":[],"atum_stock_status":"instock","restock_status":true,"low_stock_amount":"","sales_update_date":"2026-02-12T14:19:52","calc_backorders":null,"acf":[],"_links":{"self":[{"href":"https:\/\/vbd.dev.sumena.ee\/en\/wp-json\/wp\/v2\/product\/349207","targetHints":{"allow":["GET"]}}],"collection":[{"href":"https:\/\/vbd.dev.sumena.ee\/en\/wp-json\/wp\/v2\/product"}],"about":[{"href":"https:\/\/vbd.dev.sumena.ee\/en\/wp-json\/wp\/v2\/types\/product"}],"replies":[{"embeddable":true,"href":"https:\/\/vbd.dev.sumena.ee\/en\/wp-json\/wp\/v2\/comments?post=349207"}],"wp:featuredmedia":[{"embeddable":true,"href":"https:\/\/vbd.dev.sumena.ee\/en\/wp-json\/wp\/v2\/media\/349208"}],"wp:attachment":[{"href":"https:\/\/vbd.dev.sumena.ee\/en\/wp-json\/wp\/v2\/media?parent=349207"}],"wp:term":[{"taxonomy":"product_brand","embeddable":true,"href":"https:\/\/vbd.dev.sumena.ee\/en\/wp-json\/wp\/v2\/product_brand?post=349207"},{"taxonomy":"product_cat","embeddable":true,"href":"https:\/\/vbd.dev.sumena.ee\/en\/wp-json\/wp\/v2\/product_cat?post=349207"},{"taxonomy":"product_tag","embeddable":true,"href":"https:\/\/vbd.dev.sumena.ee\/en\/wp-json\/wp\/v2\/product_tag?post=349207"}],"curies":[{"name":"wp","href":"https:\/\/api.w.org\/{rel}","templated":true}]}}