{"id":348615,"date":"2026-01-05T17:08:08","date_gmt":"2026-01-05T14:08:08","guid":{"rendered":"https:\/\/vbd.dev.sumena.ee\/?post_type=product&#038;p=348615"},"modified":"2026-02-11T17:18:04","modified_gmt":"2026-02-11T14:18:04","slug":"kommid-gumball-factory-tobies-96-g","status":"publish","type":"product","link":"https:\/\/vbd.dev.sumena.ee\/en\/product-2\/kommid-gumball-factory-tobies-96-g\/","title":{"rendered":"Kommid Gumball Factory, TOBIES, 96 g"},"content":{"rendered":"<p><strong>Koostisosad<\/strong>: suhkur, gl\u00fckoosisiirup, n\u00e4rimiskummi alus, l\u00f5hna- ja maitseained, happesuse regulaator (E330), paksendaja (E414), v\u00e4rvained (E141, E150d, E160c, E161b, E162, E163, E133)<\/p>\n<p>Toitev\u00e4\u00e4rtus 100 g kohta: energia 1491 kJ\/351 kcal; rasv 0 g (millest k\u00fcllastunud rasvhappeid 0 g); s\u00fcsivesikud 88 g (millest suhkrud 83 g); valgud 0 g; sool 0,06 g<\/p>","protected":false},"excerpt":{"rendered":"<p>Koostisosad: suhkur, gl\u00fckoosisiirup, n\u00e4rimiskummi alus, l\u00f5hna- ja maitseained, happesuse regulaator (E330), paksendaja (E414), v\u00e4rvained (E141, E150d, E160c, E161b, E162, E163, E133) Toitev\u00e4\u00e4rtus 100 g kohta: energia 1491 kJ\/351 kcal; rasv 0 g (millest k\u00fcllastunud rasvhappeid 0 g); s\u00fcsivesikud 88 g (millest suhkrud 83 g); valgud 0 g; sool 0,06 g<\/p>","protected":false},"featured_media":348617,"comment_status":"open","ping_status":"closed","template":"","meta":{"_acf_changed":false},"product_brand":[],"product_cat":[77,78],"product_tag":[],"class_list":{"0":"post-348615","1":"product","2":"type-product","3":"status-publish","4":"has-post-thumbnail","6":"product_cat-maiustused","7":"product_cat-kommid","9":"first","10":"instock","11":"taxable","12":"shipping-taxable","13":"purchasable","14":"product-type-simple"},"supplier_id":null,"supplier_sku":"","barcode":null,"atum_controlled":true,"out_stock_date":null,"out_stock_threshold":null,"inheritable":false,"inbound_stock":0,"stock_on_hold":1,"sold_today":0,"sales_last_days":34,"reserved_stock":0,"customer_returns":0,"warehouse_damage":0,"lost_in_post":0,"other_logs":0,"out_stock_days":0,"lost_sales":0,"has_location":false,"update_date":"2026-02-12T11:43:29","atum_locations":[],"atum_stock_status":"instock","restock_status":false,"low_stock_amount":"","sales_update_date":"2026-02-12T11:43:20","calc_backorders":null,"acf":[],"_links":{"self":[{"href":"https:\/\/vbd.dev.sumena.ee\/en\/wp-json\/wp\/v2\/product\/348615","targetHints":{"allow":["GET"]}}],"collection":[{"href":"https:\/\/vbd.dev.sumena.ee\/en\/wp-json\/wp\/v2\/product"}],"about":[{"href":"https:\/\/vbd.dev.sumena.ee\/en\/wp-json\/wp\/v2\/types\/product"}],"replies":[{"embeddable":true,"href":"https:\/\/vbd.dev.sumena.ee\/en\/wp-json\/wp\/v2\/comments?post=348615"}],"wp:featuredmedia":[{"embeddable":true,"href":"https:\/\/vbd.dev.sumena.ee\/en\/wp-json\/wp\/v2\/media\/348617"}],"wp:attachment":[{"href":"https:\/\/vbd.dev.sumena.ee\/en\/wp-json\/wp\/v2\/media?parent=348615"}],"wp:term":[{"taxonomy":"product_brand","embeddable":true,"href":"https:\/\/vbd.dev.sumena.ee\/en\/wp-json\/wp\/v2\/product_brand?post=348615"},{"taxonomy":"product_cat","embeddable":true,"href":"https:\/\/vbd.dev.sumena.ee\/en\/wp-json\/wp\/v2\/product_cat?post=348615"},{"taxonomy":"product_tag","embeddable":true,"href":"https:\/\/vbd.dev.sumena.ee\/en\/wp-json\/wp\/v2\/product_tag?post=348615"}],"curies":[{"name":"wp","href":"https:\/\/api.w.org\/{rel}","templated":true}]}}