{"id":346497,"date":"2025-12-31T17:33:37","date_gmt":"2025-12-31T14:33:37","guid":{"rendered":"https:\/\/vbd.dev.sumena.ee\/?post_type=product&#038;p=346497"},"modified":"2026-02-11T23:27:30","modified_gmt":"2026-02-11T20:27:30","slug":"praepann-20cm-royal-van-kempen","status":"publish","type":"product","link":"https:\/\/vbd.dev.sumena.ee\/en\/product-2\/praepann-20cm-royal-van-kempen\/","title":{"rendered":"Praepann 20cm ROYAL VAN KEMPEN"},"content":{"rendered":"<ul>\n<li>L\u00e4bim\u00f5\u00f5t 28 cm<\/li>\n<li>PFAS-vaba keraamiline mittenakkuv kate<\/li>\n<li>\u00dchtlane soojusjaotus<\/li>\n<li>Sobib kasutamiseks igat t\u00fc\u00fcpi pliitidel<\/li>\n<li>Ahjukindel kuni 220\u00b0C<\/li>\n<li>N\u00f5udepesumasinas pestav<\/li>\n<\/ul>","protected":false},"excerpt":{"rendered":"<p>L\u00e4bim\u00f5\u00f5t 28 cm PFAS-vaba keraamiline mittenakkuv kate \u00dchtlane soojusjaotus Sobib kasutamiseks igat t\u00fc\u00fcpi pliitidel Ahjukindel kuni 220\u00b0C N\u00f5udepesumasinas pestav<\/p>","protected":false},"featured_media":346498,"comment_status":"open","ping_status":"closed","template":"","meta":{"_acf_changed":false},"product_brand":[],"product_cat":[186,88],"product_tag":[],"class_list":{"0":"post-346497","1":"product","2":"type-product","3":"status-publish","4":"has-post-thumbnail","6":"product_cat-kodukaubad","7":"product_cat-tarbekaubad-tooted","9":"first","10":"instock","11":"taxable","12":"shipping-taxable","13":"purchasable","14":"product-type-simple"},"supplier_id":null,"supplier_sku":"","barcode":null,"atum_controlled":true,"out_stock_date":null,"out_stock_threshold":null,"inheritable":false,"inbound_stock":0,"stock_on_hold":0,"sold_today":1,"sales_last_days":3,"reserved_stock":0,"customer_returns":0,"warehouse_damage":0,"lost_in_post":0,"other_logs":0,"out_stock_days":0,"lost_sales":0,"has_location":false,"update_date":"2026-02-11T20:29:57","atum_locations":[],"atum_stock_status":"instock","restock_status":false,"low_stock_amount":"","sales_update_date":"2026-02-11T20:29:49","calc_backorders":null,"acf":[],"_links":{"self":[{"href":"https:\/\/vbd.dev.sumena.ee\/en\/wp-json\/wp\/v2\/product\/346497","targetHints":{"allow":["GET"]}}],"collection":[{"href":"https:\/\/vbd.dev.sumena.ee\/en\/wp-json\/wp\/v2\/product"}],"about":[{"href":"https:\/\/vbd.dev.sumena.ee\/en\/wp-json\/wp\/v2\/types\/product"}],"replies":[{"embeddable":true,"href":"https:\/\/vbd.dev.sumena.ee\/en\/wp-json\/wp\/v2\/comments?post=346497"}],"wp:featuredmedia":[{"embeddable":true,"href":"https:\/\/vbd.dev.sumena.ee\/en\/wp-json\/wp\/v2\/media\/346498"}],"wp:attachment":[{"href":"https:\/\/vbd.dev.sumena.ee\/en\/wp-json\/wp\/v2\/media?parent=346497"}],"wp:term":[{"taxonomy":"product_brand","embeddable":true,"href":"https:\/\/vbd.dev.sumena.ee\/en\/wp-json\/wp\/v2\/product_brand?post=346497"},{"taxonomy":"product_cat","embeddable":true,"href":"https:\/\/vbd.dev.sumena.ee\/en\/wp-json\/wp\/v2\/product_cat?post=346497"},{"taxonomy":"product_tag","embeddable":true,"href":"https:\/\/vbd.dev.sumena.ee\/en\/wp-json\/wp\/v2\/product_tag?post=346497"}],"curies":[{"name":"wp","href":"https:\/\/api.w.org\/{rel}","templated":true}]}}