{"id":346487,"date":"2025-12-31T17:14:02","date_gmt":"2025-12-31T14:14:02","guid":{"rendered":"https:\/\/vbd.dev.sumena.ee\/?post_type=product&#038;p=346487"},"modified":"2026-02-06T08:05:06","modified_gmt":"2026-02-06T05:05:06","slug":"blender-moulinex-450w-15l","status":"publish","type":"product","link":"https:\/\/vbd.dev.sumena.ee\/en\/product-2\/blender-moulinex-450w-15l\/","title":{"rendered":"Blender MOULINEX, 450W 1,5L"},"content":{"rendered":"<p>Moulinexi blender Blendeo+ LM2C3110. T\u00e4iustage oma segamiskogemust \u2013 Moulinex Blendeo+ muudab segamise kiireks ja lihtsaks!<\/p>\n<p>See mugav blender \u00fchendab endas parima vastupidava segamisj\u00f5udluse \u2013 alates j\u00e4\u00e4 purustamise tehnoloogiast, mis muudab j\u00e4\u00e4 v\u00e4hem kui minutiga lumeks, kuni asjatundliku tootmise ja \u00fclivastupidavate labadeni. See erakordne smuutide ja kokteilide blender on varustatud ka nutika lukustuss\u00fcsteemiga, mis muudab labade eemaldamise vaevatuks \u2013 kiireks ja lihtsaks puhastamiseks. Pilt on illustreeriv. Pretensiooni esitamise aeg erakliendile 2 aastat.<\/p>","protected":false},"excerpt":{"rendered":"<p>Moulinexi blender Blendeo+ LM2C3110. T\u00e4iustage oma segamiskogemust \u2013 Moulinex Blendeo+ muudab segamise kiireks ja lihtsaks! See mugav blender \u00fchendab endas parima vastupidava segamisj\u00f5udluse \u2013 alates j\u00e4\u00e4 purustamise tehnoloogiast, mis muudab j\u00e4\u00e4 v\u00e4hem kui minutiga lumeks, kuni asjatundliku tootmise ja \u00fclivastupidavate labadeni. See erakordne smuutide ja kokteilide blender on varustatud ka nutika lukustuss\u00fcsteemiga, mis muudab labade [&hellip;]<\/p>","protected":false},"featured_media":346488,"comment_status":"open","ping_status":"closed","template":"","meta":{"_acf_changed":false},"product_brand":[],"product_cat":[186,88],"product_tag":[],"class_list":{"0":"post-346487","1":"product","2":"type-product","3":"status-publish","4":"has-post-thumbnail","6":"product_cat-kodukaubad","7":"product_cat-tarbekaubad-tooted","9":"first","10":"instock","11":"sale","12":"taxable","13":"shipping-taxable","14":"purchasable","15":"product-type-simple"},"supplier_id":null,"supplier_sku":"","barcode":null,"atum_controlled":true,"out_stock_date":null,"out_stock_threshold":null,"inheritable":false,"inbound_stock":0,"stock_on_hold":0,"sold_today":0,"sales_last_days":1,"reserved_stock":0,"customer_returns":0,"warehouse_damage":0,"lost_in_post":0,"other_logs":0,"out_stock_days":0,"lost_sales":0,"has_location":false,"update_date":"2026-02-09T12:49:21","atum_locations":[],"atum_stock_status":"instock","restock_status":false,"low_stock_amount":"","sales_update_date":"2026-02-09T12:49:21","calc_backorders":null,"acf":[],"_links":{"self":[{"href":"https:\/\/vbd.dev.sumena.ee\/en\/wp-json\/wp\/v2\/product\/346487","targetHints":{"allow":["GET"]}}],"collection":[{"href":"https:\/\/vbd.dev.sumena.ee\/en\/wp-json\/wp\/v2\/product"}],"about":[{"href":"https:\/\/vbd.dev.sumena.ee\/en\/wp-json\/wp\/v2\/types\/product"}],"replies":[{"embeddable":true,"href":"https:\/\/vbd.dev.sumena.ee\/en\/wp-json\/wp\/v2\/comments?post=346487"}],"wp:featuredmedia":[{"embeddable":true,"href":"https:\/\/vbd.dev.sumena.ee\/en\/wp-json\/wp\/v2\/media\/346488"}],"wp:attachment":[{"href":"https:\/\/vbd.dev.sumena.ee\/en\/wp-json\/wp\/v2\/media?parent=346487"}],"wp:term":[{"taxonomy":"product_brand","embeddable":true,"href":"https:\/\/vbd.dev.sumena.ee\/en\/wp-json\/wp\/v2\/product_brand?post=346487"},{"taxonomy":"product_cat","embeddable":true,"href":"https:\/\/vbd.dev.sumena.ee\/en\/wp-json\/wp\/v2\/product_cat?post=346487"},{"taxonomy":"product_tag","embeddable":true,"href":"https:\/\/vbd.dev.sumena.ee\/en\/wp-json\/wp\/v2\/product_tag?post=346487"}],"curies":[{"name":"wp","href":"https:\/\/api.w.org\/{rel}","templated":true}]}}