{"id":346063,"date":"2025-12-30T18:12:47","date_gmt":"2025-12-30T15:12:47","guid":{"rendered":"https:\/\/vbd.dev.sumena.ee\/?post_type=product&#038;p=346063"},"modified":"2026-02-12T17:13:12","modified_gmt":"2026-02-12T14:13:12","slug":"virsikulohnaline-kehalohnastaja-yolyn-200ml","status":"publish","type":"product","link":"https:\/\/vbd.dev.sumena.ee\/en\/product-2\/virsikulohnaline-kehalohnastaja-yolyn-200ml\/","title":{"rendered":"Virsikul\u00f5hnaline kehal\u00f5hnastaja YOLYN 200ml"},"content":{"rendered":"<div class=\"classic-editor\">\n<p>Virsikul\u00f5hnaline kehal\u00f5hnastaja. Ainulaadne virsiku ja vanilje kombinatsioon. Puuviljased noodid viivad sind paradiisiaeda ja tekitavad magusaid m\u00e4lestusi. Ei sisalda alkoholi. Kanna toodet kohtadele, mis vajavad niisutust \u2013 n\u00e4ole, kehale ja isegi juustele. Naudi h\u00e4mmastavat l\u00f5hna. V\u00e4ltida silma sattumist.<\/p>\n<\/div>\n<div class=\"classic-editor\">\n<p><strong>Ingredients:<\/strong> Aqua (Water), Prunus Persica (Peach) Fruit Extract, PEG-40 Hydrogenated Castor Oil, Phenoxyethanol, Parfum (Fragrance), Ethylhexyl Salicylate, Ethylhexylglycerin, Butyl Methoxydibenzoylmethane, Diethylhexyl Syringylidenemalonate, Citric Acid, Benzyl Salicylate, Coumarin, Glycerin, Linalool, Potassium Sorbate, Sodium Benzoate, CI 17200 (Red 33), CI 42090 (Blue 1)<\/p>\n<\/div>","protected":false},"excerpt":{"rendered":"<p>Virsikul\u00f5hnaline kehal\u00f5hnastaja. Ainulaadne virsiku ja vanilje kombinatsioon. Puuviljased noodid viivad sind paradiisiaeda ja tekitavad magusaid m\u00e4lestusi. Ei sisalda alkoholi. Kanna toodet kohtadele, mis vajavad niisutust \u2013 n\u00e4ole, kehale ja isegi juustele. Naudi h\u00e4mmastavat l\u00f5hna. V\u00e4ltida silma sattumist. Koostisosad: Aqua (Water), Prunus Persica (Peach) Fruit Extract, PEG-40 Hydrogenated Castor Oil, Phenoxyethanol, Parfum (Fragrance), Ethylhexyl Salicylate, Ethylhexylglycerin, [&hellip;]<\/p>","protected":false},"featured_media":346065,"comment_status":"open","ping_status":"closed","template":"","meta":{"_acf_changed":false},"product_brand":[],"product_cat":[158,104],"product_tag":[],"class_list":{"0":"post-346063","1":"product","2":"type-product","3":"status-publish","4":"has-post-thumbnail","6":"product_cat-kehahooldus","7":"product_cat-enesehooldus","9":"first","10":"instock","11":"sale","12":"taxable","13":"shipping-taxable","14":"purchasable","15":"product-type-simple"},"supplier_id":null,"supplier_sku":"","barcode":null,"atum_controlled":true,"out_stock_date":null,"out_stock_threshold":null,"inheritable":false,"inbound_stock":0,"stock_on_hold":1,"sold_today":1,"sales_last_days":19,"reserved_stock":0,"customer_returns":0,"warehouse_damage":0,"lost_in_post":0,"other_logs":0,"out_stock_days":0,"lost_sales":0,"has_location":false,"update_date":"2026-02-12T14:15:17","atum_locations":[],"atum_stock_status":"instock","restock_status":true,"low_stock_amount":"","sales_update_date":"2026-02-12T14:15:08","calc_backorders":null,"acf":[],"_links":{"self":[{"href":"https:\/\/vbd.dev.sumena.ee\/en\/wp-json\/wp\/v2\/product\/346063","targetHints":{"allow":["GET"]}}],"collection":[{"href":"https:\/\/vbd.dev.sumena.ee\/en\/wp-json\/wp\/v2\/product"}],"about":[{"href":"https:\/\/vbd.dev.sumena.ee\/en\/wp-json\/wp\/v2\/types\/product"}],"replies":[{"embeddable":true,"href":"https:\/\/vbd.dev.sumena.ee\/en\/wp-json\/wp\/v2\/comments?post=346063"}],"wp:featuredmedia":[{"embeddable":true,"href":"https:\/\/vbd.dev.sumena.ee\/en\/wp-json\/wp\/v2\/media\/346065"}],"wp:attachment":[{"href":"https:\/\/vbd.dev.sumena.ee\/en\/wp-json\/wp\/v2\/media?parent=346063"}],"wp:term":[{"taxonomy":"product_brand","embeddable":true,"href":"https:\/\/vbd.dev.sumena.ee\/en\/wp-json\/wp\/v2\/product_brand?post=346063"},{"taxonomy":"product_cat","embeddable":true,"href":"https:\/\/vbd.dev.sumena.ee\/en\/wp-json\/wp\/v2\/product_cat?post=346063"},{"taxonomy":"product_tag","embeddable":true,"href":"https:\/\/vbd.dev.sumena.ee\/en\/wp-json\/wp\/v2\/product_tag?post=346063"}],"curies":[{"name":"wp","href":"https:\/\/api.w.org\/{rel}","templated":true}]}}