{"id":345578,"date":"2025-12-29T18:24:18","date_gmt":"2025-12-29T15:24:18","guid":{"rendered":"https:\/\/vbd.dev.sumena.ee\/?post_type=product&#038;p=345578"},"modified":"2026-02-12T17:44:55","modified_gmt":"2026-02-12T14:44:55","slug":"noudepesuvahend-sensitive-mayeri-750ml","status":"publish","type":"product","link":"https:\/\/vbd.dev.sumena.ee\/en\/product-2\/noudepesuvahend-sensitive-mayeri-750ml\/","title":{"rendered":"N\u00f5udepesuvahend Sensitive, MAYERI, 750ml"},"content":{"rendered":"<p>Kontsentreeritud vahend n\u00f5ude k\u00e4sitsipesuks. Lagundab rasvad ja toiduainete j\u00e4\u00e4gid nii soojas kui jahedas vees.Ei sisalda l\u00f5hna ega v\u00e4rviaineid. Sobib kasutamiseks allergikutele ning tundliku nahat\u00fc\u00fcbiga inimestele.<\/p>","protected":false},"excerpt":{"rendered":"<p>Kontsentreeritud vahend n\u00f5ude k\u00e4sitsipesuks. Lagundab rasvad ja toiduainete j\u00e4\u00e4gid nii soojas kui jahedas vees.Ei sisalda l\u00f5hna ega v\u00e4rviaineid. Sobib kasutamiseks allergikutele ning tundliku nahat\u00fc\u00fcbiga inimestele.<\/p>","protected":false},"featured_media":348652,"comment_status":"open","ping_status":"closed","template":"","meta":{"_acf_changed":false},"product_brand":[],"product_cat":[185,88],"product_tag":[],"class_list":{"0":"post-345578","1":"product","2":"type-product","3":"status-publish","4":"has-post-thumbnail","6":"product_cat-puhastus-ja-koristusvahendid","7":"product_cat-tarbekaubad-tooted","9":"first","10":"instock","11":"sale","12":"taxable","13":"shipping-taxable","14":"purchasable","15":"product-type-simple"},"supplier_id":null,"supplier_sku":"","barcode":null,"atum_controlled":true,"out_stock_date":null,"out_stock_threshold":null,"inheritable":false,"inbound_stock":0,"stock_on_hold":2,"sold_today":7,"sales_last_days":233,"reserved_stock":0,"customer_returns":0,"warehouse_damage":0,"lost_in_post":0,"other_logs":0,"out_stock_days":0,"lost_sales":0,"has_location":false,"update_date":"2026-02-12T14:46:12","atum_locations":[],"atum_stock_status":"instock","restock_status":false,"low_stock_amount":"","sales_update_date":"2026-02-12T14:46:03","calc_backorders":null,"acf":[],"_links":{"self":[{"href":"https:\/\/vbd.dev.sumena.ee\/en\/wp-json\/wp\/v2\/product\/345578","targetHints":{"allow":["GET"]}}],"collection":[{"href":"https:\/\/vbd.dev.sumena.ee\/en\/wp-json\/wp\/v2\/product"}],"about":[{"href":"https:\/\/vbd.dev.sumena.ee\/en\/wp-json\/wp\/v2\/types\/product"}],"replies":[{"embeddable":true,"href":"https:\/\/vbd.dev.sumena.ee\/en\/wp-json\/wp\/v2\/comments?post=345578"}],"wp:featuredmedia":[{"embeddable":true,"href":"https:\/\/vbd.dev.sumena.ee\/en\/wp-json\/wp\/v2\/media\/348652"}],"wp:attachment":[{"href":"https:\/\/vbd.dev.sumena.ee\/en\/wp-json\/wp\/v2\/media?parent=345578"}],"wp:term":[{"taxonomy":"product_brand","embeddable":true,"href":"https:\/\/vbd.dev.sumena.ee\/en\/wp-json\/wp\/v2\/product_brand?post=345578"},{"taxonomy":"product_cat","embeddable":true,"href":"https:\/\/vbd.dev.sumena.ee\/en\/wp-json\/wp\/v2\/product_cat?post=345578"},{"taxonomy":"product_tag","embeddable":true,"href":"https:\/\/vbd.dev.sumena.ee\/en\/wp-json\/wp\/v2\/product_tag?post=345578"}],"curies":[{"name":"wp","href":"https:\/\/api.w.org\/{rel}","templated":true}]}}