{"id":343482,"date":"2025-12-23T19:27:17","date_gmt":"2025-12-23T16:27:17","guid":{"rendered":"https:\/\/vbd.dev.sumena.ee\/?post_type=product&#038;p=343482"},"modified":"2026-02-11T11:37:40","modified_gmt":"2026-02-11T08:37:40","slug":"pulgakommid-piimasokolaadist-only-6x13g","status":"publish","type":"product","link":"https:\/\/vbd.dev.sumena.ee\/en\/product-2\/pulgakommid-piimasokolaadist-only-6x13g\/","title":{"rendered":"Pulgakommid piima\u0161okolaadist, ONLY, 6x13g"},"content":{"rendered":"<p>Piima\u0161okolaad (kakaokuivainet: v\u00e4hemalt 30% \/ piimakuivainet: v\u00e4hemalt 15%).<br \/>\nAllergeenid:<br \/>\nV\u00f5ib sisaldada mandlite ja sarapuup\u00e4hklite j\u00e4lgi.<br \/>\nIngredients:<br \/>\nsuhkur, kakaov\u00f5i, t\u00e4ispiimapulber, kakaomass, magus vadakupulber, emulgaator: E322 (SOJA); vaniljeekstrakt. V\u00f5ib sisaldada mandlite ja sarapuup\u00e4hklite j\u00e4lgi.<\/p>","protected":false},"excerpt":{"rendered":"<p>Piima\u0161okolaad (kakaokuivainet: v\u00e4hemalt 30% \/ piimakuivainet: v\u00e4hemalt 15%). Allergeenid: V\u00f5ib sisaldada mandlite ja sarapuup\u00e4hklite j\u00e4lgi. Koostisosad: suhkur, kakaov\u00f5i, t\u00e4ispiimapulber, kakaomass, magus vadakupulber, emulgaator: E322 (SOJA); vaniljeekstrakt. V\u00f5ib sisaldada mandlite ja sarapuup\u00e4hklite j\u00e4lgi.<\/p>","protected":false},"featured_media":343483,"comment_status":"open","ping_status":"closed","template":"","meta":{"_acf_changed":false},"product_brand":[],"product_cat":[77,78,84],"product_tag":[],"class_list":{"0":"post-343482","1":"product","2":"type-product","3":"status-publish","4":"has-post-thumbnail","6":"product_cat-maiustused","7":"product_cat-kommid","8":"product_cat-sokolaad","10":"first","11":"instock","12":"sale","13":"taxable","14":"shipping-taxable","15":"purchasable","16":"product-type-simple"},"supplier_id":null,"supplier_sku":"","barcode":null,"atum_controlled":true,"out_stock_date":null,"out_stock_threshold":null,"inheritable":false,"inbound_stock":0,"stock_on_hold":1,"sold_today":0,"sales_last_days":57,"reserved_stock":0,"customer_returns":0,"warehouse_damage":0,"lost_in_post":0,"other_logs":0,"out_stock_days":0,"lost_sales":0,"has_location":false,"update_date":"2026-02-12T09:46:39","atum_locations":[],"atum_stock_status":"instock","restock_status":true,"low_stock_amount":"","sales_update_date":"2026-02-12T09:46:29","calc_backorders":null,"acf":[],"_links":{"self":[{"href":"https:\/\/vbd.dev.sumena.ee\/en\/wp-json\/wp\/v2\/product\/343482","targetHints":{"allow":["GET"]}}],"collection":[{"href":"https:\/\/vbd.dev.sumena.ee\/en\/wp-json\/wp\/v2\/product"}],"about":[{"href":"https:\/\/vbd.dev.sumena.ee\/en\/wp-json\/wp\/v2\/types\/product"}],"replies":[{"embeddable":true,"href":"https:\/\/vbd.dev.sumena.ee\/en\/wp-json\/wp\/v2\/comments?post=343482"}],"wp:featuredmedia":[{"embeddable":true,"href":"https:\/\/vbd.dev.sumena.ee\/en\/wp-json\/wp\/v2\/media\/343483"}],"wp:attachment":[{"href":"https:\/\/vbd.dev.sumena.ee\/en\/wp-json\/wp\/v2\/media?parent=343482"}],"wp:term":[{"taxonomy":"product_brand","embeddable":true,"href":"https:\/\/vbd.dev.sumena.ee\/en\/wp-json\/wp\/v2\/product_brand?post=343482"},{"taxonomy":"product_cat","embeddable":true,"href":"https:\/\/vbd.dev.sumena.ee\/en\/wp-json\/wp\/v2\/product_cat?post=343482"},{"taxonomy":"product_tag","embeddable":true,"href":"https:\/\/vbd.dev.sumena.ee\/en\/wp-json\/wp\/v2\/product_tag?post=343482"}],"curies":[{"name":"wp","href":"https:\/\/api.w.org\/{rel}","templated":true}]}}