{"id":343468,"date":"2025-12-23T19:00:25","date_gmt":"2025-12-23T16:00:25","guid":{"rendered":"https:\/\/vbd.dev.sumena.ee\/?post_type=product&#038;p=343468"},"modified":"2026-02-09T12:17:54","modified_gmt":"2026-02-09T09:17:54","slug":"pralineekompvekid-munditaidisega-maitre-truffout-184-g","status":"publish","type":"product","link":"https:\/\/vbd.dev.sumena.ee\/en\/product-2\/pralineekompvekid-munditaidisega-maitre-truffout-184-g\/","title":{"rendered":"Pralineekompvekid m\u00fcndit\u00e4idisega, Ma\u00eetre Truffout, 184 g"},"content":{"rendered":"<p><strong>Koostisosad<\/strong>: suhkur, kakaomass, taimsed rasvad (palm, sheav\u00f5i; erinevates proportsioonides), fondant (suhkur, gl\u00fckoosisiirup, vesi), kakaov\u00f5i, t\u00e4ispiimapulber, l\u00f5ssipulber, invertsuhkur (suhkur, gl\u00fckoosi-fruktoosisiirup, vesi, happesuse regulaator: E330), rasvav\u00e4hendatud kakaopulber, niiskuses\u00e4ilitaja: E420; emulgaatorid: E322 (SOJA), E472c; magus vadakupulber (PIIMAST), looduslik m\u00fcndimaitse, stabilisaator: E1103; PIIMARASV, SARAPUUP\u00c4HKLIPAST, MAAP\u00c4HKLIPAST, s\u00e4ilitusaine: E202; vaniljeekstrakt.<\/p>","protected":false},"excerpt":{"rendered":"<p>Koostisosad: suhkur, kakaomass, taimsed rasvad (palm, sheav\u00f5i; erinevates proportsioonides), fondant (suhkur, gl\u00fckoosisiirup, vesi), kakaov\u00f5i, t\u00e4ispiimapulber, l\u00f5ssipulber, invertsuhkur (suhkur, gl\u00fckoosi-fruktoosisiirup, vesi, happesuse regulaator: E330), rasvav\u00e4hendatud kakaopulber, niiskuses\u00e4ilitaja: E420; emulgaatorid: E322 (SOJA), E472c; magus vadakupulber (PIIMAST), looduslik m\u00fcndimaitse, stabilisaator: E1103; PIIMARASV, SARAPUUP\u00c4HKLIPAST, MAAP\u00c4HKLIPAST, s\u00e4ilitusaine: E202; vaniljeekstrakt.<\/p>","protected":false},"featured_media":343469,"comment_status":"open","ping_status":"closed","template":"","meta":{"_acf_changed":false},"product_brand":[],"product_cat":[77,78],"product_tag":[],"class_list":{"0":"post-343468","1":"product","2":"type-product","3":"status-publish","4":"has-post-thumbnail","6":"product_cat-maiustused","7":"product_cat-kommid","9":"first","10":"instock","11":"sale","12":"taxable","13":"shipping-taxable","14":"purchasable","15":"product-type-simple"},"supplier_id":null,"supplier_sku":"","barcode":null,"atum_controlled":true,"out_stock_date":null,"out_stock_threshold":null,"inheritable":false,"inbound_stock":0,"stock_on_hold":0,"sold_today":0,"sales_last_days":9,"reserved_stock":0,"customer_returns":0,"warehouse_damage":0,"lost_in_post":0,"other_logs":0,"out_stock_days":0,"lost_sales":0,"has_location":false,"update_date":"2026-02-11T13:23:11","atum_locations":[],"atum_stock_status":"instock","restock_status":false,"low_stock_amount":"","sales_update_date":"2026-02-11T13:23:06","calc_backorders":null,"acf":[],"_links":{"self":[{"href":"https:\/\/vbd.dev.sumena.ee\/en\/wp-json\/wp\/v2\/product\/343468","targetHints":{"allow":["GET"]}}],"collection":[{"href":"https:\/\/vbd.dev.sumena.ee\/en\/wp-json\/wp\/v2\/product"}],"about":[{"href":"https:\/\/vbd.dev.sumena.ee\/en\/wp-json\/wp\/v2\/types\/product"}],"replies":[{"embeddable":true,"href":"https:\/\/vbd.dev.sumena.ee\/en\/wp-json\/wp\/v2\/comments?post=343468"}],"wp:featuredmedia":[{"embeddable":true,"href":"https:\/\/vbd.dev.sumena.ee\/en\/wp-json\/wp\/v2\/media\/343469"}],"wp:attachment":[{"href":"https:\/\/vbd.dev.sumena.ee\/en\/wp-json\/wp\/v2\/media?parent=343468"}],"wp:term":[{"taxonomy":"product_brand","embeddable":true,"href":"https:\/\/vbd.dev.sumena.ee\/en\/wp-json\/wp\/v2\/product_brand?post=343468"},{"taxonomy":"product_cat","embeddable":true,"href":"https:\/\/vbd.dev.sumena.ee\/en\/wp-json\/wp\/v2\/product_cat?post=343468"},{"taxonomy":"product_tag","embeddable":true,"href":"https:\/\/vbd.dev.sumena.ee\/en\/wp-json\/wp\/v2\/product_tag?post=343468"}],"curies":[{"name":"wp","href":"https:\/\/api.w.org\/{rel}","templated":true}]}}