{"id":343413,"date":"2025-12-23T15:04:40","date_gmt":"2025-12-23T12:04:40","guid":{"rendered":"https:\/\/vbd.dev.sumena.ee\/?post_type=product&#038;p=343413"},"modified":"2026-02-12T18:50:10","modified_gmt":"2026-02-12T15:50:10","slug":"vahvlirullid-sokolaadimaitselise-taidisega-oreo-54-g","status":"publish","type":"product","link":"https:\/\/vbd.dev.sumena.ee\/en\/product-2\/vahvlirullid-sokolaadimaitselise-taidisega-oreo-54-g\/","title":{"rendered":"Vahvlirullid \u0161okolaadimaitselise t\u00e4idisega, OREO, 54 g"},"content":{"rendered":"<p><strong>Koostisosad<\/strong>: suhkur, NISUjahu, h\u00fcdrogeenimata taime\u00f5lid (palmi, palmioleiini), kakaopulber, maltodekstriin, k\u00f5rge fruktoosisisaldusega siirup (maisit\u00e4rklis, dekstroos, sool, emulgaator: SOJAletsitiin), l\u00f5hna- ja maitseained, v\u00e4rvaine: E150c. V\u00f5ib sisaldada laktoosi j\u00e4\u00e4ke. Toitumisalane teave 100g. kohta. Energiasisaldus 2009kJ\/479kcal, rasvad19,3 g. millest k\u00fcllastunud rasvhapped 8,9g, s\u00fcsivesikud 71,8g, millest suhkrud 46,8g, valgud 5,9g, sool 0,19g<\/p>","protected":false},"excerpt":{"rendered":"<p>Koostisosad: suhkur, NISUjahu, h\u00fcdrogeenimata taime\u00f5lid (palmi, palmioleiini), kakaopulber, maltodekstriin, k\u00f5rge fruktoosisisaldusega siirup (maisit\u00e4rklis, dekstroos, sool, emulgaator: SOJAletsitiin), l\u00f5hna- ja maitseained, v\u00e4rvaine: E150c. V\u00f5ib sisaldada laktoosi j\u00e4\u00e4ke. Toitumisalane teave 100g. kohta. Energiasisaldus 2009kJ\/479kcal, rasvad19,3 g. millest k\u00fcllastunud rasvhapped 8,9g, s\u00fcsivesikud 71,8g, millest suhkrud 46,8g, valgud 5,9g, sool 0,19g<\/p>","protected":false},"featured_media":343414,"comment_status":"open","ping_status":"closed","template":"","meta":{"_acf_changed":false},"product_brand":[],"product_cat":[117,80],"product_tag":[],"class_list":{"0":"post-343413","1":"product","2":"type-product","3":"status-publish","4":"has-post-thumbnail","6":"product_cat-kupsised","7":"product_cat-snakid","9":"first","10":"instock","11":"sale","12":"taxable","13":"shipping-taxable","14":"purchasable","15":"product-type-simple"},"supplier_id":null,"supplier_sku":"","barcode":null,"atum_controlled":true,"out_stock_date":null,"out_stock_threshold":null,"inheritable":false,"inbound_stock":0,"stock_on_hold":10,"sold_today":3,"sales_last_days":169,"reserved_stock":0,"customer_returns":0,"warehouse_damage":0,"lost_in_post":0,"other_logs":0,"out_stock_days":0,"lost_sales":0,"has_location":false,"update_date":"2026-02-12T15:51:12","atum_locations":[],"atum_stock_status":"instock","restock_status":false,"low_stock_amount":"","sales_update_date":"2026-02-12T15:51:03","calc_backorders":null,"acf":[],"_links":{"self":[{"href":"https:\/\/vbd.dev.sumena.ee\/en\/wp-json\/wp\/v2\/product\/343413","targetHints":{"allow":["GET"]}}],"collection":[{"href":"https:\/\/vbd.dev.sumena.ee\/en\/wp-json\/wp\/v2\/product"}],"about":[{"href":"https:\/\/vbd.dev.sumena.ee\/en\/wp-json\/wp\/v2\/types\/product"}],"replies":[{"embeddable":true,"href":"https:\/\/vbd.dev.sumena.ee\/en\/wp-json\/wp\/v2\/comments?post=343413"}],"wp:featuredmedia":[{"embeddable":true,"href":"https:\/\/vbd.dev.sumena.ee\/en\/wp-json\/wp\/v2\/media\/343414"}],"wp:attachment":[{"href":"https:\/\/vbd.dev.sumena.ee\/en\/wp-json\/wp\/v2\/media?parent=343413"}],"wp:term":[{"taxonomy":"product_brand","embeddable":true,"href":"https:\/\/vbd.dev.sumena.ee\/en\/wp-json\/wp\/v2\/product_brand?post=343413"},{"taxonomy":"product_cat","embeddable":true,"href":"https:\/\/vbd.dev.sumena.ee\/en\/wp-json\/wp\/v2\/product_cat?post=343413"},{"taxonomy":"product_tag","embeddable":true,"href":"https:\/\/vbd.dev.sumena.ee\/en\/wp-json\/wp\/v2\/product_tag?post=343413"}],"curies":[{"name":"wp","href":"https:\/\/api.w.org\/{rel}","templated":true}]}}