{"id":342852,"date":"2025-12-22T16:04:12","date_gmt":"2025-12-22T13:04:12","guid":{"rendered":"https:\/\/vbd.dev.sumena.ee\/?post_type=product&#038;p=342852"},"modified":"2026-02-12T16:21:58","modified_gmt":"2026-02-12T13:21:58","slug":"palsam-varvitud-juustele-kookos-byphasse-400-ml","status":"publish","type":"product","link":"https:\/\/vbd.dev.sumena.ee\/en\/product-2\/palsam-varvitud-juustele-kookos-byphasse-400-ml\/","title":{"rendered":"Palsam v\u00e4rvitud juustele kookos, BYPHASSE, 400 ml"},"content":{"rendered":"<p>Taastav palsam v\u00e4rvitud juustele niisutab ja pehmendab juukseid neid raskeks muutmata. Kookosp\u00e4hkli kasulikud proteiinid kaitsevad v\u00e4lism\u00f5jude eest, parandavad juuksestruktuuri. Kookos\u00f5li sisaldab rasvhappeid, mis j\u00e4tavad juuste pinnale peene kaitsekile, mis parandab v\u00e4limust, v\u00e4hendades juuste katkemise ohtu.<br \/>\nTarbijatestide tulemused:<br \/>\nP\u00e4rast palsami kasutamist kinnitab 100%, et nende juuksed on rohkem lahti harutatud, eluj\u00f5ulisemad ja nende v\u00e4rv on paremini kaitstud.<br \/>\nP\u00e4rast maski kasutamist kinnitab 100%, et nende juuksed on intensiivselt taaselustatud, toidetud ja nende v\u00e4rv on paremini kaitstud.<\/p>","protected":false},"excerpt":{"rendered":"<p>Taastav palsam v\u00e4rvitud juustele niisutab ja pehmendab juukseid neid raskeks muutmata. Kookosp\u00e4hkli kasulikud proteiinid kaitsevad v\u00e4lism\u00f5jude eest, parandavad juuksestruktuuri. Kookos\u00f5li sisaldab rasvhappeid, mis j\u00e4tavad juuste pinnale peene kaitsekile, mis parandab v\u00e4limust, v\u00e4hendades juuste katkemise ohtu. Tarbijatestide tulemused: P\u00e4rast palsami kasutamist kinnitab 100%, et nende juuksed on rohkem lahti harutatud, eluj\u00f5ulisemad ja nende v\u00e4rv on paremini [&hellip;]<\/p>","protected":false},"featured_media":342853,"comment_status":"open","ping_status":"closed","template":"","meta":{"_acf_changed":false},"product_brand":[],"product_cat":[157,104],"product_tag":[],"class_list":{"0":"post-342852","1":"product","2":"type-product","3":"status-publish","4":"has-post-thumbnail","6":"product_cat-juuksehooldus","7":"product_cat-enesehooldus","9":"first","10":"instock","11":"sale","12":"taxable","13":"shipping-taxable","14":"purchasable","15":"product-type-simple"},"supplier_id":null,"supplier_sku":"","barcode":null,"atum_controlled":true,"out_stock_date":null,"out_stock_threshold":null,"inheritable":false,"inbound_stock":0,"stock_on_hold":2,"sold_today":1,"sales_last_days":57,"reserved_stock":0,"customer_returns":0,"warehouse_damage":0,"lost_in_post":0,"other_logs":0,"out_stock_days":0,"lost_sales":0,"has_location":false,"update_date":"2026-02-12T13:33:28","atum_locations":[],"atum_stock_status":"instock","restock_status":false,"low_stock_amount":"","sales_update_date":"2026-02-12T13:33:20","calc_backorders":null,"acf":[],"_links":{"self":[{"href":"https:\/\/vbd.dev.sumena.ee\/en\/wp-json\/wp\/v2\/product\/342852","targetHints":{"allow":["GET"]}}],"collection":[{"href":"https:\/\/vbd.dev.sumena.ee\/en\/wp-json\/wp\/v2\/product"}],"about":[{"href":"https:\/\/vbd.dev.sumena.ee\/en\/wp-json\/wp\/v2\/types\/product"}],"replies":[{"embeddable":true,"href":"https:\/\/vbd.dev.sumena.ee\/en\/wp-json\/wp\/v2\/comments?post=342852"}],"wp:featuredmedia":[{"embeddable":true,"href":"https:\/\/vbd.dev.sumena.ee\/en\/wp-json\/wp\/v2\/media\/342853"}],"wp:attachment":[{"href":"https:\/\/vbd.dev.sumena.ee\/en\/wp-json\/wp\/v2\/media?parent=342852"}],"wp:term":[{"taxonomy":"product_brand","embeddable":true,"href":"https:\/\/vbd.dev.sumena.ee\/en\/wp-json\/wp\/v2\/product_brand?post=342852"},{"taxonomy":"product_cat","embeddable":true,"href":"https:\/\/vbd.dev.sumena.ee\/en\/wp-json\/wp\/v2\/product_cat?post=342852"},{"taxonomy":"product_tag","embeddable":true,"href":"https:\/\/vbd.dev.sumena.ee\/en\/wp-json\/wp\/v2\/product_tag?post=342852"}],"curies":[{"name":"wp","href":"https:\/\/api.w.org\/{rel}","templated":true}]}}