{"id":342840,"date":"2025-12-22T14:54:47","date_gmt":"2025-12-22T11:54:47","guid":{"rendered":"https:\/\/vbd.dev.sumena.ee\/?post_type=product&#038;p=342840"},"modified":"2026-02-10T13:27:53","modified_gmt":"2026-02-10T10:27:53","slug":"juuksevarv-syoss-color-6-1-loomulik-tumeblond","status":"publish","type":"product","link":"https:\/\/vbd.dev.sumena.ee\/en\/product-2\/juuksevarv-syoss-color-6-1-loomulik-tumeblond\/","title":{"rendered":"Juuksev\u00e4rv Syoss Color 6-1 LOOMULIK TUMEBLOND"},"content":{"rendered":"<p>Syoss Permanent Coloration 61 Loomulik tumeblond erksad ja s\u00e4ravad ning kauap\u00fcsivad intensiivsed v\u00e4rvitoonid. Syoss Permanent Coloration p\u00fcsiv\u00e4rv tungib s\u00fcgavale juuksekiudu, tagades v\u00e4rviintensiivsuse kuni 10 n\u00e4dalaks ja kattes professionaalselt hallid juuksed. SalonPlex hooldav tehnoloogia taastab murdunud mikrosidemed juustes ja parandab juukseid seestpoolt, v\u00e4hendades kuni 80% juuste murdumist*. Syoss Color Guidance v\u00e4rvis\u00fcsteem aitab leida sinu juustele sobiva v\u00e4rvi. Selle p\u00fcsiv\u00e4rvi valikus on k\u00f5ik toonid keskmisest blondist kuni helepruunini. Sobib kohati hallidele kuni t\u00e4iesti hallidele juustele. Kasutamine: Enne kasutamist loe hoolikalt kasutusjuhendit ja ohutusinstruktsioone. 1. Enne v\u00e4rvimist aseta \u00f5lgadele riiete kaitseks r\u00e4tik ning j\u00e4lgi kella. 2. Ava v\u00e4rvituubi kork ning pigista selle sisu pealekandmispudelisse. Sulge pudel ja loksuta, kuni segu on \u00fchtlane. Alusta v\u00e4rvi pealekandmist. 3. Selle tooni (Loomulik tumeblond 61), puhul kanna v\u00e4rvisegu kuivadele, eelnevalt pesemata juustele ning j\u00e4ta 30 minutiks m\u00f5juma. J\u00e4rgi kasutusjuhendis toodud v\u00e4ljakasvu v\u00e4rvimise juhiseid. 4. Loputa korralikult, kuni loputusvesi on puhas. Seej\u00e4rel pese juuksed \u0161ampooniga. 5. Kanna m\u00e4rgadele juustele Syoss SalonPlex palsamit. Lase 2 minutit m\u00f5juda, seej\u00e4rel loputa. T\u00e4psemate juhiste saamiseks loe palun pakendis olevat kasutusjuhendit. Toote l\u00fchitutvustus: P\u00fcsiv\u00e4rv V\u00e4rviintensiivsus p\u00fcsib kuni 10 n\u00e4dalat 80% v\u00e4hem juuste murdumist* 100% halli katvus Kahjustuste vastane s\u00fcsteem *(vs hooldamata juuksed)<\/p>","protected":false},"excerpt":{"rendered":"<p>Syoss Permanent Coloration 61 Loomulik tumeblond erksad ja s\u00e4ravad ning kauap\u00fcsivad intensiivsed v\u00e4rvitoonid. Syoss Permanent Coloration p\u00fcsiv\u00e4rv tungib s\u00fcgavale juuksekiudu, tagades v\u00e4rviintensiivsuse kuni 10 n\u00e4dalaks ja kattes professionaalselt hallid juuksed. SalonPlex hooldav tehnoloogia taastab murdunud mikrosidemed juustes ja parandab juukseid seestpoolt, v\u00e4hendades kuni 80% juuste murdumist*. Syoss Color Guidance v\u00e4rvis\u00fcsteem aitab leida sinu juustele sobiva [&hellip;]<\/p>","protected":false},"featured_media":342841,"comment_status":"open","ping_status":"closed","template":"","meta":{"_acf_changed":false},"product_brand":[],"product_cat":[157,104],"product_tag":[],"class_list":{"0":"post-342840","1":"product","2":"type-product","3":"status-publish","4":"has-post-thumbnail","6":"product_cat-juuksehooldus","7":"product_cat-enesehooldus","9":"first","10":"instock","11":"sale","12":"taxable","13":"shipping-taxable","14":"purchasable","15":"product-type-simple"},"supplier_id":null,"supplier_sku":"","barcode":null,"atum_controlled":true,"out_stock_date":null,"out_stock_threshold":null,"inheritable":false,"inbound_stock":0,"stock_on_hold":0,"sold_today":0,"sales_last_days":4,"reserved_stock":0,"customer_returns":0,"warehouse_damage":0,"lost_in_post":0,"other_logs":0,"out_stock_days":0,"lost_sales":0,"has_location":false,"update_date":"2026-02-12T10:09:25","atum_locations":[],"atum_stock_status":"instock","restock_status":false,"low_stock_amount":"","sales_update_date":"2026-02-12T10:09:15","calc_backorders":null,"acf":[],"_links":{"self":[{"href":"https:\/\/vbd.dev.sumena.ee\/en\/wp-json\/wp\/v2\/product\/342840","targetHints":{"allow":["GET"]}}],"collection":[{"href":"https:\/\/vbd.dev.sumena.ee\/en\/wp-json\/wp\/v2\/product"}],"about":[{"href":"https:\/\/vbd.dev.sumena.ee\/en\/wp-json\/wp\/v2\/types\/product"}],"replies":[{"embeddable":true,"href":"https:\/\/vbd.dev.sumena.ee\/en\/wp-json\/wp\/v2\/comments?post=342840"}],"wp:featuredmedia":[{"embeddable":true,"href":"https:\/\/vbd.dev.sumena.ee\/en\/wp-json\/wp\/v2\/media\/342841"}],"wp:attachment":[{"href":"https:\/\/vbd.dev.sumena.ee\/en\/wp-json\/wp\/v2\/media?parent=342840"}],"wp:term":[{"taxonomy":"product_brand","embeddable":true,"href":"https:\/\/vbd.dev.sumena.ee\/en\/wp-json\/wp\/v2\/product_brand?post=342840"},{"taxonomy":"product_cat","embeddable":true,"href":"https:\/\/vbd.dev.sumena.ee\/en\/wp-json\/wp\/v2\/product_cat?post=342840"},{"taxonomy":"product_tag","embeddable":true,"href":"https:\/\/vbd.dev.sumena.ee\/en\/wp-json\/wp\/v2\/product_tag?post=342840"}],"curies":[{"name":"wp","href":"https:\/\/api.w.org\/{rel}","templated":true}]}}