{"id":342825,"date":"2025-12-22T12:56:49","date_gmt":"2025-12-22T09:56:49","guid":{"rendered":"https:\/\/vbd.dev.sumena.ee\/?post_type=product&#038;p=342825"},"modified":"2026-02-12T10:41:59","modified_gmt":"2026-02-12T07:41:59","slug":"sokolaadibatoonid-lion-choco-mini-234g","status":"publish","type":"product","link":"https:\/\/vbd.dev.sumena.ee\/en\/product-2\/sokolaadibatoonid-lion-choco-mini-234g\/","title":{"rendered":"\u0160okolaadibatoonid Lion Choco Mini 234g"},"content":{"rendered":"<p><strong data-start=\"129\" data-end=\"145\">Ingredients:<\/strong><br data-start=\"145\" data-end=\"148\" \/><strong data-start=\"148\" data-end=\"165\">Piima\u0161okolaad<\/strong> (37,2%) [suhkur, kakaov\u00f5i, <strong data-start=\"193\" data-end=\"212\">t\u00e4ispiimapulber<\/strong>, kakaomass, taimsed rasvad (palm, shea), <strong data-start=\"254\" data-end=\"270\">vadakutooted<\/strong>, emulgaator (letsitiinid)], gl\u00fckoosi-fruktoosisiirup, <strong data-start=\"325\" data-end=\"337\">nisujahu<\/strong>, magustatud <strong data-start=\"350\" data-end=\"365\">kondenspiim<\/strong> (<strong data-start=\"367\" data-end=\"379\">t\u00e4ispiim<\/strong>, suhkur), palmirasv, suhkur, <strong data-start=\"409\" data-end=\"425\">vadakutooted<\/strong>, maltodekstriin, <strong data-start=\"443\" data-end=\"458\">l\u00f5ssipulber<\/strong>, <strong data-start=\"460\" data-end=\"475\">nisut\u00e4rklis<\/strong>, sool, emulgaator (letsitiinid), kergitusaine (naatriumkarbonaadid), karamelliseeritud suhkur, paksendaja (karrageen).<\/p>","protected":false},"excerpt":{"rendered":"<p>Koostisosad:Piima\u0161okolaad (37,2%) [suhkur, kakaov\u00f5i, t\u00e4ispiimapulber, kakaomass, taimsed rasvad (palm, shea), vadakutooted, emulgaator (letsitiinid)], gl\u00fckoosi-fruktoosisiirup, nisujahu, magustatud kondenspiim (t\u00e4ispiim, suhkur), palmirasv, suhkur, vadakutooted, maltodekstriin, l\u00f5ssipulber, nisut\u00e4rklis, sool, emulgaator (letsitiinid), kergitusaine (naatriumkarbonaadid), karamelliseeritud suhkur, paksendaja (karrageen).<\/p>","protected":false},"featured_media":342826,"comment_status":"open","ping_status":"closed","template":"","meta":{"_acf_changed":false},"product_brand":[],"product_cat":[77,85],"product_tag":[],"class_list":{"0":"post-342825","1":"product","2":"type-product","3":"status-publish","4":"has-post-thumbnail","6":"product_cat-maiustused","7":"product_cat-batoonid","9":"first","10":"instock","11":"sale","12":"taxable","13":"shipping-taxable","14":"purchasable","15":"product-type-simple"},"supplier_id":null,"supplier_sku":"","barcode":null,"atum_controlled":true,"out_stock_date":null,"out_stock_threshold":null,"inheritable":false,"inbound_stock":0,"stock_on_hold":9,"sold_today":2,"sales_last_days":21,"reserved_stock":0,"customer_returns":0,"warehouse_damage":0,"lost_in_post":0,"other_logs":0,"out_stock_days":0,"lost_sales":0,"has_location":false,"update_date":"2026-02-12T10:50:09","atum_locations":[],"atum_stock_status":"instock","restock_status":false,"low_stock_amount":"","sales_update_date":"2026-02-12T10:49:59","calc_backorders":null,"acf":[],"_links":{"self":[{"href":"https:\/\/vbd.dev.sumena.ee\/en\/wp-json\/wp\/v2\/product\/342825","targetHints":{"allow":["GET"]}}],"collection":[{"href":"https:\/\/vbd.dev.sumena.ee\/en\/wp-json\/wp\/v2\/product"}],"about":[{"href":"https:\/\/vbd.dev.sumena.ee\/en\/wp-json\/wp\/v2\/types\/product"}],"replies":[{"embeddable":true,"href":"https:\/\/vbd.dev.sumena.ee\/en\/wp-json\/wp\/v2\/comments?post=342825"}],"wp:featuredmedia":[{"embeddable":true,"href":"https:\/\/vbd.dev.sumena.ee\/en\/wp-json\/wp\/v2\/media\/342826"}],"wp:attachment":[{"href":"https:\/\/vbd.dev.sumena.ee\/en\/wp-json\/wp\/v2\/media?parent=342825"}],"wp:term":[{"taxonomy":"product_brand","embeddable":true,"href":"https:\/\/vbd.dev.sumena.ee\/en\/wp-json\/wp\/v2\/product_brand?post=342825"},{"taxonomy":"product_cat","embeddable":true,"href":"https:\/\/vbd.dev.sumena.ee\/en\/wp-json\/wp\/v2\/product_cat?post=342825"},{"taxonomy":"product_tag","embeddable":true,"href":"https:\/\/vbd.dev.sumena.ee\/en\/wp-json\/wp\/v2\/product_tag?post=342825"}],"curies":[{"name":"wp","href":"https:\/\/api.w.org\/{rel}","templated":true}]}}