{"id":342815,"date":"2025-12-22T12:36:26","date_gmt":"2025-12-22T09:36:26","guid":{"rendered":"https:\/\/vbd.dev.sumena.ee\/?post_type=product&#038;p=342815"},"modified":"2026-02-12T18:23:19","modified_gmt":"2026-02-12T15:23:19","slug":"kupsised-tuc-juustu-100g","status":"publish","type":"product","link":"https:\/\/vbd.dev.sumena.ee\/en\/product-2\/kupsised-tuc-juustu-100g\/","title":{"rendered":"K\u00fcpsised TUC Juustu 100g"},"content":{"rendered":"<p>NISUJAHU, palmi\u00f5li, gl\u00fckoosisiirup, kergitusained (ammooniumkarbonaadid, naatriumkarbonaadid), sool, VADAKUPULBER(PIIMAST), l\u00f5hna-ja maitseaine, l\u00f5hna-ja maitsetugevdajad (E621, E627, E631), JUUSTUPULBER (0,1%) jahu parendaja (NAATRIUMMETABISULFIT), happed(sidrunhape, kaltsiumlaktaat). V\u00d5IB SISALDADA MUNE JA SOJA .<\/p>","protected":false},"excerpt":{"rendered":"<p>NISUJAHU, palmi\u00f5li, gl\u00fckoosisiirup, kergitusained (ammooniumkarbonaadid, naatriumkarbonaadid), sool, VADAKUPULBER(PIIMAST), l\u00f5hna-ja maitseaine, l\u00f5hna-ja maitsetugevdajad (E621, E627, E631), JUUSTUPULBER (0,1%) jahu parendaja (NAATRIUMMETABISULFIT), happed(sidrunhape, kaltsiumlaktaat). V\u00d5IB SISALDADA MUNE JA SOJA .<\/p>","protected":false},"featured_media":342816,"comment_status":"open","ping_status":"closed","template":"","meta":{"_acf_changed":false},"product_brand":[],"product_cat":[117,80],"product_tag":[],"class_list":{"0":"post-342815","1":"product","2":"type-product","3":"status-publish","4":"has-post-thumbnail","6":"product_cat-kupsised","7":"product_cat-snakid","9":"first","10":"instock","11":"sale","12":"taxable","13":"shipping-taxable","14":"purchasable","15":"product-type-simple"},"supplier_id":null,"supplier_sku":"","barcode":null,"atum_controlled":true,"out_stock_date":null,"out_stock_threshold":null,"inheritable":false,"inbound_stock":0,"stock_on_hold":45,"sold_today":35,"sales_last_days":249,"reserved_stock":0,"customer_returns":0,"warehouse_damage":0,"lost_in_post":0,"other_logs":0,"out_stock_days":0,"lost_sales":0,"has_location":false,"update_date":"2026-02-12T15:26:44","atum_locations":[],"atum_stock_status":"instock","restock_status":false,"low_stock_amount":"","sales_update_date":"2026-02-12T15:26:34","calc_backorders":null,"acf":[],"_links":{"self":[{"href":"https:\/\/vbd.dev.sumena.ee\/en\/wp-json\/wp\/v2\/product\/342815","targetHints":{"allow":["GET"]}}],"collection":[{"href":"https:\/\/vbd.dev.sumena.ee\/en\/wp-json\/wp\/v2\/product"}],"about":[{"href":"https:\/\/vbd.dev.sumena.ee\/en\/wp-json\/wp\/v2\/types\/product"}],"replies":[{"embeddable":true,"href":"https:\/\/vbd.dev.sumena.ee\/en\/wp-json\/wp\/v2\/comments?post=342815"}],"wp:featuredmedia":[{"embeddable":true,"href":"https:\/\/vbd.dev.sumena.ee\/en\/wp-json\/wp\/v2\/media\/342816"}],"wp:attachment":[{"href":"https:\/\/vbd.dev.sumena.ee\/en\/wp-json\/wp\/v2\/media?parent=342815"}],"wp:term":[{"taxonomy":"product_brand","embeddable":true,"href":"https:\/\/vbd.dev.sumena.ee\/en\/wp-json\/wp\/v2\/product_brand?post=342815"},{"taxonomy":"product_cat","embeddable":true,"href":"https:\/\/vbd.dev.sumena.ee\/en\/wp-json\/wp\/v2\/product_cat?post=342815"},{"taxonomy":"product_tag","embeddable":true,"href":"https:\/\/vbd.dev.sumena.ee\/en\/wp-json\/wp\/v2\/product_tag?post=342815"}],"curies":[{"name":"wp","href":"https:\/\/api.w.org\/{rel}","templated":true}]}}