{"id":342810,"date":"2025-12-22T12:27:30","date_gmt":"2025-12-22T09:27:30","guid":{"rendered":"https:\/\/vbd.dev.sumena.ee\/?post_type=product&#038;p=342810"},"modified":"2026-02-12T15:59:54","modified_gmt":"2026-02-12T12:59:54","slug":"hambapasta-sensodyne-cool-mint-75ml","status":"publish","type":"product","link":"https:\/\/vbd.dev.sumena.ee\/en\/product-2\/hambapasta-sensodyne-cool-mint-75ml\/","title":{"rendered":"Hambapasta Sensodyne Cool Mint 75ml"},"content":{"rendered":"<p>Iga hommik algab v\u00e4rskendava jahedusega, mis \u00e4ratab meeled. Sensodyne &#8220;Cool Mint&#8221; on rohkem kui lihtsalt hambapasta; see on mugavusrituaal neile, kelle naeratus vajab erilist hoolt. Alates esimesest puudutusest pakub see puhtuse tunnet, nagu v\u00e4rske tuuleiil, mis libiseb \u00fcle taeva.<br \/>\n\u00d5rn, kuid kindel piparm\u00fcndimaitse t\u00e4idab suu jahedusega, j\u00e4ttes maha kerguse ja enesekindluse tunde. See toimib s\u00fcgavalt, leevendades tundlikkust nagu hoolitsev k\u00e4si, mis kaitseb valu eest.<br \/>\nFluoriid tugevdab emaili nagu kilp, kaitstes hambaauke eest, ja selle \u00e4rritusvaba koostis teeb sellest liitlase isegi k\u00f5ige \u00f5rnematele naeratustele. Hambaarstide soovitatud, on see valik neile, kes hindavad tervist, mugavust ja v\u00e4rskust.<br \/>\nSensodyne Cool Mint Hambapasta ei ole lihtsalt hooldus. See on t\u00e4helepanu, mida tunned iga hinget\u00f5mbega.<\/p>","protected":false},"excerpt":{"rendered":"<p>Iga hommik algab v\u00e4rskendava jahedusega, mis \u00e4ratab meeled. Sensodyne &#8220;Cool Mint&#8221; on rohkem kui lihtsalt hambapasta; see on mugavusrituaal neile, kelle naeratus vajab erilist hoolt. Alates esimesest puudutusest pakub see puhtuse tunnet, nagu v\u00e4rske tuuleiil, mis libiseb \u00fcle taeva. \u00d5rn, kuid kindel piparm\u00fcndimaitse t\u00e4idab suu jahedusega, j\u00e4ttes maha kerguse ja enesekindluse tunde. See toimib s\u00fcgavalt, [&hellip;]<\/p>","protected":false},"featured_media":342811,"comment_status":"open","ping_status":"closed","template":"","meta":{"_acf_changed":false},"product_brand":[],"product_cat":[155,104],"product_tag":[],"class_list":{"0":"post-342810","1":"product","2":"type-product","3":"status-publish","4":"has-post-thumbnail","6":"product_cat-suuhooldus","7":"product_cat-enesehooldus","9":"first","10":"instock","11":"sale","12":"taxable","13":"shipping-taxable","14":"purchasable","15":"product-type-simple"},"supplier_id":null,"supplier_sku":"","barcode":null,"atum_controlled":true,"out_stock_date":null,"out_stock_threshold":null,"inheritable":false,"inbound_stock":0,"stock_on_hold":6,"sold_today":8,"sales_last_days":117,"reserved_stock":0,"customer_returns":0,"warehouse_damage":0,"lost_in_post":0,"other_logs":0,"out_stock_days":0,"lost_sales":0,"has_location":false,"update_date":"2026-02-12T15:31:42","atum_locations":[],"atum_stock_status":"instock","restock_status":false,"low_stock_amount":"","sales_update_date":"2026-02-12T15:31:33","calc_backorders":null,"acf":[],"_links":{"self":[{"href":"https:\/\/vbd.dev.sumena.ee\/en\/wp-json\/wp\/v2\/product\/342810","targetHints":{"allow":["GET"]}}],"collection":[{"href":"https:\/\/vbd.dev.sumena.ee\/en\/wp-json\/wp\/v2\/product"}],"about":[{"href":"https:\/\/vbd.dev.sumena.ee\/en\/wp-json\/wp\/v2\/types\/product"}],"replies":[{"embeddable":true,"href":"https:\/\/vbd.dev.sumena.ee\/en\/wp-json\/wp\/v2\/comments?post=342810"}],"wp:featuredmedia":[{"embeddable":true,"href":"https:\/\/vbd.dev.sumena.ee\/en\/wp-json\/wp\/v2\/media\/342811"}],"wp:attachment":[{"href":"https:\/\/vbd.dev.sumena.ee\/en\/wp-json\/wp\/v2\/media?parent=342810"}],"wp:term":[{"taxonomy":"product_brand","embeddable":true,"href":"https:\/\/vbd.dev.sumena.ee\/en\/wp-json\/wp\/v2\/product_brand?post=342810"},{"taxonomy":"product_cat","embeddable":true,"href":"https:\/\/vbd.dev.sumena.ee\/en\/wp-json\/wp\/v2\/product_cat?post=342810"},{"taxonomy":"product_tag","embeddable":true,"href":"https:\/\/vbd.dev.sumena.ee\/en\/wp-json\/wp\/v2\/product_tag?post=342810"}],"curies":[{"name":"wp","href":"https:\/\/api.w.org\/{rel}","templated":true}]}}