{"id":341850,"date":"2025-12-19T18:16:13","date_gmt":"2025-12-19T15:16:13","guid":{"rendered":"https:\/\/vbd.dev.sumena.ee\/?post_type=product&#038;p=341850"},"modified":"2026-02-11T23:27:29","modified_gmt":"2026-02-11T20:27:29","slug":"noudepesumasina-pesukapslid-finish-ultimate-92tk","status":"publish","type":"product","link":"https:\/\/vbd.dev.sumena.ee\/en\/product-2\/noudepesumasina-pesukapslid-finish-ultimate-92tk\/","title":{"rendered":"N\u00f5udepesumasina tabletid Finish Ultimate 92tk"},"content":{"rendered":"<div class=\"text\">\n<p>N\u00f5udepesumasina kapslid.<\/p>\n<p>Finish Powerball: pulber: eelleotav ja puhastav toime, et l\u00f5hustada ja eemaldada kleepunud toit; vedel Powerball: annab l\u00f5pliku s\u00e4ra; geel: rasva lahustav v\u00f5imas geel tuleb toime ka k\u00f5ige suurema mustusega. 14 toimet meie \u00fclimaks** puhtuseks ja s\u00e4raks.<\/p>\n<p>** vs Finish All in One Max tabletid.<\/p>\n<\/div>\n<p>&nbsp;<\/p>","protected":false},"excerpt":{"rendered":"<p>N\u00f5udepesumasina kapslid. Finish Powerball: pulber: eelleotav ja puhastav toime, et l\u00f5hustada ja eemaldada kleepunud toit; vedel Powerball: annab l\u00f5pliku s\u00e4ra; geel: rasva lahustav v\u00f5imas geel tuleb toime ka k\u00f5ige suurema mustusega. 14 toimet meie \u00fclimaks** puhtuseks ja s\u00e4raks. ** vs Finish All in One Max tabletid. &nbsp;<\/p>","protected":false},"featured_media":341855,"comment_status":"open","ping_status":"closed","template":"","meta":{"_acf_changed":false},"product_brand":[],"product_cat":[185,88],"product_tag":[],"class_list":{"0":"post-341850","1":"product","2":"type-product","3":"status-publish","4":"has-post-thumbnail","6":"product_cat-puhastus-ja-koristusvahendid","7":"product_cat-tarbekaubad-tooted","9":"first","10":"instock","11":"sale","12":"taxable","13":"shipping-taxable","14":"purchasable","15":"product-type-simple"},"supplier_id":null,"supplier_sku":"","barcode":null,"atum_controlled":true,"out_stock_date":null,"out_stock_threshold":null,"inheritable":false,"inbound_stock":0,"stock_on_hold":1,"sold_today":0,"sales_last_days":27,"reserved_stock":0,"customer_returns":0,"warehouse_damage":0,"lost_in_post":0,"other_logs":0,"out_stock_days":0,"lost_sales":0,"has_location":false,"update_date":"2026-02-12T14:55:50","atum_locations":[],"atum_stock_status":"instock","restock_status":true,"low_stock_amount":"","sales_update_date":"2026-02-12T14:55:40","calc_backorders":null,"acf":[],"_links":{"self":[{"href":"https:\/\/vbd.dev.sumena.ee\/en\/wp-json\/wp\/v2\/product\/341850","targetHints":{"allow":["GET"]}}],"collection":[{"href":"https:\/\/vbd.dev.sumena.ee\/en\/wp-json\/wp\/v2\/product"}],"about":[{"href":"https:\/\/vbd.dev.sumena.ee\/en\/wp-json\/wp\/v2\/types\/product"}],"replies":[{"embeddable":true,"href":"https:\/\/vbd.dev.sumena.ee\/en\/wp-json\/wp\/v2\/comments?post=341850"}],"wp:featuredmedia":[{"embeddable":true,"href":"https:\/\/vbd.dev.sumena.ee\/en\/wp-json\/wp\/v2\/media\/341855"}],"wp:attachment":[{"href":"https:\/\/vbd.dev.sumena.ee\/en\/wp-json\/wp\/v2\/media?parent=341850"}],"wp:term":[{"taxonomy":"product_brand","embeddable":true,"href":"https:\/\/vbd.dev.sumena.ee\/en\/wp-json\/wp\/v2\/product_brand?post=341850"},{"taxonomy":"product_cat","embeddable":true,"href":"https:\/\/vbd.dev.sumena.ee\/en\/wp-json\/wp\/v2\/product_cat?post=341850"},{"taxonomy":"product_tag","embeddable":true,"href":"https:\/\/vbd.dev.sumena.ee\/en\/wp-json\/wp\/v2\/product_tag?post=341850"}],"curies":[{"name":"wp","href":"https:\/\/api.w.org\/{rel}","templated":true}]}}