{"id":341824,"date":"2025-12-19T17:20:11","date_gmt":"2025-12-19T14:20:11","guid":{"rendered":"https:\/\/vbd.dev.sumena.ee\/?post_type=product&#038;p=341824"},"modified":"2026-02-12T12:39:07","modified_gmt":"2026-02-12T09:39:07","slug":"narimiskommid-hapud-puuviljamaitselised-skittles-152-g","status":"publish","type":"product","link":"https:\/\/vbd.dev.sumena.ee\/en\/product-2\/narimiskommid-hapud-puuviljamaitselised-skittles-152-g\/","title":{"rendered":"N\u00e4rimiskommid Hapud Puuviljamaitselised, SKITTLES, 152 g"},"content":{"rendered":"<h4 class=\"AttributeAccordion__heading\">Koostisosad<\/h4>\n<div class=\"Accordion__content\">\n<div class=\"AttributeAccordion__content\" data-v-28ef612e=\"\">Suhkur, gl\u00fckoosisiirup, palmirasv, hape E330, dekstriin, maltodekstriin, modifitseeritud t\u00e4rklis, l\u00f5hna- ja maitseained, toiduv\u00e4rvid E163, E162, E171, E100, E132, E160a, E133; happesuse regulaator E331, kontsentraadid (magusa kartuli, redise), glaseeraine E903.<\/div>\n<\/div>","protected":false},"excerpt":{"rendered":"<p>Koostisosad Suhkur, gl\u00fckoosisiirup, palmirasv, hape E330, dekstriin, maltodekstriin, modifitseeritud t\u00e4rklis, l\u00f5hna- ja maitseained, toiduv\u00e4rvid E163, E162, E171, E100, E132, E160a, E133; happesuse regulaator E331, kontsentraadid (magusa kartuli, redise), glaseeraine E903.<\/p>","protected":false},"featured_media":341826,"comment_status":"open","ping_status":"closed","template":"","meta":{"_acf_changed":false},"product_brand":[],"product_cat":[77,78],"product_tag":[],"class_list":{"0":"post-341824","1":"product","2":"type-product","3":"status-publish","4":"has-post-thumbnail","6":"product_cat-maiustused","7":"product_cat-kommid","9":"first","10":"instock","11":"sale","12":"taxable","13":"shipping-taxable","14":"purchasable","15":"product-type-simple"},"supplier_id":null,"supplier_sku":"","barcode":null,"atum_controlled":true,"out_stock_date":null,"out_stock_threshold":null,"inheritable":false,"inbound_stock":0,"stock_on_hold":10,"sold_today":2,"sales_last_days":98,"reserved_stock":0,"customer_returns":0,"warehouse_damage":0,"lost_in_post":0,"other_logs":0,"out_stock_days":0,"lost_sales":0,"has_location":false,"update_date":"2026-02-12T11:43:47","atum_locations":[],"atum_stock_status":"instock","restock_status":false,"low_stock_amount":"","sales_update_date":"2026-02-12T11:43:38","calc_backorders":null,"acf":[],"_links":{"self":[{"href":"https:\/\/vbd.dev.sumena.ee\/en\/wp-json\/wp\/v2\/product\/341824","targetHints":{"allow":["GET"]}}],"collection":[{"href":"https:\/\/vbd.dev.sumena.ee\/en\/wp-json\/wp\/v2\/product"}],"about":[{"href":"https:\/\/vbd.dev.sumena.ee\/en\/wp-json\/wp\/v2\/types\/product"}],"replies":[{"embeddable":true,"href":"https:\/\/vbd.dev.sumena.ee\/en\/wp-json\/wp\/v2\/comments?post=341824"}],"wp:featuredmedia":[{"embeddable":true,"href":"https:\/\/vbd.dev.sumena.ee\/en\/wp-json\/wp\/v2\/media\/341826"}],"wp:attachment":[{"href":"https:\/\/vbd.dev.sumena.ee\/en\/wp-json\/wp\/v2\/media?parent=341824"}],"wp:term":[{"taxonomy":"product_brand","embeddable":true,"href":"https:\/\/vbd.dev.sumena.ee\/en\/wp-json\/wp\/v2\/product_brand?post=341824"},{"taxonomy":"product_cat","embeddable":true,"href":"https:\/\/vbd.dev.sumena.ee\/en\/wp-json\/wp\/v2\/product_cat?post=341824"},{"taxonomy":"product_tag","embeddable":true,"href":"https:\/\/vbd.dev.sumena.ee\/en\/wp-json\/wp\/v2\/product_tag?post=341824"}],"curies":[{"name":"wp","href":"https:\/\/api.w.org\/{rel}","templated":true}]}}