{"id":341794,"date":"2025-12-19T16:26:38","date_gmt":"2025-12-19T13:26:38","guid":{"rendered":"https:\/\/vbd.dev.sumena.ee\/?post_type=product&#038;p=341794"},"modified":"2026-02-11T17:19:42","modified_gmt":"2026-02-11T14:19:42","slug":"vahvlirullid-kakaomaitselise-taidisega-tago-150-g","status":"publish","type":"product","link":"https:\/\/vbd.dev.sumena.ee\/en\/product-2\/vahvlirullid-kakaomaitselise-taidisega-tago-150-g\/","title":{"rendered":"Vahvlirullid kakaomaitselise t\u00e4idisega, TAGO, 150 g"},"content":{"rendered":"<p><strong>Koostisosad<\/strong>: Suhkur, palmirasv, <strong>nisujahu<\/strong>, vadakupulber (<strong>piim<\/strong>), l\u00f5ssipulber, madala rasvasisaldusega kakaopulber (3,2%), rapsi\u00f5li, v\u00e4rvaine: ammoniaagikaramell, l\u00f5hna- ja maitseained, sool<\/p>","protected":false},"excerpt":{"rendered":"<p>Koostisosad: Suhkur, palmirasv, nisujahu, vadakupulber (piim), l\u00f5ssipulber, madala rasvasisaldusega kakaopulber (3,2%), rapsi\u00f5li, v\u00e4rvaine: ammoniaagikaramell, l\u00f5hna- ja maitseained, sool<\/p>","protected":false},"featured_media":341795,"comment_status":"open","ping_status":"closed","template":"","meta":{"_acf_changed":false},"product_brand":[],"product_cat":[117,80,82],"product_tag":[],"class_list":{"0":"post-341794","1":"product","2":"type-product","3":"status-publish","4":"has-post-thumbnail","6":"product_cat-kupsised","7":"product_cat-snakid","8":"product_cat-muu-hea","10":"first","11":"instock","12":"sale","13":"taxable","14":"shipping-taxable","15":"purchasable","16":"product-type-simple"},"supplier_id":null,"supplier_sku":"","barcode":null,"atum_controlled":true,"out_stock_date":null,"out_stock_threshold":null,"inheritable":false,"inbound_stock":0,"stock_on_hold":3,"sold_today":0,"sales_last_days":50,"reserved_stock":0,"customer_returns":0,"warehouse_damage":0,"lost_in_post":0,"other_logs":0,"out_stock_days":0,"lost_sales":0,"has_location":false,"update_date":"2026-02-12T14:40:17","atum_locations":[],"atum_stock_status":"instock","restock_status":false,"low_stock_amount":"","sales_update_date":"2026-02-12T14:40:09","calc_backorders":null,"acf":[],"_links":{"self":[{"href":"https:\/\/vbd.dev.sumena.ee\/en\/wp-json\/wp\/v2\/product\/341794","targetHints":{"allow":["GET"]}}],"collection":[{"href":"https:\/\/vbd.dev.sumena.ee\/en\/wp-json\/wp\/v2\/product"}],"about":[{"href":"https:\/\/vbd.dev.sumena.ee\/en\/wp-json\/wp\/v2\/types\/product"}],"replies":[{"embeddable":true,"href":"https:\/\/vbd.dev.sumena.ee\/en\/wp-json\/wp\/v2\/comments?post=341794"}],"wp:featuredmedia":[{"embeddable":true,"href":"https:\/\/vbd.dev.sumena.ee\/en\/wp-json\/wp\/v2\/media\/341795"}],"wp:attachment":[{"href":"https:\/\/vbd.dev.sumena.ee\/en\/wp-json\/wp\/v2\/media?parent=341794"}],"wp:term":[{"taxonomy":"product_brand","embeddable":true,"href":"https:\/\/vbd.dev.sumena.ee\/en\/wp-json\/wp\/v2\/product_brand?post=341794"},{"taxonomy":"product_cat","embeddable":true,"href":"https:\/\/vbd.dev.sumena.ee\/en\/wp-json\/wp\/v2\/product_cat?post=341794"},{"taxonomy":"product_tag","embeddable":true,"href":"https:\/\/vbd.dev.sumena.ee\/en\/wp-json\/wp\/v2\/product_tag?post=341794"}],"curies":[{"name":"wp","href":"https:\/\/api.w.org\/{rel}","templated":true}]}}