{"id":341785,"date":"2025-12-19T16:14:17","date_gmt":"2025-12-19T13:14:17","guid":{"rendered":"https:\/\/vbd.dev.sumena.ee\/?post_type=product&#038;p=341785"},"modified":"2026-02-12T02:43:49","modified_gmt":"2026-02-11T23:43:49","slug":"hambapasta-pro-enamel-blend-a-med-75-ml","status":"publish","type":"product","link":"https:\/\/vbd.dev.sumena.ee\/en\/product-2\/hambapasta-pro-enamel-blend-a-med-75-ml\/","title":{"rendered":"Hambapasta Pro Enamel, BLEND-A-MED, 75 ml"},"content":{"rendered":"<p>Blend-a-Med Pro Zahnschmelz\/Enamel 75 ml on hambapasta, mis on loodud hamba \u00fcht k\u00f5ige olulisemat osa \u2013 emaili \u2013 silmas pidades. Igap\u00e4evane kokkupuude hapetega (nt toidust v\u00f5i jookidest), abrasiivne puhastamine v\u00f5i v\u00e4iksemad mikrokahjustused v\u00f5ivad p\u00f5hjustada emaili n\u00f5rgenemist ja suurenenud tundlikkust. See hambapasta kasutab spetsiaalseid koostisosi ja tehnoloogiat, mis aitavad taastada sileda ja tugevama hambapinna.<\/p>\n<p>Kaks korda p\u00e4evas (hommikul ja \u00f5htul) kasutatav toode aitab kaitsta emaili, v\u00e4ltida edasist kulumist ja aidata kaasa paremale suuh\u00fcgieenile. See sobib neile, kes m\u00f5istavad ennetamise olulisust ja soovivad valida hambapasta, mis pakub enamat kui lihtsalt tavalist puhastamist.<\/p>","protected":false},"excerpt":{"rendered":"<p>Blend-a-Med Pro Zahnschmelz\/Enamel 75 ml on hambapasta, mis on loodud hamba \u00fcht k\u00f5ige olulisemat osa \u2013 emaili \u2013 silmas pidades. Igap\u00e4evane kokkupuude hapetega (nt toidust v\u00f5i jookidest), abrasiivne puhastamine v\u00f5i v\u00e4iksemad mikrokahjustused v\u00f5ivad p\u00f5hjustada emaili n\u00f5rgenemist ja suurenenud tundlikkust. See hambapasta kasutab spetsiaalseid koostisosi ja tehnoloogiat, mis aitavad taastada sileda ja tugevama hambapinna. Kaks korda [&hellip;]<\/p>","protected":false},"featured_media":341786,"comment_status":"open","ping_status":"closed","template":"","meta":{"_acf_changed":false},"product_brand":[],"product_cat":[155,104],"product_tag":[],"class_list":{"0":"post-341785","1":"product","2":"type-product","3":"status-publish","4":"has-post-thumbnail","6":"product_cat-suuhooldus","7":"product_cat-enesehooldus","9":"first","10":"instock","11":"sale","12":"taxable","13":"shipping-taxable","14":"purchasable","15":"product-type-simple"},"supplier_id":null,"supplier_sku":"","barcode":null,"atum_controlled":true,"out_stock_date":null,"out_stock_threshold":null,"inheritable":false,"inbound_stock":0,"stock_on_hold":1,"sold_today":1,"sales_last_days":74,"reserved_stock":0,"customer_returns":0,"warehouse_damage":0,"lost_in_post":0,"other_logs":0,"out_stock_days":0,"lost_sales":0,"has_location":false,"update_date":"2026-02-12T15:31:51","atum_locations":[],"atum_stock_status":"instock","restock_status":false,"low_stock_amount":"","sales_update_date":"2026-02-12T15:31:42","calc_backorders":null,"acf":[],"_links":{"self":[{"href":"https:\/\/vbd.dev.sumena.ee\/en\/wp-json\/wp\/v2\/product\/341785","targetHints":{"allow":["GET"]}}],"collection":[{"href":"https:\/\/vbd.dev.sumena.ee\/en\/wp-json\/wp\/v2\/product"}],"about":[{"href":"https:\/\/vbd.dev.sumena.ee\/en\/wp-json\/wp\/v2\/types\/product"}],"replies":[{"embeddable":true,"href":"https:\/\/vbd.dev.sumena.ee\/en\/wp-json\/wp\/v2\/comments?post=341785"}],"wp:featuredmedia":[{"embeddable":true,"href":"https:\/\/vbd.dev.sumena.ee\/en\/wp-json\/wp\/v2\/media\/341786"}],"wp:attachment":[{"href":"https:\/\/vbd.dev.sumena.ee\/en\/wp-json\/wp\/v2\/media?parent=341785"}],"wp:term":[{"taxonomy":"product_brand","embeddable":true,"href":"https:\/\/vbd.dev.sumena.ee\/en\/wp-json\/wp\/v2\/product_brand?post=341785"},{"taxonomy":"product_cat","embeddable":true,"href":"https:\/\/vbd.dev.sumena.ee\/en\/wp-json\/wp\/v2\/product_cat?post=341785"},{"taxonomy":"product_tag","embeddable":true,"href":"https:\/\/vbd.dev.sumena.ee\/en\/wp-json\/wp\/v2\/product_tag?post=341785"}],"curies":[{"name":"wp","href":"https:\/\/api.w.org\/{rel}","templated":true}]}}