{"id":341769,"date":"2025-12-19T15:59:15","date_gmt":"2025-12-19T12:59:15","guid":{"rendered":"https:\/\/vbd.dev.sumena.ee\/?post_type=product&#038;p=341769"},"modified":"2026-02-12T11:39:57","modified_gmt":"2026-02-12T08:39:57","slug":"natsukomm-mint-mentos-3x38g","status":"publish","type":"product","link":"https:\/\/vbd.dev.sumena.ee\/en\/product-2\/natsukomm-mint-mentos-3x38g\/","title":{"rendered":"N\u00e4tsukomm Mint, MENTOS, 3x38g"},"content":{"rendered":"<p><strong>Koostisosad<\/strong>: Suhkur, gl\u00fckoosisiirup, t\u00e4ielikult h\u00fcdrogeenitud kookosp\u00e4hkli\u00f5li, t\u00e4rklis, looduslik piparm\u00fcndi l\u00f5hna-ja maitseaine, maltodekstriin, paksendajad (gellankummi, tsellulooskummi, kummiaraabik ), emulgaatori (rasvhapete sahharoosestrid), glaseerained (karnaubavaha, meevaha)<\/p>","protected":false},"excerpt":{"rendered":"<p>Koostisosad: Suhkur, gl\u00fckoosisiirup, t\u00e4ielikult h\u00fcdrogeenitud kookosp\u00e4hkli\u00f5li, t\u00e4rklis, looduslik piparm\u00fcndi l\u00f5hna-ja maitseaine, maltodekstriin, paksendajad (gellankummi, tsellulooskummi, kummiaraabik ), emulgaatori (rasvhapete sahharoosestrid), glaseerained (karnaubavaha, meevaha)<\/p>","protected":false},"featured_media":341770,"comment_status":"open","ping_status":"closed","template":"","meta":{"_acf_changed":false},"product_brand":[],"product_cat":[77,78],"product_tag":[],"class_list":{"0":"post-341769","1":"product","2":"type-product","3":"status-publish","4":"has-post-thumbnail","6":"product_cat-maiustused","7":"product_cat-kommid","9":"first","10":"instock","11":"sale","12":"taxable","13":"shipping-taxable","14":"purchasable","15":"product-type-simple"},"supplier_id":null,"supplier_sku":"","barcode":null,"atum_controlled":true,"out_stock_date":null,"out_stock_threshold":null,"inheritable":false,"inbound_stock":0,"stock_on_hold":1,"sold_today":1,"sales_last_days":83,"reserved_stock":0,"customer_returns":0,"warehouse_damage":0,"lost_in_post":0,"other_logs":0,"out_stock_days":0,"lost_sales":0,"has_location":false,"update_date":"2026-02-12T08:40:42","atum_locations":[],"atum_stock_status":"instock","restock_status":false,"low_stock_amount":"","sales_update_date":"2026-02-12T08:40:33","calc_backorders":null,"acf":[],"_links":{"self":[{"href":"https:\/\/vbd.dev.sumena.ee\/en\/wp-json\/wp\/v2\/product\/341769","targetHints":{"allow":["GET"]}}],"collection":[{"href":"https:\/\/vbd.dev.sumena.ee\/en\/wp-json\/wp\/v2\/product"}],"about":[{"href":"https:\/\/vbd.dev.sumena.ee\/en\/wp-json\/wp\/v2\/types\/product"}],"replies":[{"embeddable":true,"href":"https:\/\/vbd.dev.sumena.ee\/en\/wp-json\/wp\/v2\/comments?post=341769"}],"wp:featuredmedia":[{"embeddable":true,"href":"https:\/\/vbd.dev.sumena.ee\/en\/wp-json\/wp\/v2\/media\/341770"}],"wp:attachment":[{"href":"https:\/\/vbd.dev.sumena.ee\/en\/wp-json\/wp\/v2\/media?parent=341769"}],"wp:term":[{"taxonomy":"product_brand","embeddable":true,"href":"https:\/\/vbd.dev.sumena.ee\/en\/wp-json\/wp\/v2\/product_brand?post=341769"},{"taxonomy":"product_cat","embeddable":true,"href":"https:\/\/vbd.dev.sumena.ee\/en\/wp-json\/wp\/v2\/product_cat?post=341769"},{"taxonomy":"product_tag","embeddable":true,"href":"https:\/\/vbd.dev.sumena.ee\/en\/wp-json\/wp\/v2\/product_tag?post=341769"}],"curies":[{"name":"wp","href":"https:\/\/api.w.org\/{rel}","templated":true}]}}