{"id":341246,"date":"2025-12-17T17:49:12","date_gmt":"2025-12-17T14:49:12","guid":{"rendered":"https:\/\/vbd.dev.sumena.ee\/?post_type=product&#038;p=341246"},"modified":"2026-02-12T18:40:34","modified_gmt":"2026-02-12T15:40:34","slug":"oad-heinz-bbq-kastmes-390g","status":"publish","type":"product","link":"https:\/\/vbd.dev.sumena.ee\/en\/product-2\/oad-heinz-bbq-kastmes-390g\/","title":{"rendered":"Oad HEINZ BBQ kastmes 390g"},"content":{"rendered":"<p><strong data-start=\"118\" data-end=\"134\">Ingredients:<\/strong><br data-start=\"134\" data-end=\"137\" \/>Valged oad (52%), tomatid (37%), suhkur, kontsentreeritud tomatip\u00fcree, <strong data-start=\"208\" data-end=\"216\">odra<\/strong>linnase\u00e4\u00e4dikas, modifitseeritud maisit\u00e4rklis, suitsuaroomid (<strong data-start=\"277\" data-end=\"296\">sisaldavad nisu<\/strong>), sool, v\u00e4rvained (karamell ja paprikaekstrakt), v\u00fcrtsid, \u00fcrdiekstrakt.<\/p>","protected":false},"excerpt":{"rendered":"<p>Koostisosad:Valged oad (52%), tomatid (37%), suhkur, kontsentreeritud tomatip\u00fcree, odralinnase\u00e4\u00e4dikas, modifitseeritud maisit\u00e4rklis, suitsuaroomid (sisaldavad nisu), sool, v\u00e4rvained (karamell ja paprikaekstrakt), v\u00fcrtsid, \u00fcrdiekstrakt.<\/p>","protected":false},"featured_media":341248,"comment_status":"open","ping_status":"closed","template":"","meta":{"_acf_changed":false},"product_brand":[],"product_cat":[184],"product_tag":[],"class_list":{"0":"post-341246","1":"product","2":"type-product","3":"status-publish","4":"has-post-thumbnail","6":"product_cat-konservid-moosid","8":"first","9":"instock","10":"sale","11":"taxable","12":"shipping-taxable","13":"purchasable","14":"product-type-simple"},"supplier_id":null,"supplier_sku":"","barcode":null,"atum_controlled":true,"out_stock_date":null,"out_stock_threshold":null,"inheritable":false,"inbound_stock":0,"stock_on_hold":56,"sold_today":41,"sales_last_days":587,"reserved_stock":0,"customer_returns":0,"warehouse_damage":0,"lost_in_post":0,"other_logs":0,"out_stock_days":0,"lost_sales":0,"has_location":false,"update_date":"2026-02-12T15:50:02","atum_locations":[],"atum_stock_status":"instock","restock_status":true,"low_stock_amount":"","sales_update_date":"2026-02-12T15:49:53","calc_backorders":null,"acf":[],"_links":{"self":[{"href":"https:\/\/vbd.dev.sumena.ee\/en\/wp-json\/wp\/v2\/product\/341246","targetHints":{"allow":["GET"]}}],"collection":[{"href":"https:\/\/vbd.dev.sumena.ee\/en\/wp-json\/wp\/v2\/product"}],"about":[{"href":"https:\/\/vbd.dev.sumena.ee\/en\/wp-json\/wp\/v2\/types\/product"}],"replies":[{"embeddable":true,"href":"https:\/\/vbd.dev.sumena.ee\/en\/wp-json\/wp\/v2\/comments?post=341246"}],"wp:featuredmedia":[{"embeddable":true,"href":"https:\/\/vbd.dev.sumena.ee\/en\/wp-json\/wp\/v2\/media\/341248"}],"wp:attachment":[{"href":"https:\/\/vbd.dev.sumena.ee\/en\/wp-json\/wp\/v2\/media?parent=341246"}],"wp:term":[{"taxonomy":"product_brand","embeddable":true,"href":"https:\/\/vbd.dev.sumena.ee\/en\/wp-json\/wp\/v2\/product_brand?post=341246"},{"taxonomy":"product_cat","embeddable":true,"href":"https:\/\/vbd.dev.sumena.ee\/en\/wp-json\/wp\/v2\/product_cat?post=341246"},{"taxonomy":"product_tag","embeddable":true,"href":"https:\/\/vbd.dev.sumena.ee\/en\/wp-json\/wp\/v2\/product_tag?post=341246"}],"curies":[{"name":"wp","href":"https:\/\/api.w.org\/{rel}","templated":true}]}}