{"id":341234,"date":"2025-12-17T17:25:40","date_gmt":"2025-12-17T14:25:40","guid":{"rendered":"https:\/\/vbd.dev.sumena.ee\/?post_type=product&#038;p=341234"},"modified":"2026-02-12T17:13:11","modified_gmt":"2026-02-12T14:13:11","slug":"ketsup-pudliszki-mild-premium-470g","status":"publish","type":"product","link":"https:\/\/vbd.dev.sumena.ee\/en\/product-2\/ketsup-pudliszki-mild-premium-470g\/","title":{"rendered":"Ket\u0161up PUDLISZKI Mild Premium 470g"},"content":{"rendered":"<p><strong data-start=\"147\" data-end=\"163\">Ingredients:<\/strong><br data-start=\"163\" data-end=\"166\" \/>Tomatip\u00fcree 70%, suhkur, piiritus\u00e4\u00e4dikas, sool, modifitseeritud maisit\u00e4rklis, Cayenne\u2019i pipar 0,01%, v\u00fcrtsid, \u00fcrdid.<\/p>","protected":false},"excerpt":{"rendered":"<p>Koostisosad:Tomatip\u00fcree 70%, suhkur, piiritus\u00e4\u00e4dikas, sool, modifitseeritud maisit\u00e4rklis, Cayenne\u2019i pipar 0,01%, v\u00fcrtsid, \u00fcrdid.<\/p>","protected":false},"featured_media":341238,"comment_status":"open","ping_status":"closed","template":"","meta":{"_acf_changed":false},"product_brand":[],"product_cat":[83],"product_tag":[],"class_list":{"0":"post-341234","1":"product","2":"type-product","3":"status-publish","4":"has-post-thumbnail","6":"product_cat-kastmed-olid","8":"first","9":"instock","10":"sale","11":"taxable","12":"shipping-taxable","13":"purchasable","14":"product-type-simple"},"supplier_id":null,"supplier_sku":"","barcode":null,"atum_controlled":true,"out_stock_date":null,"out_stock_threshold":null,"inheritable":false,"inbound_stock":0,"stock_on_hold":29,"sold_today":36,"sales_last_days":259,"reserved_stock":0,"customer_returns":0,"warehouse_damage":0,"lost_in_post":0,"other_logs":0,"out_stock_days":0,"lost_sales":0,"has_location":false,"update_date":"2026-02-12T14:14:59","atum_locations":[],"atum_stock_status":"instock","restock_status":false,"low_stock_amount":"","sales_update_date":"2026-02-12T14:14:49","calc_backorders":null,"acf":[],"_links":{"self":[{"href":"https:\/\/vbd.dev.sumena.ee\/en\/wp-json\/wp\/v2\/product\/341234","targetHints":{"allow":["GET"]}}],"collection":[{"href":"https:\/\/vbd.dev.sumena.ee\/en\/wp-json\/wp\/v2\/product"}],"about":[{"href":"https:\/\/vbd.dev.sumena.ee\/en\/wp-json\/wp\/v2\/types\/product"}],"replies":[{"embeddable":true,"href":"https:\/\/vbd.dev.sumena.ee\/en\/wp-json\/wp\/v2\/comments?post=341234"}],"wp:featuredmedia":[{"embeddable":true,"href":"https:\/\/vbd.dev.sumena.ee\/en\/wp-json\/wp\/v2\/media\/341238"}],"wp:attachment":[{"href":"https:\/\/vbd.dev.sumena.ee\/en\/wp-json\/wp\/v2\/media?parent=341234"}],"wp:term":[{"taxonomy":"product_brand","embeddable":true,"href":"https:\/\/vbd.dev.sumena.ee\/en\/wp-json\/wp\/v2\/product_brand?post=341234"},{"taxonomy":"product_cat","embeddable":true,"href":"https:\/\/vbd.dev.sumena.ee\/en\/wp-json\/wp\/v2\/product_cat?post=341234"},{"taxonomy":"product_tag","embeddable":true,"href":"https:\/\/vbd.dev.sumena.ee\/en\/wp-json\/wp\/v2\/product_tag?post=341234"}],"curies":[{"name":"wp","href":"https:\/\/api.w.org\/{rel}","templated":true}]}}