{"id":341230,"date":"2025-12-17T17:15:46","date_gmt":"2025-12-17T14:15:46","guid":{"rendered":"https:\/\/vbd.dev.sumena.ee\/?post_type=product&#038;p=341230"},"modified":"2026-02-12T18:41:52","modified_gmt":"2026-02-12T15:41:52","slug":"karrikaste-heinz-mango-220ml","status":"publish","type":"product","link":"https:\/\/vbd.dev.sumena.ee\/en\/product-2\/karrikaste-heinz-mango-220ml\/","title":{"rendered":"Karrikaste HEINZ Mango 220ml"},"content":{"rendered":"<p><strong data-start=\"125\" data-end=\"141\">Ingredients:<\/strong><br data-start=\"141\" data-end=\"144\" \/>P\u00e4evalille\u00f5li 27%, vesi, piiritus\u00e4\u00e4dikas, suhkur, mangop\u00fcree 4%, <strong data-start=\"209\" data-end=\"225\">vadakupulber<\/strong> (<em data-start=\"227\" data-end=\"236\">piimast<\/em>), karripulber 2% (v\u00fcrtsisegu), sool, modifitseeritud maisit\u00e4rklis, v\u00fcrtsid (<strong data-start=\"313\" data-end=\"345\" data-is-only-node=\"\">sisaldab sinepit ja sellerit<\/strong>).<\/p>","protected":false},"excerpt":{"rendered":"<p>Koostisosad:P\u00e4evalille\u00f5li 27%, vesi, piiritus\u00e4\u00e4dikas, suhkur, mangop\u00fcree 4%, vadakupulber (piimast), karripulber 2% (v\u00fcrtsisegu), sool, modifitseeritud maisit\u00e4rklis, v\u00fcrtsid (sisaldab sinepit ja sellerit).<\/p>","protected":false},"featured_media":341232,"comment_status":"open","ping_status":"closed","template":"","meta":{"_acf_changed":false},"product_brand":[],"product_cat":[83],"product_tag":[],"class_list":{"0":"post-341230","1":"product","2":"type-product","3":"status-publish","4":"has-post-thumbnail","6":"product_cat-kastmed-olid","8":"first","9":"instock","10":"sale","11":"taxable","12":"shipping-taxable","13":"purchasable","14":"product-type-simple"},"supplier_id":null,"supplier_sku":"","barcode":null,"atum_controlled":true,"out_stock_date":null,"out_stock_threshold":null,"inheritable":false,"inbound_stock":0,"stock_on_hold":1,"sold_today":1,"sales_last_days":152,"reserved_stock":0,"customer_returns":0,"warehouse_damage":0,"lost_in_post":0,"other_logs":0,"out_stock_days":0,"lost_sales":0,"has_location":false,"update_date":"2026-02-12T15:43:07","atum_locations":[],"atum_stock_status":"instock","restock_status":false,"low_stock_amount":"","sales_update_date":"2026-02-12T15:42:57","calc_backorders":null,"acf":[],"_links":{"self":[{"href":"https:\/\/vbd.dev.sumena.ee\/en\/wp-json\/wp\/v2\/product\/341230","targetHints":{"allow":["GET"]}}],"collection":[{"href":"https:\/\/vbd.dev.sumena.ee\/en\/wp-json\/wp\/v2\/product"}],"about":[{"href":"https:\/\/vbd.dev.sumena.ee\/en\/wp-json\/wp\/v2\/types\/product"}],"replies":[{"embeddable":true,"href":"https:\/\/vbd.dev.sumena.ee\/en\/wp-json\/wp\/v2\/comments?post=341230"}],"wp:featuredmedia":[{"embeddable":true,"href":"https:\/\/vbd.dev.sumena.ee\/en\/wp-json\/wp\/v2\/media\/341232"}],"wp:attachment":[{"href":"https:\/\/vbd.dev.sumena.ee\/en\/wp-json\/wp\/v2\/media?parent=341230"}],"wp:term":[{"taxonomy":"product_brand","embeddable":true,"href":"https:\/\/vbd.dev.sumena.ee\/en\/wp-json\/wp\/v2\/product_brand?post=341230"},{"taxonomy":"product_cat","embeddable":true,"href":"https:\/\/vbd.dev.sumena.ee\/en\/wp-json\/wp\/v2\/product_cat?post=341230"},{"taxonomy":"product_tag","embeddable":true,"href":"https:\/\/vbd.dev.sumena.ee\/en\/wp-json\/wp\/v2\/product_tag?post=341230"}],"curies":[{"name":"wp","href":"https:\/\/api.w.org\/{rel}","templated":true}]}}