{"id":339575,"date":"2025-12-12T14:31:54","date_gmt":"2025-12-12T11:31:54","guid":{"rendered":"https:\/\/vbd.dev.sumena.ee\/?post_type=product&#038;p=339575"},"modified":"2026-02-12T17:44:54","modified_gmt":"2026-02-12T14:44:54","slug":"piimasokolaad-milka-pahklikreemiga-85g","status":"publish","type":"product","link":"https:\/\/vbd.dev.sumena.ee\/en\/product-2\/piimasokolaad-milka-pahklikreemiga-85g\/","title":{"rendered":"Piima\u0161okolaad Milka P\u00e4hklikreemiga 85g"},"content":{"rendered":"<p><strong>Ingredients:<\/strong><\/p>\n<p>Suhkur, kakaov\u00f5i, taimsed rasvad (palmituum, palm), l\u00f5ssipulber, vadakupulber (PIIMAST), kakaomass, sarapuup\u00e4hklipasta (5%), PIIMARASV, emulgaatorid (SOJAletsitiinid, E476), l\u00f5hna- ja maitseained. Piimakuivaine v\u00e4hemalt 18%.<\/p>\n<p>Allergeenid: piim, p\u00e4hklid, sojaoad<\/p>","protected":false},"excerpt":{"rendered":"<p>Koostisosad: Suhkur, kakaov\u00f5i, taimsed rasvad (palmituum, palm), l\u00f5ssipulber, vadakupulber (PIIMAST), kakaomass, sarapuup\u00e4hklipasta (5%), PIIMARASV, emulgaatorid (SOJAletsitiinid, E476), l\u00f5hna- ja maitseained. Piimakuivaine v\u00e4hemalt 18%. Allergeenid: piim, p\u00e4hklid, sojaoad<\/p>","protected":false},"featured_media":339577,"comment_status":"open","ping_status":"closed","template":"","meta":{"_acf_changed":false},"product_brand":[],"product_cat":[77,84],"product_tag":[],"class_list":{"0":"post-339575","1":"product","2":"type-product","3":"status-publish","4":"has-post-thumbnail","6":"product_cat-maiustused","7":"product_cat-sokolaad","9":"first","10":"instock","11":"sale","12":"taxable","13":"shipping-taxable","14":"purchasable","15":"product-type-simple"},"supplier_id":null,"supplier_sku":"","barcode":null,"atum_controlled":true,"out_stock_date":null,"out_stock_threshold":null,"inheritable":false,"inbound_stock":0,"stock_on_hold":5,"sold_today":3,"sales_last_days":126,"reserved_stock":0,"customer_returns":0,"warehouse_damage":0,"lost_in_post":0,"other_logs":0,"out_stock_days":0,"lost_sales":0,"has_location":false,"update_date":"2026-02-12T15:46:30","atum_locations":[],"atum_stock_status":"instock","restock_status":true,"low_stock_amount":"","sales_update_date":"2026-02-12T15:46:21","calc_backorders":null,"acf":[],"_links":{"self":[{"href":"https:\/\/vbd.dev.sumena.ee\/en\/wp-json\/wp\/v2\/product\/339575","targetHints":{"allow":["GET"]}}],"collection":[{"href":"https:\/\/vbd.dev.sumena.ee\/en\/wp-json\/wp\/v2\/product"}],"about":[{"href":"https:\/\/vbd.dev.sumena.ee\/en\/wp-json\/wp\/v2\/types\/product"}],"replies":[{"embeddable":true,"href":"https:\/\/vbd.dev.sumena.ee\/en\/wp-json\/wp\/v2\/comments?post=339575"}],"wp:featuredmedia":[{"embeddable":true,"href":"https:\/\/vbd.dev.sumena.ee\/en\/wp-json\/wp\/v2\/media\/339577"}],"wp:attachment":[{"href":"https:\/\/vbd.dev.sumena.ee\/en\/wp-json\/wp\/v2\/media?parent=339575"}],"wp:term":[{"taxonomy":"product_brand","embeddable":true,"href":"https:\/\/vbd.dev.sumena.ee\/en\/wp-json\/wp\/v2\/product_brand?post=339575"},{"taxonomy":"product_cat","embeddable":true,"href":"https:\/\/vbd.dev.sumena.ee\/en\/wp-json\/wp\/v2\/product_cat?post=339575"},{"taxonomy":"product_tag","embeddable":true,"href":"https:\/\/vbd.dev.sumena.ee\/en\/wp-json\/wp\/v2\/product_tag?post=339575"}],"curies":[{"name":"wp","href":"https:\/\/api.w.org\/{rel}","templated":true}]}}