{"id":339182,"date":"2025-12-11T14:00:20","date_gmt":"2025-12-11T11:00:20","guid":{"rendered":"https:\/\/vbd.dev.sumena.ee\/?post_type=product&#038;p=339182"},"modified":"2026-02-12T12:54:19","modified_gmt":"2026-02-12T09:54:19","slug":"deodorant-adidas-fresh-endurance-150ml","status":"publish","type":"product","link":"https:\/\/vbd.dev.sumena.ee\/en\/product-2\/deodorant-adidas-fresh-endurance-150ml\/","title":{"rendered":"Deodorant ADIDAS Fresh Endurance 150ml"},"content":{"rendered":"<p>Adidas Fresh Endurance spreideodorant sisaldab nutikat kehale reageerivat tehnoloogiat, mis kaitseb t\u00f5husalt niiskuse ja ebameeldiva l\u00f5hna eest 72 tundi. Deodorandi v\u00e4rskel ja aromaatsel l\u00f5hnal on elegantne puidune p\u00f5hi, mis julgustab sind tegutsema. Dermatoloogiliselt testitud ja vegan ning ei sisalda alkoholi.<\/p>","protected":false},"excerpt":{"rendered":"<p>Adidas Fresh Endurance spreideodorant sisaldab nutikat kehale reageerivat tehnoloogiat, mis kaitseb t\u00f5husalt niiskuse ja ebameeldiva l\u00f5hna eest 72 tundi. Deodorandi v\u00e4rskel ja aromaatsel l\u00f5hnal on elegantne puidune p\u00f5hi, mis julgustab sind tegutsema. Dermatoloogiliselt testitud ja vegan ning ei sisalda alkoholi.<\/p>","protected":false},"featured_media":339183,"comment_status":"open","ping_status":"closed","template":"","meta":{"_acf_changed":false},"product_brand":[],"product_cat":[158,104],"product_tag":[],"class_list":{"0":"post-339182","1":"product","2":"type-product","3":"status-publish","4":"has-post-thumbnail","6":"product_cat-kehahooldus","7":"product_cat-enesehooldus","9":"first","10":"instock","11":"sale","12":"taxable","13":"shipping-taxable","14":"purchasable","15":"product-type-simple"},"supplier_id":null,"supplier_sku":"","barcode":null,"atum_controlled":true,"out_stock_date":null,"out_stock_threshold":null,"inheritable":false,"inbound_stock":0,"stock_on_hold":15,"sold_today":15,"sales_last_days":63,"reserved_stock":0,"customer_returns":0,"warehouse_damage":0,"lost_in_post":0,"other_logs":0,"out_stock_days":0,"lost_sales":0,"has_location":false,"update_date":"2026-02-12T14:21:38","atum_locations":[],"atum_stock_status":"instock","restock_status":true,"low_stock_amount":"","sales_update_date":"2026-02-12T14:21:29","calc_backorders":null,"acf":[],"_links":{"self":[{"href":"https:\/\/vbd.dev.sumena.ee\/en\/wp-json\/wp\/v2\/product\/339182","targetHints":{"allow":["GET"]}}],"collection":[{"href":"https:\/\/vbd.dev.sumena.ee\/en\/wp-json\/wp\/v2\/product"}],"about":[{"href":"https:\/\/vbd.dev.sumena.ee\/en\/wp-json\/wp\/v2\/types\/product"}],"replies":[{"embeddable":true,"href":"https:\/\/vbd.dev.sumena.ee\/en\/wp-json\/wp\/v2\/comments?post=339182"}],"wp:featuredmedia":[{"embeddable":true,"href":"https:\/\/vbd.dev.sumena.ee\/en\/wp-json\/wp\/v2\/media\/339183"}],"wp:attachment":[{"href":"https:\/\/vbd.dev.sumena.ee\/en\/wp-json\/wp\/v2\/media?parent=339182"}],"wp:term":[{"taxonomy":"product_brand","embeddable":true,"href":"https:\/\/vbd.dev.sumena.ee\/en\/wp-json\/wp\/v2\/product_brand?post=339182"},{"taxonomy":"product_cat","embeddable":true,"href":"https:\/\/vbd.dev.sumena.ee\/en\/wp-json\/wp\/v2\/product_cat?post=339182"},{"taxonomy":"product_tag","embeddable":true,"href":"https:\/\/vbd.dev.sumena.ee\/en\/wp-json\/wp\/v2\/product_tag?post=339182"}],"curies":[{"name":"wp","href":"https:\/\/api.w.org\/{rel}","templated":true}]}}