{"id":338896,"date":"2025-12-10T23:13:37","date_gmt":"2025-12-10T20:13:37","guid":{"rendered":"https:\/\/vbd.dev.sumena.ee\/?post_type=product&#038;p=338896"},"modified":"2026-02-12T18:40:34","modified_gmt":"2026-02-12T15:40:34","slug":"kiirnuudlid-knorr-vurtsikas-kana-63g","status":"publish","type":"product","link":"https:\/\/vbd.dev.sumena.ee\/en\/product-2\/kiirnuudlid-knorr-vurtsikas-kana-63g\/","title":{"rendered":"Kiirnuudlid Knorr V\u00fcrtsikas Kana 63g"},"content":{"rendered":"<h4>Koostisosad<\/h4>\n<p>Nuudlid (82,5%): NISUJAHU, p\u00e4evalille\u00f5li (17%), sool, modifitseeritud t\u00e4rklis, suhkur, rapsi\u00f5li, kurkumiekstrakt. V\u00fcrtsisegu (17,5%): modifitseeritud t\u00e4rklis, tomatikontsentraat, l\u00f5hna- ja maitseained, maitsetugevdajad: naatriumglutamaat, naatriuminosinaat, naatriumguan\u00fclaat; karamellisiirup, p\u00e4rmiekstrakt, kaaliumkloriid, Cayenne&#8217;i pipar (3,2%), sibul, punane paprika (2,7%), maltodekstriin, k\u00fc\u00fcslauk, suitsutatud paprika (1,8%), kurkum, kanaliha (0,9%), sool, k\u00f6\u00f6mned, koriander (0,4%), antioks\u00fcdant: rosmariiniekstraktid. V\u00f5ib sisaldada RUKIST, OTRA, KAERA, MUNA, SOJA, PIIMA, SELLERIT ja SINEPIT.<\/p>","protected":false},"excerpt":{"rendered":"<p>Koostisosad Nuudlid (82,5%): NISUJAHU, p\u00e4evalille\u00f5li (17%), sool, modifitseeritud t\u00e4rklis, suhkur, rapsi\u00f5li, kurkumiekstrakt. V\u00fcrtsisegu (17,5%): modifitseeritud t\u00e4rklis, tomatikontsentraat, l\u00f5hna- ja maitseained, maitsetugevdajad: naatriumglutamaat, naatriuminosinaat, naatriumguan\u00fclaat; karamellisiirup, p\u00e4rmiekstrakt, kaaliumkloriid, Cayenne&#8217;i pipar (3,2%), sibul, punane paprika (2,7%), maltodekstriin, k\u00fc\u00fcslauk, suitsutatud paprika (1,8%), kurkum, kanaliha (0,9%), sool, k\u00f6\u00f6mned, koriander (0,4%), antioks\u00fcdant: rosmariiniekstraktid. V\u00f5ib sisaldada RUKIST, OTRA, KAERA, MUNA, SOJA, [&hellip;]<\/p>","protected":false},"featured_media":338899,"comment_status":"open","ping_status":"closed","template":"","meta":{"_acf_changed":false},"product_brand":[],"product_cat":[86],"product_tag":[],"class_list":{"0":"post-338896","1":"product","2":"type-product","3":"status-publish","4":"has-post-thumbnail","6":"product_cat-kuivained","8":"first","9":"instock","10":"sale","11":"taxable","12":"shipping-taxable","13":"purchasable","14":"product-type-simple"},"supplier_id":null,"supplier_sku":"","barcode":null,"atum_controlled":true,"out_stock_date":null,"out_stock_threshold":null,"inheritable":false,"inbound_stock":0,"stock_on_hold":201,"sold_today":120,"sales_last_days":2231,"reserved_stock":0,"customer_returns":0,"warehouse_damage":0,"lost_in_post":0,"other_logs":0,"out_stock_days":0,"lost_sales":0,"has_location":false,"update_date":"2026-02-12T15:40:51","atum_locations":[],"atum_stock_status":"instock","restock_status":false,"low_stock_amount":"","sales_update_date":"2026-02-12T15:40:42","calc_backorders":null,"acf":[],"_links":{"self":[{"href":"https:\/\/vbd.dev.sumena.ee\/en\/wp-json\/wp\/v2\/product\/338896","targetHints":{"allow":["GET"]}}],"collection":[{"href":"https:\/\/vbd.dev.sumena.ee\/en\/wp-json\/wp\/v2\/product"}],"about":[{"href":"https:\/\/vbd.dev.sumena.ee\/en\/wp-json\/wp\/v2\/types\/product"}],"replies":[{"embeddable":true,"href":"https:\/\/vbd.dev.sumena.ee\/en\/wp-json\/wp\/v2\/comments?post=338896"}],"wp:featuredmedia":[{"embeddable":true,"href":"https:\/\/vbd.dev.sumena.ee\/en\/wp-json\/wp\/v2\/media\/338899"}],"wp:attachment":[{"href":"https:\/\/vbd.dev.sumena.ee\/en\/wp-json\/wp\/v2\/media?parent=338896"}],"wp:term":[{"taxonomy":"product_brand","embeddable":true,"href":"https:\/\/vbd.dev.sumena.ee\/en\/wp-json\/wp\/v2\/product_brand?post=338896"},{"taxonomy":"product_cat","embeddable":true,"href":"https:\/\/vbd.dev.sumena.ee\/en\/wp-json\/wp\/v2\/product_cat?post=338896"},{"taxonomy":"product_tag","embeddable":true,"href":"https:\/\/vbd.dev.sumena.ee\/en\/wp-json\/wp\/v2\/product_tag?post=338896"}],"curies":[{"name":"wp","href":"https:\/\/api.w.org\/{rel}","templated":true}]}}