{"id":338435,"date":"2026-01-08T10:51:41","date_gmt":"2026-01-08T07:51:41","guid":{"rendered":"https:\/\/vbd.dev.sumena.ee\/?post_type=product&#038;p=338435"},"modified":"2026-02-12T16:06:10","modified_gmt":"2026-02-12T13:06:10","slug":"karastusjook-biola-bellini-1l","status":"publish","type":"product","link":"https:\/\/vbd.dev.sumena.ee\/en\/product-2\/karastusjook-biola-bellini-1l\/","title":{"rendered":"Karastusjook Biola Bellini 1L"},"content":{"rendered":"<div class=\"sc-57154a31-1 bxWYVV\" data-test-id=\"product-info-description\">\n<div>\n<div class=\"sc-57154a31-2 iJVmTs\">\n<p>Alkoholivaba tugevalt gaseeritud mahlajook Bellini<\/p>\n<\/div>\n<\/div>\n<\/div>\n<div class=\"sc-57154a31-1 bxWYVV\" data-test-id=\"product-info-country\">\n<div class=\"sc-57154a31-2 iJVmTs\">\n<p>Ingredients:<\/p>\n<p>vesi, gl\u00fckoosi-fruktoosisiirup ja suhkur (v\u00f5i suhkur)*, s\u00fcsihappegaas, kontsentraadist taastatud \u00f5unamahl (1, 0%), happe suse regulaator sidrunhape, emulsioon &#8211; h\u00e4gusti (vesi, stabilisaatorid: E414, E445, apelsini terpeenid, happesuse regulaator E330, s \u00e4ilitusaine E202, antioks\u00fcdant E320), looduslikud l\u00f5hna- ja maitseained: virsik, greip, vahuvein, v\u00e4rvained: kollane p\u00e4ikeseloojangu E110, ponso 4R E124, s\u00e4ilitusaine naatriumbensoaat.<\/p>\n<\/div>\n<\/div>","protected":false},"excerpt":{"rendered":"<p>Alkoholivaba tugevalt gaseeritud mahlajook Bellini Koostisosad: vesi, gl\u00fckoosi-fruktoosisiirup ja suhkur (v\u00f5i suhkur)*, s\u00fcsihappegaas, kontsentraadist taastatud \u00f5unamahl (1, 0%), happe suse regulaator sidrunhape, emulsioon &#8211; h\u00e4gusti (vesi, stabilisaatorid: E414, E445, apelsini terpeenid, happesuse regulaator E330, s \u00e4ilitusaine E202, antioks\u00fcdant E320), looduslikud l\u00f5hna- ja maitseained: virsik, greip, vahuvein, v\u00e4rvained: kollane p\u00e4ikeseloojangu E110, ponso 4R E124, s\u00e4ilitusaine naatriumbensoaat.<\/p>","protected":false},"featured_media":338436,"comment_status":"open","ping_status":"closed","template":"","meta":{"_acf_changed":false},"product_brand":[],"product_cat":[177,90,79],"product_tag":[],"class_list":{"0":"post-338435","1":"product","2":"type-product","3":"status-publish","4":"has-post-thumbnail","6":"product_cat-karastus-ja-energiajoogid-toonikud-muu","7":"product_cat-pant","8":"product_cat-joogid","10":"first","11":"instock","12":"sale","13":"taxable","14":"shipping-taxable","15":"purchasable","16":"product-type-simple"},"supplier_id":null,"supplier_sku":"","barcode":null,"atum_controlled":true,"out_stock_date":null,"out_stock_threshold":null,"inheritable":false,"inbound_stock":0,"stock_on_hold":20,"sold_today":29,"sales_last_days":141,"reserved_stock":0,"customer_returns":0,"warehouse_damage":0,"lost_in_post":0,"other_logs":0,"out_stock_days":0,"lost_sales":0,"has_location":false,"update_date":"2026-02-12T13:07:56","atum_locations":[],"atum_stock_status":"instock","restock_status":false,"low_stock_amount":"","sales_update_date":"2026-02-12T13:07:47","calc_backorders":null,"acf":[],"_links":{"self":[{"href":"https:\/\/vbd.dev.sumena.ee\/en\/wp-json\/wp\/v2\/product\/338435","targetHints":{"allow":["GET"]}}],"collection":[{"href":"https:\/\/vbd.dev.sumena.ee\/en\/wp-json\/wp\/v2\/product"}],"about":[{"href":"https:\/\/vbd.dev.sumena.ee\/en\/wp-json\/wp\/v2\/types\/product"}],"replies":[{"embeddable":true,"href":"https:\/\/vbd.dev.sumena.ee\/en\/wp-json\/wp\/v2\/comments?post=338435"}],"wp:featuredmedia":[{"embeddable":true,"href":"https:\/\/vbd.dev.sumena.ee\/en\/wp-json\/wp\/v2\/media\/338436"}],"wp:attachment":[{"href":"https:\/\/vbd.dev.sumena.ee\/en\/wp-json\/wp\/v2\/media?parent=338435"}],"wp:term":[{"taxonomy":"product_brand","embeddable":true,"href":"https:\/\/vbd.dev.sumena.ee\/en\/wp-json\/wp\/v2\/product_brand?post=338435"},{"taxonomy":"product_cat","embeddable":true,"href":"https:\/\/vbd.dev.sumena.ee\/en\/wp-json\/wp\/v2\/product_cat?post=338435"},{"taxonomy":"product_tag","embeddable":true,"href":"https:\/\/vbd.dev.sumena.ee\/en\/wp-json\/wp\/v2\/product_tag?post=338435"}],"curies":[{"name":"wp","href":"https:\/\/api.w.org\/{rel}","templated":true}]}}