{"id":336324,"date":"2026-02-11T18:44:18","date_gmt":"2026-02-11T15:44:18","guid":{"rendered":"https:\/\/vbd.dev.sumena.ee\/?post_type=product&#038;p=336324"},"modified":"2026-02-12T18:23:16","modified_gmt":"2026-02-12T15:23:16","slug":"kiirnuudlid-juustu-samyang-buldak-140-g","status":"publish","type":"product","link":"https:\/\/vbd.dev.sumena.ee\/en\/product-2\/kiirnuudlid-juustu-samyang-buldak-140-g\/","title":{"rendered":"Kiirnuudlid juustu Samyang, BULDAK, 140 g"},"content":{"rendered":"<p><strong>Koostisosad<\/strong>: Nuudlid 73,4% (NISUjahu (GLUTEN), modifitseeritud t\u00e4rklis (tapiokk), oliivipalmi\u00f5li, NISUGLUTEEN, sool, emulgaatorid (E422, E322 (SOJA)), paksendaja (E412), happesuse regulaatorid (E501, E500, E339, E330), antioks\u00fcdant (E306), rohelise tee l\u00f5hna- ja maitseaine, toiduv\u00e4rv (E101). Vedel kaste 23,9%: vesi, kana maitseaine (NISU, GLUTEEN, SOJA, SELLER), SOJAKASTE (vesi, SOJA, NISU (GLUTEEN), sool, fruktoos, maitsetugevdaja (E635), k\u00fc\u00fcslauk, l\u00f5hna- ja maitseained, happesuse regulaator (E270), magusaine (E960), suhkur, l\u00f5hna- ja maitseained (SOJA), SOJA\u00f5li, habanero pipra maitseaine (sisaldab paakumisvastane aine (E551), maitsetugevdajad (E631, E627), toiduv\u00e4rv (E160c) (SOJA)), t\u0161illipipra maitseaine (SOJA), sibul, k\u00fc\u00fcslauk, paksendaja (E1420), toiduv\u00e4rv (E160c), t\u0161illipipar, t\u0161illipipra ekstrakt, musta pipra pulber, karri v\u00fcrtsid (sisaldab maitsetugevdajat) (E635), happesuse regulaator (E270)). V\u00fcrtsid 2,7%: l\u00f5hna- ja maitseained (SOJA), r\u00f6stitud SEESAMID, r\u00f6stitud MEREVETIKAS. V\u00f5ib sisaldada V\u00c4IKIDE, MUNA, KALA, PIIMA, MOLLUSKITE, MAAP\u00c4HKLITE, SINEPI ja P\u00c4HKLITE j\u00e4lgi.<\/p>\n<div class=\" translation-block\"><strong>Valmistamisjuhend:<\/strong> pane pasta 600 ml keevasse vette ja keeda 5 minutit. J\u00e4tke 8 spl vett, lisage kaste ja v\u00fcrtsid, segage h\u00e4sti ja nautige.<\/div>","protected":false},"excerpt":{"rendered":"<p>Koostisosad: Nuudlid 73,4% (NISUjahu (GLUTEN), modifitseeritud t\u00e4rklis (tapiokk), oliivipalmi\u00f5li, NISUGLUTEEN, sool, emulgaatorid (E422, E322 (SOJA)), paksendaja (E412), happesuse regulaatorid (E501, E500, E339, E330), antioks\u00fcdant (E306), rohelise tee l\u00f5hna- ja maitseaine, toiduv\u00e4rv (E101). Vedel kaste 23,9%: vesi, kana maitseaine (NISU, GLUTEEN, SOJA, SELLER), SOJAKASTE (vesi, SOJA, NISU (GLUTEEN), sool, fruktoos, maitsetugevdaja (E635), k\u00fc\u00fcslauk, l\u00f5hna- ja maitseained, [&hellip;]<\/p>","protected":false},"featured_media":336325,"comment_status":"open","ping_status":"closed","template":"","meta":{"_acf_changed":false},"product_brand":[],"product_cat":[86,80,89],"product_tag":[],"class_list":{"0":"post-336324","1":"product","2":"type-product","3":"status-publish","4":"has-post-thumbnail","6":"product_cat-kuivained","7":"product_cat-snakid","8":"product_cat-valmistoit","10":"first","11":"instock","12":"sale","13":"taxable","14":"shipping-taxable","15":"purchasable","16":"product-type-simple"},"supplier_id":null,"supplier_sku":"","barcode":null,"atum_controlled":true,"out_stock_date":null,"out_stock_threshold":null,"inheritable":false,"inbound_stock":0,"stock_on_hold":699,"sold_today":778,"sales_last_days":2524,"reserved_stock":0,"customer_returns":0,"warehouse_damage":0,"lost_in_post":0,"other_logs":0,"out_stock_days":0,"lost_sales":0,"has_location":false,"update_date":"2026-02-12T15:23:43","atum_locations":[],"atum_stock_status":"instock","restock_status":false,"low_stock_amount":"","sales_update_date":"2026-02-12T15:23:34","calc_backorders":null,"acf":[],"_links":{"self":[{"href":"https:\/\/vbd.dev.sumena.ee\/en\/wp-json\/wp\/v2\/product\/336324","targetHints":{"allow":["GET"]}}],"collection":[{"href":"https:\/\/vbd.dev.sumena.ee\/en\/wp-json\/wp\/v2\/product"}],"about":[{"href":"https:\/\/vbd.dev.sumena.ee\/en\/wp-json\/wp\/v2\/types\/product"}],"replies":[{"embeddable":true,"href":"https:\/\/vbd.dev.sumena.ee\/en\/wp-json\/wp\/v2\/comments?post=336324"}],"wp:featuredmedia":[{"embeddable":true,"href":"https:\/\/vbd.dev.sumena.ee\/en\/wp-json\/wp\/v2\/media\/336325"}],"wp:attachment":[{"href":"https:\/\/vbd.dev.sumena.ee\/en\/wp-json\/wp\/v2\/media?parent=336324"}],"wp:term":[{"taxonomy":"product_brand","embeddable":true,"href":"https:\/\/vbd.dev.sumena.ee\/en\/wp-json\/wp\/v2\/product_brand?post=336324"},{"taxonomy":"product_cat","embeddable":true,"href":"https:\/\/vbd.dev.sumena.ee\/en\/wp-json\/wp\/v2\/product_cat?post=336324"},{"taxonomy":"product_tag","embeddable":true,"href":"https:\/\/vbd.dev.sumena.ee\/en\/wp-json\/wp\/v2\/product_tag?post=336324"}],"curies":[{"name":"wp","href":"https:\/\/api.w.org\/{rel}","templated":true}]}}