{"id":336322,"date":"2026-01-21T16:02:31","date_gmt":"2026-01-21T13:02:31","guid":{"rendered":"https:\/\/vbd.dev.sumena.ee\/?post_type=product&#038;p=336322"},"modified":"2026-02-12T18:50:10","modified_gmt":"2026-02-12T15:50:10","slug":"maisikropsud-veiseliha-maitselised-cheetos-50g","status":"publish","type":"product","link":"https:\/\/vbd.dev.sumena.ee\/en\/product-2\/maisikropsud-veiseliha-maitselised-cheetos-50g\/","title":{"rendered":"Maisikr\u00f5psud veiseliha maitselised, CHEETOS, 50g"},"content":{"rendered":"<p class=\" translation-block\"><strong>Koostisosad<\/strong>: maisimanna, rapsi\u00f5li, v\u00fcrtsisegu [maitseaine (Jaapani praemaitseaine), maitsetugevdaja (E635)], magusaine (E951*), v\u00e4rvaine (E150). Sisaldab PIIMA, SOJA, GLUTEENI. *Sisaldab fen\u00fc\u00fclalaniini allikat.<\/p>","protected":false},"excerpt":{"rendered":"<p class=\" translation-block\"><strong>Koostisosad<\/strong>: maisimanna, rapsi\u00f5li, v\u00fcrtsisegu [maitseaine (Jaapani praemaitseaine), maitsetugevdaja (E635)], magusaine (E951*), v\u00e4rvaine (E150). Sisaldab PIIMA, SOJA, GLUTEENI. *Sisaldab fen\u00fc\u00fclalaniini allikat.<\/p>","protected":false},"featured_media":336323,"comment_status":"open","ping_status":"closed","template":"","meta":{"_acf_changed":false},"product_brand":[],"product_cat":[87,80,81],"product_tag":[],"class_list":{"0":"post-336322","1":"product","2":"type-product","3":"status-publish","4":"has-post-thumbnail","6":"product_cat-meie-lemmikud","7":"product_cat-snakid","8":"product_cat-kropsud","10":"first","11":"instock","12":"sale","13":"taxable","14":"shipping-taxable","15":"purchasable","16":"product-type-simple"},"supplier_id":null,"supplier_sku":"","barcode":null,"atum_controlled":true,"out_stock_date":null,"out_stock_threshold":null,"inheritable":false,"inbound_stock":0,"stock_on_hold":32,"sold_today":68,"sales_last_days":947,"reserved_stock":0,"customer_returns":0,"warehouse_damage":0,"lost_in_post":0,"other_logs":0,"out_stock_days":0,"lost_sales":0,"has_location":false,"update_date":"2026-02-12T15:51:48","atum_locations":[],"atum_stock_status":"instock","restock_status":true,"low_stock_amount":"","sales_update_date":"2026-02-12T15:51:39","calc_backorders":null,"acf":[],"_links":{"self":[{"href":"https:\/\/vbd.dev.sumena.ee\/en\/wp-json\/wp\/v2\/product\/336322","targetHints":{"allow":["GET"]}}],"collection":[{"href":"https:\/\/vbd.dev.sumena.ee\/en\/wp-json\/wp\/v2\/product"}],"about":[{"href":"https:\/\/vbd.dev.sumena.ee\/en\/wp-json\/wp\/v2\/types\/product"}],"replies":[{"embeddable":true,"href":"https:\/\/vbd.dev.sumena.ee\/en\/wp-json\/wp\/v2\/comments?post=336322"}],"wp:featuredmedia":[{"embeddable":true,"href":"https:\/\/vbd.dev.sumena.ee\/en\/wp-json\/wp\/v2\/media\/336323"}],"wp:attachment":[{"href":"https:\/\/vbd.dev.sumena.ee\/en\/wp-json\/wp\/v2\/media?parent=336322"}],"wp:term":[{"taxonomy":"product_brand","embeddable":true,"href":"https:\/\/vbd.dev.sumena.ee\/en\/wp-json\/wp\/v2\/product_brand?post=336322"},{"taxonomy":"product_cat","embeddable":true,"href":"https:\/\/vbd.dev.sumena.ee\/en\/wp-json\/wp\/v2\/product_cat?post=336322"},{"taxonomy":"product_tag","embeddable":true,"href":"https:\/\/vbd.dev.sumena.ee\/en\/wp-json\/wp\/v2\/product_tag?post=336322"}],"curies":[{"name":"wp","href":"https:\/\/api.w.org\/{rel}","templated":true}]}}